{"id":2543,"date":"2024-12-20T14:06:00","date_gmt":"2024-12-20T12:06:00","guid":{"rendered":"https:\/\/cosmoflag.com\/?post_type=product&#038;p=2543"},"modified":"2025-08-12T21:18:42","modified_gmt":"2025-08-12T19:18:42","slug":"zielona-flaga","status":"publish","type":"product","link":"https:\/\/cosmoflag.com\/pl\/produkt\/zielona-flaga\/","title":{"rendered":"Zielona flaga"},"content":{"rendered":"<h3><strong>Cechy zielonej flagi<\/strong><\/h3>\n<p>Nasza zielona flaga jest wykonana z wysokiej jako\u015bci poliestru, co zapewnia doskona\u0142\u0105 trwa\u0142o\u015b\u0107 i d\u0142ugotrwa\u0142e u\u017cytkowanie w pomieszczeniach i na zewn\u0105trz. Zawiera metalowe przelotki u\u0142atwiaj\u0105ce instalacj\u0119 i bezpieczne mocowanie, nawet w trudnych warunkach pogodowych. Wymiary 90 x 150 cm\/35 x 59 cali zapewniaj\u0105 doskona\u0142\u0105 widoczno\u015b\u0107 na masztach, \u015bcianach lub podczas wydarze\u0144 i uroczysto\u015bci.<\/p>\n<h3><strong>Symbol wzrostu i bezpiecze\u0144stwa<\/strong><\/h3>\n<p>Zielona flaga jest cz\u0119sto kojarzona ze wzrostem, harmoni\u0105 i odnow\u0105, co czyni j\u0105 popularnym wyborem dla ruch\u00f3w ekologicznych i wydarze\u0144 zwi\u0105zanych ze zr\u00f3wnowa\u017conym rozwojem. W niekt\u00f3rych kontekstach symbolizuje r\u00f3wnie\u017c bezpiecze\u0144stwo, pok\u00f3j i zgod\u0119. Niezale\u017cnie od tego, czy jest u\u017cywana w wydarzeniach, celach sygnalizacyjnych czy dekoracyjnych, zielona flaga niesie uniwersalne przes\u0142anie pozytywno\u015bci i troski.<\/p>\n<h3><strong>Wszechstronno\u015b\u0107 u\u017cytkowania<\/strong><\/h3>\n<p>Idealna do kampanii \u015brodowiskowych, wydarze\u0144 kulturalnych, wystaw edukacyjnych lub osobistych kolekcji, zielona flaga jest znacz\u0105c\u0105 reprezentacj\u0105 natury i dobrego samopoczucia. Jej odporny na blakni\u0119cie kolor i solidna konstrukcja zapewniaj\u0105, \u017ce pozostanie \u017cywa i efektowna przez d\u0142ugi czas.<\/p>","protected":false},"excerpt":{"rendered":"<p>Flaga o wymiarach 150 x 90 cm z 2 solidnymi metalowymi przelotkami do bezpiecznego zawieszenia.<\/p>","protected":false},"featured_media":1580,"comment_status":"open","ping_status":"closed","template":"","meta":{"_gspb_post_css":"","iawp_total_views":35},"product_brand":[],"product_cat":[59],"product_tag":[],"class_list":{"0":"post-2543","1":"product","2":"type-product","3":"status-publish","4":"has-post-thumbnail","6":"product_cat-color-flags","8":"first","9":"instock","10":"sale","11":"shipping-taxable","12":"purchasable","13":"product-type-simple"},"_links":{"self":[{"href":"https:\/\/cosmoflag.com\/pl\/wp-json\/wp\/v2\/product\/2543","targetHints":{"allow":["GET"]}}],"collection":[{"href":"https:\/\/cosmoflag.com\/pl\/wp-json\/wp\/v2\/product"}],"about":[{"href":"https:\/\/cosmoflag.com\/pl\/wp-json\/wp\/v2\/types\/product"}],"replies":[{"embeddable":true,"href":"https:\/\/cosmoflag.com\/pl\/wp-json\/wp\/v2\/comments?post=2543"}],"wp:featuredmedia":[{"embeddable":true,"href":"https:\/\/cosmoflag.com\/pl\/wp-json\/wp\/v2\/media\/1580"}],"wp:attachment":[{"href":"https:\/\/cosmoflag.com\/pl\/wp-json\/wp\/v2\/media?parent=2543"}],"wp:term":[{"taxonomy":"product_brand","embeddable":true,"href":"https:\/\/cosmoflag.com\/pl\/wp-json\/wp\/v2\/product_brand?post=2543"},{"taxonomy":"product_cat","embeddable":true,"href":"https:\/\/cosmoflag.com\/pl\/wp-json\/wp\/v2\/product_cat?post=2543"},{"taxonomy":"product_tag","embeddable":true,"href":"https:\/\/cosmoflag.com\/pl\/wp-json\/wp\/v2\/product_tag?post=2543"}],"curies":[{"name":"wp","href":"https:\/\/api.w.org\/{rel}","templated":true}]}}