{"id":2540,"date":"2024-12-20T13:57:00","date_gmt":"2024-12-20T11:57:00","guid":{"rendered":"https:\/\/cosmoflag.com\/?post_type=product&#038;p=2540"},"modified":"2025-08-12T21:18:43","modified_gmt":"2025-08-12T19:18:43","slug":"fioletowa-flaga","status":"publish","type":"product","link":"https:\/\/cosmoflag.com\/pl\/produkt\/fioletowa-flaga\/","title":{"rendered":"Fioletowa flaga"},"content":{"rendered":"<h3><strong>Cechy fioletowej flagi<\/strong><\/h3>\n<p>Nasza fioletowa flaga jest wykonana z wysokiej jako\u015bci poliestru, zapewniaj\u0105c doskona\u0142\u0105 trwa\u0142o\u015b\u0107 i d\u0142ugotrwa\u0142e u\u017cytkowanie w pomieszczeniach i na zewn\u0105trz. Zawiera metalowe przelotki u\u0142atwiaj\u0105ce instalacj\u0119 i bezpieczne mocowanie, nawet w trudnych warunkach pogodowych. Wymiary 90 x 150 cm\/35 x 59 cali zapewniaj\u0105 doskona\u0142\u0105 widoczno\u015b\u0107 na s\u0142upach, \u015bcianach lub podczas wydarze\u0144 i uroczysto\u015bci.<\/p>\n<h3><strong>Symbol kr\u00f3lewsko\u015bci i indywidualno\u015bci<\/strong><\/h3>\n<p>Fioletowa flaga jest cz\u0119sto kojarzona z kr\u00f3lewsko\u015bci\u0105, luksusem i ambicj\u0105 ze wzgl\u0119du na jej historyczne znaczenie jako koloru zarezerwowanego dla szlachty. Mo\u017ce r\u00f3wnie\u017c symbolizowa\u0107 kreatywno\u015b\u0107, indywidualno\u015b\u0107 i duchowo\u015b\u0107. Niezale\u017cnie od tego, czy jest u\u017cywana w wydarzeniach osobistych, wystawach artystycznych czy dekoracjach, fioletowa flaga dodaje odrobin\u0119 wyj\u0105tkowo\u015bci i elegancji.<\/p>\n<h3><strong>Wszechstronno\u015b\u0107 u\u017cytkowania<\/strong><\/h3>\n<p>Idealna na wydarzenia artystyczne, uroczysto\u015bci kulturalne, wystawy edukacyjne lub do osobistych kolekcji, fioletowa flaga jest znacz\u0105c\u0105 reprezentacj\u0105 kreatywno\u015bci i dziedzictwa. Jej odporny na blakni\u0119cie kolor i solidna konstrukcja zapewniaj\u0105, \u017ce pozostanie \u017cywa i efektowna przez d\u0142ugi czas.<\/p>","protected":false},"excerpt":{"rendered":"<p>Flaga o wymiarach 150 x 90 cm z 2 solidnymi metalowymi przelotkami do bezpiecznego zawieszenia.<\/p>","protected":false},"featured_media":1631,"comment_status":"open","ping_status":"closed","template":"","meta":{"_gspb_post_css":"","iawp_total_views":38},"product_brand":[],"product_cat":[59],"product_tag":[],"class_list":{"0":"post-2540","1":"product","2":"type-product","3":"status-publish","4":"has-post-thumbnail","6":"product_cat-color-flags","8":"first","9":"instock","10":"sale","11":"shipping-taxable","12":"purchasable","13":"product-type-simple"},"_links":{"self":[{"href":"https:\/\/cosmoflag.com\/pl\/wp-json\/wp\/v2\/product\/2540","targetHints":{"allow":["GET"]}}],"collection":[{"href":"https:\/\/cosmoflag.com\/pl\/wp-json\/wp\/v2\/product"}],"about":[{"href":"https:\/\/cosmoflag.com\/pl\/wp-json\/wp\/v2\/types\/product"}],"replies":[{"embeddable":true,"href":"https:\/\/cosmoflag.com\/pl\/wp-json\/wp\/v2\/comments?post=2540"}],"wp:featuredmedia":[{"embeddable":true,"href":"https:\/\/cosmoflag.com\/pl\/wp-json\/wp\/v2\/media\/1631"}],"wp:attachment":[{"href":"https:\/\/cosmoflag.com\/pl\/wp-json\/wp\/v2\/media?parent=2540"}],"wp:term":[{"taxonomy":"product_brand","embeddable":true,"href":"https:\/\/cosmoflag.com\/pl\/wp-json\/wp\/v2\/product_brand?post=2540"},{"taxonomy":"product_cat","embeddable":true,"href":"https:\/\/cosmoflag.com\/pl\/wp-json\/wp\/v2\/product_cat?post=2540"},{"taxonomy":"product_tag","embeddable":true,"href":"https:\/\/cosmoflag.com\/pl\/wp-json\/wp\/v2\/product_tag?post=2540"}],"curies":[{"name":"wp","href":"https:\/\/api.w.org\/{rel}","templated":true}]}}