{"id":2538,"date":"2024-12-20T13:54:00","date_gmt":"2024-12-20T11:54:00","guid":{"rendered":"https:\/\/cosmoflag.com\/?post_type=product&#038;p=2538"},"modified":"2025-08-12T21:18:43","modified_gmt":"2025-08-12T19:18:43","slug":"czerwona-flaga","status":"publish","type":"product","link":"https:\/\/cosmoflag.com\/pl\/produkt\/czerwona-flaga\/","title":{"rendered":"Czerwona flaga"},"content":{"rendered":"<h3><strong>Cechy czerwonej flagi<\/strong><\/h3>\n<p>Nasza czerwona flaga jest wykonana z wysokiej jako\u015bci poliestru, co zapewnia doskona\u0142\u0105 trwa\u0142o\u015b\u0107 i d\u0142ugotrwa\u0142e u\u017cytkowanie w pomieszczeniach i na zewn\u0105trz. Posiada metalowe przelotki u\u0142atwiaj\u0105ce instalacj\u0119 i bezpieczne mocowanie, nawet w trudnych warunkach pogodowych. Flaga o wymiarach 90 x 150 cm\/35 x 59 cali zapewnia doskona\u0142\u0105 widoczno\u015b\u0107 na masztach, \u015bcianach lub podczas wydarze\u0144 i demonstracji.<\/p>\n<h3><strong>Symbol odwagi i ostrze\u017cenia<\/strong><\/h3>\n<p>Czerwona flaga ma wiele historycznych i wsp\u00f3\u0142czesnych znacze\u0144. Tradycyjnie u\u017cywana jako symbol rewolucji, buntu lub protestu, s\u0142u\u017cy r\u00f3wnie\u017c jako sygna\u0142 niebezpiecze\u0144stwa, ostrze\u017cenie lub zakaz w \u015brodowisku morskim i innych. Niezale\u017cnie od tego, czy reprezentuje odwa\u017cne o\u015bwiadczenie, czy s\u0142u\u017cy jako funkcjonalny znacznik, czerwona flaga ma silny wp\u0142yw wizualny i znaczenie.<\/p>\n<h3><strong>Wszechstronno\u015b\u0107 u\u017cytkowania<\/strong><\/h3>\n<p>Idealna do protest\u00f3w, wydarze\u0144 rewolucyjnych, sygna\u0142\u00f3w sportowych lub jako cz\u0119\u015b\u0107 kolekcji, czerwona flaga jest uderzaj\u0105c\u0105 reprezentacj\u0105 odwagi, czujno\u015bci lub wezwania do dzia\u0142ania. Odporny na blakni\u0119cie kolor i solidna konstrukcja sprawiaj\u0105, \u017ce flaga pozostaje \u017cywa i efektowna przez d\u0142ugi czas.<\/p>","protected":false},"excerpt":{"rendered":"<p>Flaga o wymiarach 150 x 90 cm z 2 solidnymi metalowymi przelotkami do bezpiecznego zawieszenia.<\/p>","protected":false},"featured_media":1645,"comment_status":"open","ping_status":"closed","template":"","meta":{"_gspb_post_css":"","iawp_total_views":50},"product_brand":[],"product_cat":[59],"product_tag":[],"class_list":{"0":"post-2538","1":"product","2":"type-product","3":"status-publish","4":"has-post-thumbnail","6":"product_cat-color-flags","8":"first","9":"instock","10":"sale","11":"shipping-taxable","12":"purchasable","13":"product-type-simple"},"_links":{"self":[{"href":"https:\/\/cosmoflag.com\/pl\/wp-json\/wp\/v2\/product\/2538","targetHints":{"allow":["GET"]}}],"collection":[{"href":"https:\/\/cosmoflag.com\/pl\/wp-json\/wp\/v2\/product"}],"about":[{"href":"https:\/\/cosmoflag.com\/pl\/wp-json\/wp\/v2\/types\/product"}],"replies":[{"embeddable":true,"href":"https:\/\/cosmoflag.com\/pl\/wp-json\/wp\/v2\/comments?post=2538"}],"wp:featuredmedia":[{"embeddable":true,"href":"https:\/\/cosmoflag.com\/pl\/wp-json\/wp\/v2\/media\/1645"}],"wp:attachment":[{"href":"https:\/\/cosmoflag.com\/pl\/wp-json\/wp\/v2\/media?parent=2538"}],"wp:term":[{"taxonomy":"product_brand","embeddable":true,"href":"https:\/\/cosmoflag.com\/pl\/wp-json\/wp\/v2\/product_brand?post=2538"},{"taxonomy":"product_cat","embeddable":true,"href":"https:\/\/cosmoflag.com\/pl\/wp-json\/wp\/v2\/product_cat?post=2538"},{"taxonomy":"product_tag","embeddable":true,"href":"https:\/\/cosmoflag.com\/pl\/wp-json\/wp\/v2\/product_tag?post=2538"}],"curies":[{"name":"wp","href":"https:\/\/api.w.org\/{rel}","templated":true}]}}