{"id":2536,"date":"2024-12-20T13:47:00","date_gmt":"2024-12-20T11:47:00","guid":{"rendered":"https:\/\/cosmoflag.com\/?post_type=product&#038;p=2536"},"modified":"2025-08-12T21:18:44","modified_gmt":"2025-08-12T19:18:44","slug":"zolta-flaga","status":"publish","type":"product","link":"https:\/\/cosmoflag.com\/pl\/produkt\/zolta-flaga\/","title":{"rendered":"\u017b\u00f3\u0142ta flaga"},"content":{"rendered":"<h3><strong>Cechy \u017c\u00f3\u0142tej flagi<\/strong><\/h3>\n<p>Nasza \u017c\u00f3\u0142ta flaga jest wykonana z wysokiej jako\u015bci poliestru, zapewniaj\u0105c doskona\u0142\u0105 trwa\u0142o\u015b\u0107 i d\u0142ugotrwa\u0142e u\u017cytkowanie zar\u00f3wno wewn\u0105trz, jak i na zewn\u0105trz. Zawiera metalowe przelotki u\u0142atwiaj\u0105ce instalacj\u0119 i bezpieczne mocowanie, nawet w trudnych warunkach pogodowych. Wymiary 90 x 150 cm\/35 x 59 cali sprawiaj\u0105, \u017ce flaga ta zapewnia doskona\u0142\u0105 widoczno\u015b\u0107 w r\u00f3\u017cnych zastosowaniach.<\/p>\n<h3><strong>Symbol pozytywnego nastawienia i komunikacji<\/strong><\/h3>\n<p>\u017b\u00f3\u0142ta flaga ma wiele znacze\u0144 w zale\u017cno\u015bci od kontekstu. Jest cz\u0119sto u\u017cywana w komunikacji morskiej jako sygna\u0142 \"kwarantanny\" lub do oznaczania litery \"Q\" w Mi\u0119dzynarodowym Kodzie Sygna\u0142owym. Na l\u0105dzie mo\u017ce symbolizowa\u0107 ostro\u017cno\u015b\u0107, ostrze\u017cenie, a nawet pozytywne nastawienie i optymizm podczas uroczysto\u015bci. Ta wszechstronna flaga jest idealna do wielu zastosowa\u0144.<\/p>\n<h3><strong>Wszechstronno\u015b\u0107 u\u017cytkowania<\/strong><\/h3>\n<p>Idealna do sygnalizacji morskiej, wydarze\u0144 sportowych, uroczysto\u015bci lub jako cz\u0119\u015b\u0107 kolekcji, \u017c\u00f3\u0142ta flaga jest praktycznym i znacz\u0105cym narz\u0119dziem komunikacji lub dekoracji. Jej odporny na blakni\u0119cie kolor i solidna konstrukcja zapewniaj\u0105, \u017ce pozostanie \u017cywa i efektowna przez d\u0142ugi czas.<\/p>","protected":false},"excerpt":{"rendered":"<p>Flaga o wymiarach 150 x 90 cm z 2 solidnymi metalowymi przelotkami do bezpiecznego zawieszenia.<\/p>","protected":false},"featured_media":1775,"comment_status":"open","ping_status":"closed","template":"","meta":{"_gspb_post_css":"","iawp_total_views":8},"product_brand":[],"product_cat":[59],"product_tag":[],"class_list":{"0":"post-2536","1":"product","2":"type-product","3":"status-publish","4":"has-post-thumbnail","6":"product_cat-color-flags","8":"first","9":"instock","10":"sale","11":"shipping-taxable","12":"purchasable","13":"product-type-simple"},"_links":{"self":[{"href":"https:\/\/cosmoflag.com\/pl\/wp-json\/wp\/v2\/product\/2536","targetHints":{"allow":["GET"]}}],"collection":[{"href":"https:\/\/cosmoflag.com\/pl\/wp-json\/wp\/v2\/product"}],"about":[{"href":"https:\/\/cosmoflag.com\/pl\/wp-json\/wp\/v2\/types\/product"}],"replies":[{"embeddable":true,"href":"https:\/\/cosmoflag.com\/pl\/wp-json\/wp\/v2\/comments?post=2536"}],"wp:featuredmedia":[{"embeddable":true,"href":"https:\/\/cosmoflag.com\/pl\/wp-json\/wp\/v2\/media\/1775"}],"wp:attachment":[{"href":"https:\/\/cosmoflag.com\/pl\/wp-json\/wp\/v2\/media?parent=2536"}],"wp:term":[{"taxonomy":"product_brand","embeddable":true,"href":"https:\/\/cosmoflag.com\/pl\/wp-json\/wp\/v2\/product_brand?post=2536"},{"taxonomy":"product_cat","embeddable":true,"href":"https:\/\/cosmoflag.com\/pl\/wp-json\/wp\/v2\/product_cat?post=2536"},{"taxonomy":"product_tag","embeddable":true,"href":"https:\/\/cosmoflag.com\/pl\/wp-json\/wp\/v2\/product_tag?post=2536"}],"curies":[{"name":"wp","href":"https:\/\/api.w.org\/{rel}","templated":true}]}}