{"id":2535,"date":"2024-12-20T13:34:00","date_gmt":"2024-12-20T11:34:00","guid":{"rendered":"https:\/\/cosmoflag.com\/?post_type=product&#038;p=2535"},"modified":"2025-08-12T21:18:44","modified_gmt":"2025-08-12T19:18:44","slug":"flaga-chrzescijanska","status":"publish","type":"product","link":"https:\/\/cosmoflag.com\/pl\/produkt\/flaga-chrzescijanska\/","title":{"rendered":"Flaga chrze\u015bcija\u0144ska"},"content":{"rendered":"<h3><strong>Cechy flagi chrze\u015bcija\u0144skiej<\/strong><\/h3>\n<p>Nasza flaga chrze\u015bcija\u0144ska jest wykonana z wysokiej jako\u015bci poliestru, co zapewnia jej doskona\u0142\u0105 trwa\u0142o\u015b\u0107 podczas d\u0142ugotrwa\u0142ego u\u017cytkowania w pomieszczeniach i na zewn\u0105trz. Zawiera metalowe przelotki u\u0142atwiaj\u0105ce instalacj\u0119 i bezpieczne mocowanie, nawet w trudnych warunkach pogodowych. Flaga o wymiarach 90 x 150 cm\/35 x 59 cali zapewnia doskona\u0142\u0105 widoczno\u015b\u0107 na s\u0142upach, \u015bcianach lub podczas zgromadze\u0144 i uroczysto\u015bci religijnych.<\/p>\n<h3><strong>Symbol wiary i jedno\u015bci<\/strong><\/h3>\n<p>Flaga chrze\u015bcija\u0144ska, wprowadzona po raz pierwszy w 1897 roku, charakteryzuje si\u0119 prostym, ale pot\u0119\u017cnym projektem. Bia\u0142e pole symbolizuje czysto\u015b\u0107 i pok\u00f3j, niebieski kanton symbolizuje wierno\u015b\u0107, a czerwony krzy\u017c w centrum oznacza ofiar\u0119 Jezusa Chrystusa. Ten uniwersalny emblemat jednoczy chrze\u015bcijan r\u00f3\u017cnych wyzna\u0144 i odzwierciedla podstawowe warto\u015bci wiary, mi\u0142o\u015bci i nadziei.<\/p>\n<h3><strong>Wszechstronno\u015b\u0107 u\u017cytkowania<\/strong><\/h3>\n<p>Idealna na wydarzenia ko\u015bcielne, ceremonie religijne, do cel\u00f3w edukacyjnych lub osobistych kolekcji, flaga chrze\u015bcija\u0144stwa jest znacz\u0105c\u0105 reprezentacj\u0105 wiary i oddania. Odporne na blakni\u0119cie kolory i solidna konstrukcja zapewniaj\u0105, \u017ce pozostanie \u017cywa i efektowna przez d\u0142ugi czas.<\/p>","protected":false},"excerpt":{"rendered":"<p>Flaga o wymiarach 150 x 90 cm z 2 solidnymi metalowymi przelotkami do bezpiecznego zawieszenia.<\/p>","protected":false},"featured_media":1042,"comment_status":"open","ping_status":"closed","template":"","meta":{"_gspb_post_css":"","iawp_total_views":21},"product_brand":[],"product_cat":[76],"product_tag":[],"class_list":{"0":"post-2535","1":"product","2":"type-product","3":"status-publish","4":"has-post-thumbnail","6":"product_cat-religious-flags","8":"first","9":"instock","10":"sale","11":"shipping-taxable","12":"purchasable","13":"product-type-simple"},"_links":{"self":[{"href":"https:\/\/cosmoflag.com\/pl\/wp-json\/wp\/v2\/product\/2535","targetHints":{"allow":["GET"]}}],"collection":[{"href":"https:\/\/cosmoflag.com\/pl\/wp-json\/wp\/v2\/product"}],"about":[{"href":"https:\/\/cosmoflag.com\/pl\/wp-json\/wp\/v2\/types\/product"}],"replies":[{"embeddable":true,"href":"https:\/\/cosmoflag.com\/pl\/wp-json\/wp\/v2\/comments?post=2535"}],"wp:featuredmedia":[{"embeddable":true,"href":"https:\/\/cosmoflag.com\/pl\/wp-json\/wp\/v2\/media\/1042"}],"wp:attachment":[{"href":"https:\/\/cosmoflag.com\/pl\/wp-json\/wp\/v2\/media?parent=2535"}],"wp:term":[{"taxonomy":"product_brand","embeddable":true,"href":"https:\/\/cosmoflag.com\/pl\/wp-json\/wp\/v2\/product_brand?post=2535"},{"taxonomy":"product_cat","embeddable":true,"href":"https:\/\/cosmoflag.com\/pl\/wp-json\/wp\/v2\/product_cat?post=2535"},{"taxonomy":"product_tag","embeddable":true,"href":"https:\/\/cosmoflag.com\/pl\/wp-json\/wp\/v2\/product_tag?post=2535"}],"curies":[{"name":"wp","href":"https:\/\/api.w.org\/{rel}","templated":true}]}}