{"id":2534,"date":"2024-12-20T13:30:00","date_gmt":"2024-12-20T11:30:00","guid":{"rendered":"https:\/\/cosmoflag.com\/?post_type=product&#038;p=2534"},"modified":"2025-08-12T21:18:44","modified_gmt":"2025-08-12T19:18:44","slug":"flaga-buddyjska","status":"publish","type":"product","link":"https:\/\/cosmoflag.com\/pl\/produkt\/flaga-buddyjska\/","title":{"rendered":"Flaga buddyjska"},"content":{"rendered":"<h3><strong>Cechy flagi buddyjskiej<\/strong><\/h3>\n<p>Nasza flaga buddyjska jest wykonana z wysokiej jako\u015bci poliestru, kt\u00f3ry zapewnia doskona\u0142\u0105 trwa\u0142o\u015b\u0107 i d\u0142ugotrwa\u0142e u\u017cytkowanie w pomieszczeniach i na zewn\u0105trz. Posiada metalowe przelotki u\u0142atwiaj\u0105ce instalacj\u0119 i bezpieczne mocowanie, nawet w trudnych warunkach pogodowych. Mierz\u0105ca 90 x 150 cm\/35 x 59 cali flaga zapewnia doskona\u0142\u0105 widoczno\u015b\u0107 na s\u0142upach, \u015bcianach lub podczas duchowych wydarze\u0144 i uroczysto\u015bci.<\/p>\n<h3><strong>Symbol pokoju i duchowo\u015bci<\/strong><\/h3>\n<p>Flaga buddyjska, wprowadzona po raz pierwszy w 1885 roku i powszechnie u\u017cywana jako uniwersalny symbol buddyzmu, sk\u0142ada si\u0119 z sze\u015bciu pionowych pas\u00f3w: niebieskiego oznaczaj\u0105cego pok\u00f3j, \u017c\u00f3\u0142tego oznaczaj\u0105cego m\u0105dro\u015b\u0107, czerwonego oznaczaj\u0105cego b\u0142ogos\u0142awie\u0144stwa, bia\u0142ego oznaczaj\u0105cego czysto\u015b\u0107 i pomara\u0144czowego oznaczaj\u0105cego o\u015bwiecenie. Ostatni pas \u0142\u0105czy wszystkie kolory, symbolizuj\u0105c uniwersalno\u015b\u0107 Dharmy. Flaga ta jest g\u0142\u0119bok\u0105 reprezentacj\u0105 harmonii, tolerancji i duchowego rozwoju.<\/p>\n<h3><strong>Wszechstronno\u015b\u0107 u\u017cytkowania<\/strong><\/h3>\n<p>Idealna na wydarzenia duchowe, do o\u015brodk\u00f3w medytacyjnych, na uroczysto\u015bci kulturalne lub do osobistych kolekcji, flaga buddyzmu jest znacz\u0105c\u0105 reprezentacj\u0105 buddyjskich nauk i warto\u015bci. Odporne na blakni\u0119cie kolory i solidna konstrukcja sprawiaj\u0105, \u017ce flaga pozostaje \u017cywa i efektowna przez d\u0142ugi czas.<\/p>","protected":false},"excerpt":{"rendered":"<p>Flaga o wymiarach 150 x 90 cm z 2 solidnymi metalowymi przelotkami do bezpiecznego zawieszenia.<\/p>","protected":false},"featured_media":1023,"comment_status":"open","ping_status":"closed","template":"","meta":{"_gspb_post_css":"","iawp_total_views":8},"product_brand":[],"product_cat":[76],"product_tag":[],"class_list":{"0":"post-2534","1":"product","2":"type-product","3":"status-publish","4":"has-post-thumbnail","6":"product_cat-religious-flags","8":"first","9":"instock","10":"sale","11":"shipping-taxable","12":"purchasable","13":"product-type-simple"},"_links":{"self":[{"href":"https:\/\/cosmoflag.com\/pl\/wp-json\/wp\/v2\/product\/2534","targetHints":{"allow":["GET"]}}],"collection":[{"href":"https:\/\/cosmoflag.com\/pl\/wp-json\/wp\/v2\/product"}],"about":[{"href":"https:\/\/cosmoflag.com\/pl\/wp-json\/wp\/v2\/types\/product"}],"replies":[{"embeddable":true,"href":"https:\/\/cosmoflag.com\/pl\/wp-json\/wp\/v2\/comments?post=2534"}],"wp:featuredmedia":[{"embeddable":true,"href":"https:\/\/cosmoflag.com\/pl\/wp-json\/wp\/v2\/media\/1023"}],"wp:attachment":[{"href":"https:\/\/cosmoflag.com\/pl\/wp-json\/wp\/v2\/media?parent=2534"}],"wp:term":[{"taxonomy":"product_brand","embeddable":true,"href":"https:\/\/cosmoflag.com\/pl\/wp-json\/wp\/v2\/product_brand?post=2534"},{"taxonomy":"product_cat","embeddable":true,"href":"https:\/\/cosmoflag.com\/pl\/wp-json\/wp\/v2\/product_cat?post=2534"},{"taxonomy":"product_tag","embeddable":true,"href":"https:\/\/cosmoflag.com\/pl\/wp-json\/wp\/v2\/product_tag?post=2534"}],"curies":[{"name":"wp","href":"https:\/\/api.w.org\/{rel}","templated":true}]}}