{"id":2533,"date":"2024-12-20T12:42:00","date_gmt":"2024-12-20T10:42:00","guid":{"rendered":"https:\/\/cosmoflag.com\/?post_type=product&#038;p=2533"},"modified":"2025-08-12T21:18:45","modified_gmt":"2025-08-12T19:18:45","slug":"flaga-republiki-czeskiej","status":"publish","type":"product","link":"https:\/\/cosmoflag.com\/pl\/produkt\/flaga-republiki-czeskiej\/","title":{"rendered":"Flaga Republiki Czeskiej"},"content":{"rendered":"<h3><strong>Cechy flagi Republiki Czeskiej<\/strong><\/h3>\n<p>Nasza flaga Republiki Czeskiej jest wykonana z wysokiej jako\u015bci poliestru, zapewniaj\u0105c doskona\u0142\u0105 trwa\u0142o\u015b\u0107 do d\u0142ugotrwa\u0142ego u\u017cytkowania wewn\u0105trz i na zewn\u0105trz. Posiada metalowe przelotki u\u0142atwiaj\u0105ce instalacj\u0119 i bezpieczne mocowanie, nawet w trudnych warunkach pogodowych. Mierz\u0105ca 90 x 150 cm\/35 x 59 cali flaga zapewnia doskona\u0142\u0105 widoczno\u015b\u0107 na masztach, \u015bcianach lub podczas uroczysto\u015bci i wydarze\u0144 narodowych.<\/p>\n<h3><strong>Symbol niezale\u017cno\u015bci i dumy<\/strong><\/h3>\n<p>Flaga Republiki Czeskiej, oficjalnie przyj\u0119ta w 1920 roku, sk\u0142ada si\u0119 z dw\u00f3ch poziomych pas\u00f3w w kolorze bia\u0142ym i czerwonym, reprezentuj\u0105cych historyczne regiony Czech i Moraw, podczas gdy niebieski tr\u00f3jk\u0105t po stronie wzniesienia reprezentuje S\u0142owacj\u0119 i jedno\u015b\u0107 by\u0142ej Czechos\u0142owacji. Ten minimalistyczny, ale znacz\u0105cy projekt odzwierciedla histori\u0119 Republiki Czeskiej i jej odporno\u015b\u0107 jako niepodleg\u0142ego narodu.<\/p>\n<h3><strong>Wszechstronno\u015b\u0107 u\u017cytkowania<\/strong><\/h3>\n<p>Idealna na uroczysto\u015bci narodowe, wydarzenia kulturalne, wystawy edukacyjne lub do osobistych kolekcji, flaga Republiki Czeskiej jest znacz\u0105c\u0105 reprezentacj\u0105 to\u017csamo\u015bci i historii kraju. Odporne na blakni\u0119cie kolory i solidna konstrukcja sprawiaj\u0105, \u017ce flaga pozostaje \u017cywa i efektowna przez d\u0142ugi czas.<\/p>","protected":false},"excerpt":{"rendered":"<p>Flaga o wymiarach 150 x 90 cm z 2 solidnymi metalowymi przelotkami do bezpiecznego zawieszenia.<\/p>","protected":false},"featured_media":1076,"comment_status":"open","ping_status":"closed","template":"","meta":{"_gspb_post_css":"","iawp_total_views":18},"product_brand":[],"product_cat":[65,58],"product_tag":[],"class_list":{"0":"post-2533","1":"product","2":"type-product","3":"status-publish","4":"has-post-thumbnail","6":"product_cat-europe-flags","7":"product_cat-country-flags","9":"first","10":"instock","11":"sale","12":"shipping-taxable","13":"purchasable","14":"product-type-simple"},"_links":{"self":[{"href":"https:\/\/cosmoflag.com\/pl\/wp-json\/wp\/v2\/product\/2533","targetHints":{"allow":["GET"]}}],"collection":[{"href":"https:\/\/cosmoflag.com\/pl\/wp-json\/wp\/v2\/product"}],"about":[{"href":"https:\/\/cosmoflag.com\/pl\/wp-json\/wp\/v2\/types\/product"}],"replies":[{"embeddable":true,"href":"https:\/\/cosmoflag.com\/pl\/wp-json\/wp\/v2\/comments?post=2533"}],"wp:featuredmedia":[{"embeddable":true,"href":"https:\/\/cosmoflag.com\/pl\/wp-json\/wp\/v2\/media\/1076"}],"wp:attachment":[{"href":"https:\/\/cosmoflag.com\/pl\/wp-json\/wp\/v2\/media?parent=2533"}],"wp:term":[{"taxonomy":"product_brand","embeddable":true,"href":"https:\/\/cosmoflag.com\/pl\/wp-json\/wp\/v2\/product_brand?post=2533"},{"taxonomy":"product_cat","embeddable":true,"href":"https:\/\/cosmoflag.com\/pl\/wp-json\/wp\/v2\/product_cat?post=2533"},{"taxonomy":"product_tag","embeddable":true,"href":"https:\/\/cosmoflag.com\/pl\/wp-json\/wp\/v2\/product_tag?post=2533"}],"curies":[{"name":"wp","href":"https:\/\/api.w.org\/{rel}","templated":true}]}}