{"id":2532,"date":"2024-12-20T12:40:00","date_gmt":"2024-12-20T10:40:00","guid":{"rendered":"https:\/\/cosmoflag.com\/?post_type=product&#038;p=2532"},"modified":"2025-08-12T21:18:45","modified_gmt":"2025-08-12T19:18:45","slug":"flaga-republiki-dominikanskiej","status":"publish","type":"product","link":"https:\/\/cosmoflag.com\/pl\/produkt\/flaga-republiki-dominikanskiej\/","title":{"rendered":"Flaga Republiki Dominika\u0144skiej"},"content":{"rendered":"<h3><strong>Cechy flagi Republiki Dominika\u0144skiej<\/strong><\/h3>\n<p>Nasza flaga Dominikany jest wykonana z wysokiej jako\u015bci poliestru, zapewniaj\u0105c doskona\u0142\u0105 trwa\u0142o\u015b\u0107 i d\u0142ugotrwa\u0142e u\u017cytkowanie wewn\u0105trz i na zewn\u0105trz. Zawiera metalowe przelotki u\u0142atwiaj\u0105ce instalacj\u0119 i bezpieczne mocowanie, nawet w trudnych warunkach pogodowych. Mierz\u0105ca 90 x 150 cm\/35 x 59 cali flaga zapewnia doskona\u0142\u0105 widoczno\u015b\u0107 na s\u0142upach, \u015bcianach lub podczas uroczysto\u015bci narodowych.<\/p>\n<h3><strong>Symbol wiary i wolno\u015bci<\/strong><\/h3>\n<p>Flaga Republiki Dominika\u0144skiej, oficjalnie przyj\u0119ta w 1844 r., zawiera pogrubiony krzy\u017c dziel\u0105cy flag\u0119 na cztery prostok\u0105ty: dwa niebieskie oznaczaj\u0105ce wolno\u015b\u0107, dwa czerwone oznaczaj\u0105ce po\u015bwi\u0119cenie ludu i bia\u0142y krzy\u017c symbolizuj\u0105cy zbawienie. Po\u015brodku znajduje si\u0119 god\u0142o narodowe, kt\u00f3re zawiera Bibli\u0119 i transparent z napisem \u201cDios, Patria, Libertad\u201d (B\u00f3g, Ojczyzna, Wolno\u015b\u0107), zawieraj\u0105cy podstawowe warto\u015bci narodu dominika\u0144skiego.<\/p>\n<h3><strong>Wszechstronno\u015b\u0107 u\u017cytkowania<\/strong><\/h3>\n<p>Idealna na uroczysto\u015bci narodowe, wydarzenia kulturalne, do cel\u00f3w edukacyjnych lub do osobistych kolekcji, flaga Dominikany jest znacz\u0105c\u0105 reprezentacj\u0105 historii i to\u017csamo\u015bci narodu. Odporne na blakni\u0119cie kolory i solidna konstrukcja sprawiaj\u0105, \u017ce flaga pozostaje \u017cywa i efektowna przez d\u0142ugi czas.<\/p>","protected":false},"excerpt":{"rendered":"<p>Flaga o wymiarach 150 x 90 cm z 2 solidnymi metalowymi przelotkami do bezpiecznego zawieszenia.<\/p>","protected":false},"featured_media":1096,"comment_status":"open","ping_status":"closed","template":"","meta":{"_gspb_post_css":"","iawp_total_views":19},"product_brand":[],"product_cat":[62,58],"product_tag":[],"class_list":{"0":"post-2532","1":"product","2":"type-product","3":"status-publish","4":"has-post-thumbnail","6":"product_cat-north-america-flags","7":"product_cat-country-flags","9":"first","10":"instock","11":"sale","12":"shipping-taxable","13":"purchasable","14":"product-type-simple"},"_links":{"self":[{"href":"https:\/\/cosmoflag.com\/pl\/wp-json\/wp\/v2\/product\/2532","targetHints":{"allow":["GET"]}}],"collection":[{"href":"https:\/\/cosmoflag.com\/pl\/wp-json\/wp\/v2\/product"}],"about":[{"href":"https:\/\/cosmoflag.com\/pl\/wp-json\/wp\/v2\/types\/product"}],"replies":[{"embeddable":true,"href":"https:\/\/cosmoflag.com\/pl\/wp-json\/wp\/v2\/comments?post=2532"}],"wp:featuredmedia":[{"embeddable":true,"href":"https:\/\/cosmoflag.com\/pl\/wp-json\/wp\/v2\/media\/1096"}],"wp:attachment":[{"href":"https:\/\/cosmoflag.com\/pl\/wp-json\/wp\/v2\/media?parent=2532"}],"wp:term":[{"taxonomy":"product_brand","embeddable":true,"href":"https:\/\/cosmoflag.com\/pl\/wp-json\/wp\/v2\/product_brand?post=2532"},{"taxonomy":"product_cat","embeddable":true,"href":"https:\/\/cosmoflag.com\/pl\/wp-json\/wp\/v2\/product_cat?post=2532"},{"taxonomy":"product_tag","embeddable":true,"href":"https:\/\/cosmoflag.com\/pl\/wp-json\/wp\/v2\/product_tag?post=2532"}],"curies":[{"name":"wp","href":"https:\/\/api.w.org\/{rel}","templated":true}]}}