{"id":2531,"date":"2024-12-20T12:37:00","date_gmt":"2024-12-20T10:37:00","guid":{"rendered":"https:\/\/cosmoflag.com\/?post_type=product&#038;p=2531"},"modified":"2025-08-12T21:18:45","modified_gmt":"2025-08-12T19:18:45","slug":"flaga-mozambiku","status":"publish","type":"product","link":"https:\/\/cosmoflag.com\/pl\/produkt\/flaga-mozambiku\/","title":{"rendered":"Flaga Mozambiku"},"content":{"rendered":"<h3><strong>Cechy flagi Mozambiku<\/strong><\/h3>\n<p>Nasza flaga Mozambiku jest wykonana z wysokiej jako\u015bci poliestru, zapewniaj\u0105cego doskona\u0142\u0105 trwa\u0142o\u015b\u0107 do d\u0142ugotrwa\u0142ego u\u017cytkowania wewn\u0105trz i na zewn\u0105trz. Posiada metalowe przelotki u\u0142atwiaj\u0105ce instalacj\u0119 i bezpieczne mocowanie, nawet w trudnych warunkach pogodowych. Wymiary 90 x 150 cm\/35 x 59 cali zapewniaj\u0105 doskona\u0142\u0105 widoczno\u015b\u0107 na masztach, \u015bcianach lub podczas uroczysto\u015bci i wydarze\u0144 narodowych.<\/p>\n<h3><strong>Symbol jedno\u015bci i odporno\u015bci<\/strong><\/h3>\n<p>Flaga Mozambiku, oficjalnie przyj\u0119ta w 1983 r., sk\u0142ada si\u0119 z poziomych pas\u00f3w w kolorach zielonym, czarnym i \u017c\u00f3\u0142tym, oddzielonych cienkimi bia\u0142ymi liniami. Czerwony tr\u00f3jk\u0105t na g\u00f3rze flagi symbolizuje walk\u0119 kraju o niepodleg\u0142o\u015b\u0107. Wewn\u0105trz tr\u00f3jk\u0105ta znajduje si\u0119 \u017c\u00f3\u0142ta gwiazda z ksi\u0105\u017ck\u0105, motyk\u0105 i AK-47, symbolizuj\u0105cymi edukacj\u0119, rolnictwo i obron\u0119. Ten unikalny projekt uosabia zaanga\u017cowanie Mozambiku w post\u0119p i jedno\u015b\u0107.<\/p>\n<h3><strong>Wszechstronno\u015b\u0107 u\u017cytkowania<\/strong><\/h3>\n<p>Idealna na uroczysto\u015bci narodowe, wydarzenia kulturalne, wystawy edukacyjne lub do osobistych kolekcji, flaga Mozambiku jest znacz\u0105c\u0105 reprezentacj\u0105 to\u017csamo\u015bci i warto\u015bci tego kraju. Odporne na blakni\u0119cie kolory i solidna konstrukcja sprawiaj\u0105, \u017ce flaga pozostaje \u017cywa i efektowna przez d\u0142ugi czas.<\/p>","protected":false},"excerpt":{"rendered":"<p>Flaga o wymiarach 150 x 90 cm z 2 solidnymi metalowymi przelotkami do bezpiecznego zawieszenia.<\/p>","protected":false},"featured_media":1255,"comment_status":"open","ping_status":"closed","template":"","meta":{"_gspb_post_css":"","iawp_total_views":11},"product_brand":[],"product_cat":[60,58],"product_tag":[],"class_list":{"0":"post-2531","1":"product","2":"type-product","3":"status-publish","4":"has-post-thumbnail","6":"product_cat-africa-flags","7":"product_cat-country-flags","9":"first","10":"instock","11":"sale","12":"shipping-taxable","13":"purchasable","14":"product-type-simple"},"_links":{"self":[{"href":"https:\/\/cosmoflag.com\/pl\/wp-json\/wp\/v2\/product\/2531","targetHints":{"allow":["GET"]}}],"collection":[{"href":"https:\/\/cosmoflag.com\/pl\/wp-json\/wp\/v2\/product"}],"about":[{"href":"https:\/\/cosmoflag.com\/pl\/wp-json\/wp\/v2\/types\/product"}],"replies":[{"embeddable":true,"href":"https:\/\/cosmoflag.com\/pl\/wp-json\/wp\/v2\/comments?post=2531"}],"wp:featuredmedia":[{"embeddable":true,"href":"https:\/\/cosmoflag.com\/pl\/wp-json\/wp\/v2\/media\/1255"}],"wp:attachment":[{"href":"https:\/\/cosmoflag.com\/pl\/wp-json\/wp\/v2\/media?parent=2531"}],"wp:term":[{"taxonomy":"product_brand","embeddable":true,"href":"https:\/\/cosmoflag.com\/pl\/wp-json\/wp\/v2\/product_brand?post=2531"},{"taxonomy":"product_cat","embeddable":true,"href":"https:\/\/cosmoflag.com\/pl\/wp-json\/wp\/v2\/product_cat?post=2531"},{"taxonomy":"product_tag","embeddable":true,"href":"https:\/\/cosmoflag.com\/pl\/wp-json\/wp\/v2\/product_tag?post=2531"}],"curies":[{"name":"wp","href":"https:\/\/api.w.org\/{rel}","templated":true}]}}