{"id":2529,"date":"2024-12-20T11:32:00","date_gmt":"2024-12-20T09:32:00","guid":{"rendered":"https:\/\/cosmoflag.com\/?post_type=product&#038;p=2529"},"modified":"2025-11-27T20:53:32","modified_gmt":"2025-11-27T18:53:32","slug":"krolewski-sztandar-szkocji-flaga","status":"publish","type":"product","link":"https:\/\/cosmoflag.com\/pl\/produkt\/krolewski-sztandar-szkocji-flaga\/","title":{"rendered":"Kr\u00f3lewski Sztandar Szkocji"},"content":{"rendered":"<h3><strong>Cechy flagi Kr\u00f3lewskiego Sztandaru Szkocji<\/strong><\/h3>\n<p>Nasza flaga Royal Banner of Scotland jest wykonana z wysokiej jako\u015bci poliestru, zapewniaj\u0105c doskona\u0142\u0105 trwa\u0142o\u015b\u0107 i d\u0142ugotrwa\u0142e u\u017cytkowanie w pomieszczeniach i na zewn\u0105trz. Posiada metalowe przelotki u\u0142atwiaj\u0105ce instalacj\u0119 i bezpieczne mocowanie, nawet w trudnych warunkach pogodowych. Mierz\u0105ca 90 x 150 cm\/35 x 59 cali flaga zapewnia doskona\u0142\u0105 widoczno\u015b\u0107 na masztach, \u015bcianach lub podczas wydarze\u0144 historycznych i rekonstrukcji.<\/p>\n<h3><strong>Symbol kr\u00f3lewskiego dziedzictwa<\/strong><\/h3>\n<p>Kr\u00f3lewski Sztandar Szkocji, znany r\u00f3wnie\u017c jako \"Lew Szalej\u0105cy\", jest god\u0142em szkockiej monarchii. Flaga przedstawia odwa\u017cnego czerwonego lwa stoj\u0105cego na tylnych \u0142apach, otoczonego podw\u00f3jn\u0105 czerwon\u0105 obw\u00f3dk\u0105 z fleurs-de-lis, a wszystko to na z\u0142otym tle. Pierwotnie zarezerwowana dla kr\u00f3la Szkot\u00f3w, flaga ta jest obecnie cenionym symbolem kr\u00f3lewskiego dziedzictwa i dumy kulturowej Szkocji.<\/p>\n<h3><strong>Wszechstronno\u015b\u0107 u\u017cytkowania<\/strong><\/h3>\n<p>Idealny do rekonstrukcji historycznych, uroczysto\u015bci kulturalnych, cel\u00f3w edukacyjnych lub osobistych kolekcji, Royal Banner of Scotland jest znacz\u0105c\u0105 reprezentacj\u0105 kr\u00f3lewskiej przesz\u0142o\u015bci Szkocji i dumy narodowej. Jego odporne na blakni\u0119cie kolory i solidna konstrukcja zapewniaj\u0105, \u017ce pozostanie \u017cywy i efektowny przez d\u0142ugi czas.<\/p>","protected":false},"excerpt":{"rendered":"<p>Flaga o wymiarach 150 x 90 cm z 2 solidnymi metalowymi przelotkami do bezpiecznego zawieszenia.<\/p>","protected":false},"featured_media":1356,"comment_status":"open","ping_status":"closed","template":"","meta":{"_gspb_post_css":"","iawp_total_views":19},"product_brand":[],"product_cat":[71,70],"product_tag":[],"class_list":{"0":"post-2529","1":"product","2":"type-product","3":"status-publish","4":"has-post-thumbnail","6":"product_cat-united-kingdom-regions-flags","7":"product_cat-regional-flags","9":"first","10":"instock","11":"sale","12":"shipping-taxable","13":"purchasable","14":"product-type-simple"},"_links":{"self":[{"href":"https:\/\/cosmoflag.com\/pl\/wp-json\/wp\/v2\/product\/2529","targetHints":{"allow":["GET"]}}],"collection":[{"href":"https:\/\/cosmoflag.com\/pl\/wp-json\/wp\/v2\/product"}],"about":[{"href":"https:\/\/cosmoflag.com\/pl\/wp-json\/wp\/v2\/types\/product"}],"replies":[{"embeddable":true,"href":"https:\/\/cosmoflag.com\/pl\/wp-json\/wp\/v2\/comments?post=2529"}],"wp:featuredmedia":[{"embeddable":true,"href":"https:\/\/cosmoflag.com\/pl\/wp-json\/wp\/v2\/media\/1356"}],"wp:attachment":[{"href":"https:\/\/cosmoflag.com\/pl\/wp-json\/wp\/v2\/media?parent=2529"}],"wp:term":[{"taxonomy":"product_brand","embeddable":true,"href":"https:\/\/cosmoflag.com\/pl\/wp-json\/wp\/v2\/product_brand?post=2529"},{"taxonomy":"product_cat","embeddable":true,"href":"https:\/\/cosmoflag.com\/pl\/wp-json\/wp\/v2\/product_cat?post=2529"},{"taxonomy":"product_tag","embeddable":true,"href":"https:\/\/cosmoflag.com\/pl\/wp-json\/wp\/v2\/product_tag?post=2529"}],"curies":[{"name":"wp","href":"https:\/\/api.w.org\/{rel}","templated":true}]}}