{"id":2527,"date":"2024-12-20T10:45:00","date_gmt":"2024-12-20T08:45:00","guid":{"rendered":"https:\/\/cosmoflag.com\/?post_type=product&#038;p=2527"},"modified":"2025-08-12T21:18:47","modified_gmt":"2025-08-12T19:18:47","slug":"flaga-sycylii","status":"publish","type":"product","link":"https:\/\/cosmoflag.com\/pl\/produkt\/flaga-sycylii\/","title":{"rendered":"Flaga Sycylii"},"content":{"rendered":"<h3><strong>Cechy flagi Sycylii<\/strong><\/h3>\n<p>Nasza flaga Sycylii jest wykonana z wysokiej jako\u015bci poliestru, zapewniaj\u0105c doskona\u0142\u0105 trwa\u0142o\u015b\u0107 i d\u0142ugotrwa\u0142e u\u017cytkowanie w pomieszczeniach i na zewn\u0105trz. Zawiera metalowe przelotki u\u0142atwiaj\u0105ce instalacj\u0119 i bezpieczne mocowanie, nawet w trudnych warunkach pogodowych. Mierz\u0105ca 90 x 150 cm\/35 x 59 cali flaga zapewnia doskona\u0142\u0105 widoczno\u015b\u0107 na s\u0142upach, \u015bcianach lub podczas wydarze\u0144 kulturalnych i festiwali.<\/p>\n<h3><strong>Symbol dziedzictwa i to\u017csamo\u015bci<\/strong><\/h3>\n<p>Flaga Sycylii, oficjalnie przyj\u0119ta w 1282 r. i ponownie wprowadzona w 2000 r., ma uderzaj\u0105cy wz\u00f3r z dwiema uko\u015bnymi po\u0142\u00f3wkami w kolorze czerwonym i \u017c\u00f3\u0142tym, reprezentuj\u0105cymi Palermo i Corleone. W jej centrum znajduje si\u0119 Trinacria, tr\u00f3jno\u017cna posta\u0107 z g\u0142ow\u0105 Meduzy otoczona k\u0142osami pszenicy, symbolizuj\u0105ca tr\u00f3jk\u0105tny kszta\u0142t Sycylii, p\u0142odno\u015b\u0107 rolnictwa i staro\u017cytne korzenie. Ta wyj\u0105tkowa flaga jest siln\u0105 reprezentacj\u0105 bogatej historii i to\u017csamo\u015bci kulturowej wyspy.<\/p>\n<h3><strong>Wszechstronno\u015b\u0107 u\u017cytkowania<\/strong><\/h3>\n<p>Idealna na uroczysto\u015bci kulturalne, rekonstrukcje historyczne, pokazy edukacyjne lub kolekcje osobiste, flaga Sycylii jest znacz\u0105c\u0105 reprezentacj\u0105 dziedzictwa regionu. Odporne na blakni\u0119cie kolory i solidna konstrukcja sprawiaj\u0105, \u017ce flaga pozostaje \u017cywa i efektowna przez d\u0142ugi czas.<\/p>","protected":false},"excerpt":{"rendered":"<p>Flaga o wymiarach 150 x 90 cm z 2 solidnymi metalowymi przelotkami do bezpiecznego zawieszenia.<\/p>","protected":false},"featured_media":1388,"comment_status":"open","ping_status":"closed","template":"","meta":{"_gspb_post_css":"","iawp_total_views":12},"product_brand":[],"product_cat":[70],"product_tag":[],"class_list":{"0":"post-2527","1":"product","2":"type-product","3":"status-publish","4":"has-post-thumbnail","6":"product_cat-regional-flags","8":"first","9":"instock","10":"sale","11":"shipping-taxable","12":"purchasable","13":"product-type-simple"},"_links":{"self":[{"href":"https:\/\/cosmoflag.com\/pl\/wp-json\/wp\/v2\/product\/2527","targetHints":{"allow":["GET"]}}],"collection":[{"href":"https:\/\/cosmoflag.com\/pl\/wp-json\/wp\/v2\/product"}],"about":[{"href":"https:\/\/cosmoflag.com\/pl\/wp-json\/wp\/v2\/types\/product"}],"replies":[{"embeddable":true,"href":"https:\/\/cosmoflag.com\/pl\/wp-json\/wp\/v2\/comments?post=2527"}],"wp:featuredmedia":[{"embeddable":true,"href":"https:\/\/cosmoflag.com\/pl\/wp-json\/wp\/v2\/media\/1388"}],"wp:attachment":[{"href":"https:\/\/cosmoflag.com\/pl\/wp-json\/wp\/v2\/media?parent=2527"}],"wp:term":[{"taxonomy":"product_brand","embeddable":true,"href":"https:\/\/cosmoflag.com\/pl\/wp-json\/wp\/v2\/product_brand?post=2527"},{"taxonomy":"product_cat","embeddable":true,"href":"https:\/\/cosmoflag.com\/pl\/wp-json\/wp\/v2\/product_cat?post=2527"},{"taxonomy":"product_tag","embeddable":true,"href":"https:\/\/cosmoflag.com\/pl\/wp-json\/wp\/v2\/product_tag?post=2527"}],"curies":[{"name":"wp","href":"https:\/\/api.w.org\/{rel}","templated":true}]}}