{"id":2524,"date":"2024-12-19T23:04:00","date_gmt":"2024-12-19T21:04:00","guid":{"rendered":"https:\/\/cosmoflag.com\/?post_type=product&#038;p=2524"},"modified":"2025-08-12T21:18:48","modified_gmt":"2025-08-12T19:18:48","slug":"flaga-barbadosu","status":"publish","type":"product","link":"https:\/\/cosmoflag.com\/pl\/produkt\/flaga-barbadosu\/","title":{"rendered":"Flaga Barbadosu"},"content":{"rendered":"<h3><strong>Cechy flagi Barbadosu<\/strong><\/h3>\n<p>Nasza flaga Barbados jest wykonana z wysokiej jako\u015bci poliestru, zapewniaj\u0105c doskona\u0142\u0105 trwa\u0142o\u015b\u0107 i d\u0142ugotrwa\u0142e u\u017cytkowanie wewn\u0105trz i na zewn\u0105trz. Posiada metalowe przelotki u\u0142atwiaj\u0105ce instalacj\u0119 i bezpieczne mocowanie, nawet w trudnych warunkach pogodowych. Mierz\u0105ca 90 x 150 cm\/35 x 59 cali flaga zapewnia doskona\u0142\u0105 widoczno\u015b\u0107 na masztach, \u015bcianach lub podczas uroczysto\u015bci narodowych.<\/p>\n<h3><strong>Symbol niezale\u017cno\u015bci i dumy<\/strong><\/h3>\n<p>Flaga Barbadosu, oficjalnie przyj\u0119ta w 1966 r. podczas uzyskania przez ten kraj niepodleg\u0142o\u015bci, sk\u0142ada si\u0119 z trzech pionowych pas\u00f3w: ultramarynowego b\u0142\u0119kitu po bokach i z\u0142ocisto\u017c\u00f3\u0142tego po\u015brodku. Niebieski symbolizuje morze i niebo, podczas gdy \u017c\u00f3\u0142ty symbolizuje piaszczyste pla\u017ce i \u017cyw\u0105 kultur\u0119 kraju. W centrum znajduje si\u0119 z\u0142amany tr\u00f3jz\u0105b, reprezentuj\u0105cy zerwanie z rz\u0105dami kolonialnymi i si\u0142\u0119 dziedzictwa Barbadosu.<\/p>\n<h3><strong>Wszechstronno\u015b\u0107 u\u017cytkowania<\/strong><\/h3>\n<p>Idealna na uroczysto\u015bci narodowe, wydarzenia kulturalne, wystawy edukacyjne lub do osobistych kolekcji, flaga Barbadosu jest znacz\u0105c\u0105 reprezentacj\u0105 to\u017csamo\u015bci i historii wyspy. Odporne na blakni\u0119cie kolory i solidna konstrukcja sprawiaj\u0105, \u017ce flaga pozostaje \u017cywa i efektowna przez d\u0142ugi czas.<\/p>","protected":false},"excerpt":{"rendered":"<p>Flaga o wymiarach 150 x 90 cm z 2 solidnymi metalowymi przelotkami do bezpiecznego zawieszenia.<\/p>","protected":false},"featured_media":1484,"comment_status":"open","ping_status":"closed","template":"","meta":{"_gspb_post_css":"","iawp_total_views":3},"product_brand":[],"product_cat":[62,58],"product_tag":[],"class_list":{"0":"post-2524","1":"product","2":"type-product","3":"status-publish","4":"has-post-thumbnail","6":"product_cat-north-america-flags","7":"product_cat-country-flags","9":"first","10":"instock","11":"sale","12":"shipping-taxable","13":"purchasable","14":"product-type-simple"},"_links":{"self":[{"href":"https:\/\/cosmoflag.com\/pl\/wp-json\/wp\/v2\/product\/2524","targetHints":{"allow":["GET"]}}],"collection":[{"href":"https:\/\/cosmoflag.com\/pl\/wp-json\/wp\/v2\/product"}],"about":[{"href":"https:\/\/cosmoflag.com\/pl\/wp-json\/wp\/v2\/types\/product"}],"replies":[{"embeddable":true,"href":"https:\/\/cosmoflag.com\/pl\/wp-json\/wp\/v2\/comments?post=2524"}],"wp:featuredmedia":[{"embeddable":true,"href":"https:\/\/cosmoflag.com\/pl\/wp-json\/wp\/v2\/media\/1484"}],"wp:attachment":[{"href":"https:\/\/cosmoflag.com\/pl\/wp-json\/wp\/v2\/media?parent=2524"}],"wp:term":[{"taxonomy":"product_brand","embeddable":true,"href":"https:\/\/cosmoflag.com\/pl\/wp-json\/wp\/v2\/product_brand?post=2524"},{"taxonomy":"product_cat","embeddable":true,"href":"https:\/\/cosmoflag.com\/pl\/wp-json\/wp\/v2\/product_cat?post=2524"},{"taxonomy":"product_tag","embeddable":true,"href":"https:\/\/cosmoflag.com\/pl\/wp-json\/wp\/v2\/product_tag?post=2524"}],"curies":[{"name":"wp","href":"https:\/\/api.w.org\/{rel}","templated":true}]}}