{"id":2522,"date":"2024-12-19T22:31:00","date_gmt":"2024-12-19T20:31:00","guid":{"rendered":"https:\/\/cosmoflag.com\/?post_type=product&#038;p=2522"},"modified":"2025-08-12T21:18:49","modified_gmt":"2025-08-12T19:18:49","slug":"flaga-miasta-chicago","status":"publish","type":"product","link":"https:\/\/cosmoflag.com\/pl\/produkt\/flaga-miasta-chicago\/","title":{"rendered":"Flaga miasta Chicago"},"content":{"rendered":"<h3><strong>Cechy flagi miasta Chicago<\/strong><\/h3>\n<p>Nasza flaga Chicago City jest wykonana z wysokiej jako\u015bci poliestru, zapewniaj\u0105c doskona\u0142\u0105 trwa\u0142o\u015b\u0107 i d\u0142ugotrwa\u0142e u\u017cytkowanie w pomieszczeniach i na zewn\u0105trz. Zawiera metalowe przelotki u\u0142atwiaj\u0105ce instalacj\u0119 i bezpieczne mocowanie, nawet w trudnych warunkach pogodowych. Mierz\u0105ca 90 x 150 cm\/35 x 59 cali flaga zapewnia doskona\u0142\u0105 widoczno\u015b\u0107 na masztach, \u015bcianach lub podczas miejskich wydarze\u0144 i uroczysto\u015bci.<\/p>\n<h3><strong>Symbol dziedzictwa Chicago<\/strong><\/h3>\n<p>Flaga Chicago, przyj\u0119ta w 1917 roku, sk\u0142ada si\u0119 z dw\u00f3ch poziomych niebieskich pas\u00f3w na bia\u0142ym polu, reprezentuj\u0105cych jezioro Michigan i rzek\u0119 Chicago. Pomi\u0119dzy pasami znajduj\u0105 si\u0119 cztery czerwone gwiazdy, symbolizuj\u0105ce wa\u017cne wydarzenia w historii miasta: Fort Dearborn, Wielki Po\u017car Chicago, \u015awiatow\u0105 Wystaw\u0119 Kolumbijsk\u0105 i Wystaw\u0119 Stulecia Post\u0119pu. Ten ponadczasowy wz\u00f3r odzwierciedla odporno\u015b\u0107, post\u0119p i dum\u0119 kulturow\u0105 Chicago.<\/p>\n<h3><strong>Wszechstronno\u015b\u0107 u\u017cytkowania<\/strong><\/h3>\n<p>Idealna na uroczysto\u015bci miejskie, wydarzenia kulturalne, do cel\u00f3w edukacyjnych lub jako cz\u0119\u015b\u0107 osobistej kolekcji, flaga Chicago jest znacz\u0105c\u0105 reprezentacj\u0105 dziedzictwa i to\u017csamo\u015bci miasta. Odporne na blakni\u0119cie kolory i solidna konstrukcja sprawiaj\u0105, \u017ce flaga pozostaje \u017cywa i efektowna przez d\u0142ugi czas.<\/p>","protected":false},"excerpt":{"rendered":"<p>Flaga o wymiarach 150 x 90 cm z 2 solidnymi metalowymi przelotkami do bezpiecznego zawieszenia.<\/p>","protected":false},"featured_media":1530,"comment_status":"open","ping_status":"closed","template":"","meta":{"_gspb_post_css":"","iawp_total_views":0},"product_brand":[],"product_cat":[72,70],"product_tag":[],"class_list":{"0":"post-2522","1":"product","2":"type-product","3":"status-publish","4":"has-post-thumbnail","6":"product_cat-american-state-flags","7":"product_cat-regional-flags","9":"first","10":"instock","11":"sale","12":"shipping-taxable","13":"purchasable","14":"product-type-simple"},"_links":{"self":[{"href":"https:\/\/cosmoflag.com\/pl\/wp-json\/wp\/v2\/product\/2522","targetHints":{"allow":["GET"]}}],"collection":[{"href":"https:\/\/cosmoflag.com\/pl\/wp-json\/wp\/v2\/product"}],"about":[{"href":"https:\/\/cosmoflag.com\/pl\/wp-json\/wp\/v2\/types\/product"}],"replies":[{"embeddable":true,"href":"https:\/\/cosmoflag.com\/pl\/wp-json\/wp\/v2\/comments?post=2522"}],"wp:featuredmedia":[{"embeddable":true,"href":"https:\/\/cosmoflag.com\/pl\/wp-json\/wp\/v2\/media\/1530"}],"wp:attachment":[{"href":"https:\/\/cosmoflag.com\/pl\/wp-json\/wp\/v2\/media?parent=2522"}],"wp:term":[{"taxonomy":"product_brand","embeddable":true,"href":"https:\/\/cosmoflag.com\/pl\/wp-json\/wp\/v2\/product_brand?post=2522"},{"taxonomy":"product_cat","embeddable":true,"href":"https:\/\/cosmoflag.com\/pl\/wp-json\/wp\/v2\/product_cat?post=2522"},{"taxonomy":"product_tag","embeddable":true,"href":"https:\/\/cosmoflag.com\/pl\/wp-json\/wp\/v2\/product_tag?post=2522"}],"curies":[{"name":"wp","href":"https:\/\/api.w.org\/{rel}","templated":true}]}}