{"id":2521,"date":"2024-12-19T22:25:00","date_gmt":"2024-12-19T20:25:00","guid":{"rendered":"https:\/\/cosmoflag.com\/?post_type=product&#038;p=2521"},"modified":"2025-08-12T21:20:25","modified_gmt":"2025-08-12T19:20:25","slug":"flaga-komorow","status":"publish","type":"product","link":"https:\/\/cosmoflag.com\/pl\/produkt\/flaga-komorow\/","title":{"rendered":"Flaga Komor\u00f3w"},"content":{"rendered":"<h3><strong>Cechy flagi Komor\u00f3w<\/strong><\/h3>\n<p>Nasza flaga Komor\u00f3w jest wykonana z wysokiej jako\u015bci poliestru, zapewniaj\u0105c doskona\u0142\u0105 trwa\u0142o\u015b\u0107 i d\u0142ugotrwa\u0142e u\u017cytkowanie w pomieszczeniach i na zewn\u0105trz. Posiada metalowe przelotki u\u0142atwiaj\u0105ce instalacj\u0119 i bezpieczne mocowanie, nawet w trudnych warunkach pogodowych. Wymiary 90 x 150 cm\/35 x 59 cali zapewniaj\u0105 doskona\u0142\u0105 widoczno\u015b\u0107 na masztach, \u015bcianach lub podczas wydarze\u0144 kulturalnych i uroczysto\u015bci.<\/p>\n<h3><strong>Symbol jedno\u015bci i r\u00f3\u017cnorodno\u015bci kulturowej<\/strong><\/h3>\n<p>Flaga Komor\u00f3w, oficjalnie przyj\u0119ta w 2002 r., sk\u0142ada si\u0119 z czterech poziomych pas\u00f3w w kolorach \u017c\u00f3\u0142tym, bia\u0142ym, czerwonym i niebieskim, reprezentuj\u0105cych cztery g\u0142\u00f3wne wyspy archipelagu Komor\u00f3w: Moh\u00e9li, Mayotte, Anjouan i Grande Comore. Zielony tr\u00f3jk\u0105t po stronie wzniesienia zawiera bia\u0142y p\u00f3\u0142ksi\u0119\u017cyc i cztery gwiazdy, symbolizuj\u0105ce islam i jedno\u015b\u0107 mi\u0119dzy wyspami. Ten \u017cywy wz\u00f3r odzwierciedla bogat\u0105 histori\u0119 i r\u00f3\u017cnorodno\u015b\u0107 kulturow\u0105 Komor\u00f3w.<\/p>\n<h3><strong>Wszechstronno\u015b\u0107 u\u017cytkowania<\/strong><\/h3>\n<p>Idealna na uroczysto\u015bci narodowe, wydarzenia kulturalne, wystawy edukacyjne lub do osobistych kolekcji, flaga Komor\u00f3w jest znacz\u0105c\u0105 reprezentacj\u0105 to\u017csamo\u015bci i warto\u015bci narodu. Odporne na blakni\u0119cie kolory i solidna konstrukcja sprawiaj\u0105, \u017ce flaga pozostaje \u017cywa i efektowna przez d\u0142ugi czas.<\/p>","protected":false},"excerpt":{"rendered":"<p>Flaga o wymiarach 150 x 90 cm z 2 solidnymi metalowymi przelotkami do bezpiecznego zawieszenia.<\/p>","protected":false},"featured_media":1532,"comment_status":"open","ping_status":"closed","template":"","meta":{"_gspb_post_css":"","iawp_total_views":17},"product_brand":[],"product_cat":[60,58],"product_tag":[],"class_list":{"0":"post-2521","1":"product","2":"type-product","3":"status-publish","4":"has-post-thumbnail","6":"product_cat-africa-flags","7":"product_cat-country-flags","9":"first","10":"instock","11":"sale","12":"shipping-taxable","13":"purchasable","14":"product-type-simple"},"_links":{"self":[{"href":"https:\/\/cosmoflag.com\/pl\/wp-json\/wp\/v2\/product\/2521","targetHints":{"allow":["GET"]}}],"collection":[{"href":"https:\/\/cosmoflag.com\/pl\/wp-json\/wp\/v2\/product"}],"about":[{"href":"https:\/\/cosmoflag.com\/pl\/wp-json\/wp\/v2\/types\/product"}],"replies":[{"embeddable":true,"href":"https:\/\/cosmoflag.com\/pl\/wp-json\/wp\/v2\/comments?post=2521"}],"wp:featuredmedia":[{"embeddable":true,"href":"https:\/\/cosmoflag.com\/pl\/wp-json\/wp\/v2\/media\/1532"}],"wp:attachment":[{"href":"https:\/\/cosmoflag.com\/pl\/wp-json\/wp\/v2\/media?parent=2521"}],"wp:term":[{"taxonomy":"product_brand","embeddable":true,"href":"https:\/\/cosmoflag.com\/pl\/wp-json\/wp\/v2\/product_brand?post=2521"},{"taxonomy":"product_cat","embeddable":true,"href":"https:\/\/cosmoflag.com\/pl\/wp-json\/wp\/v2\/product_cat?post=2521"},{"taxonomy":"product_tag","embeddable":true,"href":"https:\/\/cosmoflag.com\/pl\/wp-json\/wp\/v2\/product_tag?post=2521"}],"curies":[{"name":"wp","href":"https:\/\/api.w.org\/{rel}","templated":true}]}}