{"id":2518,"date":"2024-12-19T21:58:00","date_gmt":"2024-12-19T19:58:00","guid":{"rendered":"https:\/\/cosmoflag.com\/?post_type=product&#038;p=2518"},"modified":"2025-08-12T21:20:26","modified_gmt":"2025-08-12T19:20:26","slug":"flaga-erytrei","status":"publish","type":"product","link":"https:\/\/cosmoflag.com\/pl\/produkt\/flaga-erytrei\/","title":{"rendered":"Flaga Erytrei"},"content":{"rendered":"<h3><strong>Cechy flagi Erytrei<\/strong><\/h3>\n<p>Nasza flaga Erytrei jest wykonana z wysokiej jako\u015bci poliestru, zapewniaj\u0105c doskona\u0142\u0105 trwa\u0142o\u015b\u0107 i d\u0142ugotrwa\u0142e u\u017cytkowanie zar\u00f3wno wewn\u0105trz, jak i na zewn\u0105trz. Posiada metalowe przelotki u\u0142atwiaj\u0105ce instalacj\u0119 i bezpieczne mocowanie, nawet w trudnych warunkach pogodowych. Mierz\u0105ca 90 x 150 cm\/35 x 59 cali flaga zapewnia doskona\u0142\u0105 widoczno\u015b\u0107 na s\u0142upach, \u015bcianach lub podczas uroczysto\u015bci narodowych.<\/p>\n<h3><strong>Symbol jedno\u015bci i post\u0119pu<\/strong><\/h3>\n<p>Flaga Erytrei, oficjalnie przyj\u0119ta w 1995 r., ma unikalny tr\u00f3jk\u0105tny wz\u00f3r z zielonymi, czerwonymi i niebieskimi polami. Ziele\u0144 reprezentuje rolnictwo i gospodark\u0119 kraju, niebieski symbolizuje Morze Czerwone, a czerwony oznacza ofiary poniesione na rzecz niepodleg\u0142o\u015bci. W czerwonym tr\u00f3jk\u0105cie znajduje si\u0119 z\u0142ota ga\u0142\u0105zka oliwna otoczona wie\u0144cem, symbolizuj\u0105ca pok\u00f3j i trwa\u0142\u0105 si\u0142\u0119 narodu. Razem te elementy uciele\u015bniaj\u0105 to\u017csamo\u015b\u0107 i aspiracje Erytrei.<\/p>\n<h3><strong>Wszechstronno\u015b\u0107 u\u017cytkowania<\/strong><\/h3>\n<p>Idealna na uroczysto\u015bci narodowe, wydarzenia kulturalne, do cel\u00f3w edukacyjnych lub osobistych kolekcji, flaga Erytrei jest znacz\u0105c\u0105 reprezentacj\u0105 historii i warto\u015bci tego kraju. Odporne na blakni\u0119cie kolory i solidna konstrukcja sprawiaj\u0105, \u017ce flaga pozostaje \u017cywa i efektowna przez d\u0142ugi czas.<\/p>","protected":false},"excerpt":{"rendered":"<p>Flaga o wymiarach 150 x 90 cm z 2 solidnymi metalowymi przelotkami do bezpiecznego zawieszenia.<\/p>","protected":false},"featured_media":1549,"comment_status":"open","ping_status":"closed","template":"","meta":{"_gspb_post_css":"","iawp_total_views":13},"product_brand":[],"product_cat":[60,58],"product_tag":[],"class_list":{"0":"post-2518","1":"product","2":"type-product","3":"status-publish","4":"has-post-thumbnail","6":"product_cat-africa-flags","7":"product_cat-country-flags","9":"first","10":"instock","11":"sale","12":"shipping-taxable","13":"purchasable","14":"product-type-simple"},"_links":{"self":[{"href":"https:\/\/cosmoflag.com\/pl\/wp-json\/wp\/v2\/product\/2518","targetHints":{"allow":["GET"]}}],"collection":[{"href":"https:\/\/cosmoflag.com\/pl\/wp-json\/wp\/v2\/product"}],"about":[{"href":"https:\/\/cosmoflag.com\/pl\/wp-json\/wp\/v2\/types\/product"}],"replies":[{"embeddable":true,"href":"https:\/\/cosmoflag.com\/pl\/wp-json\/wp\/v2\/comments?post=2518"}],"wp:featuredmedia":[{"embeddable":true,"href":"https:\/\/cosmoflag.com\/pl\/wp-json\/wp\/v2\/media\/1549"}],"wp:attachment":[{"href":"https:\/\/cosmoflag.com\/pl\/wp-json\/wp\/v2\/media?parent=2518"}],"wp:term":[{"taxonomy":"product_brand","embeddable":true,"href":"https:\/\/cosmoflag.com\/pl\/wp-json\/wp\/v2\/product_brand?post=2518"},{"taxonomy":"product_cat","embeddable":true,"href":"https:\/\/cosmoflag.com\/pl\/wp-json\/wp\/v2\/product_cat?post=2518"},{"taxonomy":"product_tag","embeddable":true,"href":"https:\/\/cosmoflag.com\/pl\/wp-json\/wp\/v2\/product_tag?post=2518"}],"curies":[{"name":"wp","href":"https:\/\/api.w.org\/{rel}","templated":true}]}}