{"id":2516,"date":"2024-12-19T21:47:00","date_gmt":"2024-12-19T19:47:00","guid":{"rendered":"https:\/\/cosmoflag.com\/?post_type=product&#038;p=2516"},"modified":"2025-08-12T21:20:27","modified_gmt":"2025-08-12T19:20:27","slug":"flaga-fidzi","status":"publish","type":"product","link":"https:\/\/cosmoflag.com\/pl\/produkt\/flaga-fidzi\/","title":{"rendered":"Flaga Fid\u017ci"},"content":{"rendered":"<h3><strong>Cechy flagi Fid\u017ci<\/strong><\/h3>\n<p>Nasza flaga Fid\u017ci jest wykonana z wysokiej jako\u015bci poliestru, zapewniaj\u0105c doskona\u0142\u0105 trwa\u0142o\u015b\u0107 i d\u0142ugotrwa\u0142e u\u017cytkowanie zar\u00f3wno wewn\u0105trz, jak i na zewn\u0105trz. Zawiera metalowe przelotki u\u0142atwiaj\u0105ce instalacj\u0119 i bezpieczne mocowanie, nawet w trudnych warunkach pogodowych. Wymiary 90 x 150 cm\/35 x 59 cali sprawiaj\u0105, \u017ce flaga ta zapewnia doskona\u0142\u0105 widoczno\u015b\u0107 na s\u0142upach, \u015bcianach lub podczas uroczysto\u015bci narodowych.<\/p>\n<h3><strong>Symbol jedno\u015bci i to\u017csamo\u015bci<\/strong><\/h3>\n<p>Flaga Fid\u017ci, oficjalnie przyj\u0119ta w 1970 r., ma jasnoniebieskie pole symbolizuj\u0105ce Ocean Spokojny otaczaj\u0105cy wyspy. Union Jack w lewym g\u00f3rnym rogu reprezentuje historyczne wi\u0119zi Fid\u017ci z Wielk\u0105 Brytani\u0105, podczas gdy tarcza po prawej stronie zawiera wizerunki lwa trzymaj\u0105cego str\u0105k kakao, trzcin\u0119 cukrow\u0105, palm\u0119 kokosow\u0105 i go\u0142\u0119bia pokoju. Wszystkie te elementy odzwierciedlaj\u0105 bogactwo rolnicze Fid\u017ci, jego powi\u0105zania z Wielk\u0105 Brytani\u0105 oraz aspiracje do pokoju i jedno\u015bci.<\/p>\n<h3><strong>Wszechstronno\u015b\u0107 u\u017cytkowania<\/strong><\/h3>\n<p>Idealna na uroczysto\u015bci narodowe, wydarzenia kulturalne, do cel\u00f3w edukacyjnych lub osobistych kolekcji, flaga Fid\u017ci jest znacz\u0105c\u0105 reprezentacj\u0105 to\u017csamo\u015bci i dumy kraju. Odporne na blakni\u0119cie kolory i solidna konstrukcja sprawiaj\u0105, \u017ce flaga pozostaje \u017cywa i efektowna przez d\u0142ugi czas.<\/p>","protected":false},"excerpt":{"rendered":"<p>Flaga o wymiarach 150 x 90 cm z 2 solidnymi metalowymi przelotkami do bezpiecznego zawieszenia.<\/p>","protected":false},"featured_media":1567,"comment_status":"open","ping_status":"closed","template":"","meta":{"_gspb_post_css":"","iawp_total_views":2},"product_brand":[],"product_cat":[67,58],"product_tag":[],"class_list":{"0":"post-2516","1":"product","2":"type-product","3":"status-publish","4":"has-post-thumbnail","6":"product_cat-oceania-flag","7":"product_cat-country-flags","9":"first","10":"instock","11":"sale","12":"shipping-taxable","13":"purchasable","14":"product-type-simple"},"_links":{"self":[{"href":"https:\/\/cosmoflag.com\/pl\/wp-json\/wp\/v2\/product\/2516","targetHints":{"allow":["GET"]}}],"collection":[{"href":"https:\/\/cosmoflag.com\/pl\/wp-json\/wp\/v2\/product"}],"about":[{"href":"https:\/\/cosmoflag.com\/pl\/wp-json\/wp\/v2\/types\/product"}],"replies":[{"embeddable":true,"href":"https:\/\/cosmoflag.com\/pl\/wp-json\/wp\/v2\/comments?post=2516"}],"wp:featuredmedia":[{"embeddable":true,"href":"https:\/\/cosmoflag.com\/pl\/wp-json\/wp\/v2\/media\/1567"}],"wp:attachment":[{"href":"https:\/\/cosmoflag.com\/pl\/wp-json\/wp\/v2\/media?parent=2516"}],"wp:term":[{"taxonomy":"product_brand","embeddable":true,"href":"https:\/\/cosmoflag.com\/pl\/wp-json\/wp\/v2\/product_brand?post=2516"},{"taxonomy":"product_cat","embeddable":true,"href":"https:\/\/cosmoflag.com\/pl\/wp-json\/wp\/v2\/product_cat?post=2516"},{"taxonomy":"product_tag","embeddable":true,"href":"https:\/\/cosmoflag.com\/pl\/wp-json\/wp\/v2\/product_tag?post=2516"}],"curies":[{"name":"wp","href":"https:\/\/api.w.org\/{rel}","templated":true}]}}