{"id":2515,"date":"2024-12-19T21:38:00","date_gmt":"2024-12-19T19:38:00","guid":{"rendered":"https:\/\/cosmoflag.com\/?post_type=product&#038;p=2515"},"modified":"2025-08-12T21:20:28","modified_gmt":"2025-08-12T19:20:28","slug":"flaga-niemiec-wschodnich-gdr","status":"publish","type":"product","link":"https:\/\/cosmoflag.com\/pl\/produkt\/flaga-niemiec-wschodnich-gdr\/","title":{"rendered":"Flaga NRD"},"content":{"rendered":"<p><strong>Cechy flagi Niemiec Wschodnich<\/strong><\/p>\n<p>Nasza flaga NRD jest wykonana z wysokiej jako\u015bci poliestru, zapewniaj\u0105c doskona\u0142\u0105 trwa\u0142o\u015b\u0107 zar\u00f3wno do u\u017cytku wewn\u0119trznego, jak i zewn\u0119trznego. Zawiera metalowe przelotki u\u0142atwiaj\u0105ce instalacj\u0119 i bezpieczne mocowanie, nawet w trudnych warunkach pogodowych. Mierz\u0105ca 90 x 150 cm\/35 x 59 cali flaga zapewnia doskona\u0142\u0105 widoczno\u015b\u0107 na masztach, \u015bcianach lub podczas wydarze\u0144 historycznych.<\/p>\n<p><strong>Symbol socjalizmu i historii<\/strong><\/p>\n<p>Flaga Niemiec Wschodnich (Niemieckiej Republiki Demokratycznej) zosta\u0142a oficjalnie przyj\u0119ta w 1959 roku. Sk\u0142ada si\u0119 z czarnego, czerwonego i z\u0142otego tr\u00f3jkoloru tradycyjnych niemieckich flag, na kt\u00f3re na\u0142o\u017cono god\u0142o NRD. God\u0142o zawiera m\u0142otek i kompas, otoczone pier\u015bcieniem \u017cyta, symbolizuj\u0105cym jedno\u015b\u0107 robotnik\u00f3w, in\u017cynier\u00f3w i rolnik\u00f3w w socjalizmie. Flaga ta jest siln\u0105 reprezentacj\u0105 historii politycznej i to\u017csamo\u015bci Niemiec Wschodnich podczas zimnej wojny.<\/p>\n<p><strong>Wszechstronno\u015b\u0107 u\u017cytkowania<\/strong><\/p>\n<p>Idealna do rekonstrukcji historycznych, pokaz\u00f3w edukacyjnych, wydarze\u0144 kulturalnych lub jako cz\u0119\u015b\u0107 osobistej kolekcji, flaga NRD jest znacz\u0105c\u0105 reprezentacj\u0105 wyj\u0105tkowego okresu w historii Niemiec i \u015bwiata. Jej odporne na blakni\u0119cie kolory i solidna konstrukcja zapewniaj\u0105, \u017ce pozostanie \u017cywa i efektowna przez d\u0142ugi czas.<\/p>","protected":false},"excerpt":{"rendered":"<p>Flaga o wymiarach 150 x 90 cm z 2 solidnymi metalowymi przelotkami do bezpiecznego zawieszenia.<\/p>","protected":false},"featured_media":1574,"comment_status":"open","ping_status":"closed","template":"","meta":{"_gspb_post_css":"","iawp_total_views":43},"product_brand":[],"product_cat":[69],"product_tag":[],"class_list":{"0":"post-2515","1":"product","2":"type-product","3":"status-publish","4":"has-post-thumbnail","6":"product_cat-historical-flags","8":"first","9":"instock","10":"sale","11":"shipping-taxable","12":"purchasable","13":"product-type-simple"},"_links":{"self":[{"href":"https:\/\/cosmoflag.com\/pl\/wp-json\/wp\/v2\/product\/2515","targetHints":{"allow":["GET"]}}],"collection":[{"href":"https:\/\/cosmoflag.com\/pl\/wp-json\/wp\/v2\/product"}],"about":[{"href":"https:\/\/cosmoflag.com\/pl\/wp-json\/wp\/v2\/types\/product"}],"replies":[{"embeddable":true,"href":"https:\/\/cosmoflag.com\/pl\/wp-json\/wp\/v2\/comments?post=2515"}],"wp:featuredmedia":[{"embeddable":true,"href":"https:\/\/cosmoflag.com\/pl\/wp-json\/wp\/v2\/media\/1574"}],"wp:attachment":[{"href":"https:\/\/cosmoflag.com\/pl\/wp-json\/wp\/v2\/media?parent=2515"}],"wp:term":[{"taxonomy":"product_brand","embeddable":true,"href":"https:\/\/cosmoflag.com\/pl\/wp-json\/wp\/v2\/product_brand?post=2515"},{"taxonomy":"product_cat","embeddable":true,"href":"https:\/\/cosmoflag.com\/pl\/wp-json\/wp\/v2\/product_cat?post=2515"},{"taxonomy":"product_tag","embeddable":true,"href":"https:\/\/cosmoflag.com\/pl\/wp-json\/wp\/v2\/product_tag?post=2515"}],"curies":[{"name":"wp","href":"https:\/\/api.w.org\/{rel}","templated":true}]}}