{"id":2513,"date":"2024-12-19T21:01:00","date_gmt":"2024-12-19T19:01:00","guid":{"rendered":"https:\/\/cosmoflag.com\/?post_type=product&#038;p=2513"},"modified":"2026-01-19T19:08:33","modified_gmt":"2026-01-19T17:08:33","slug":"cesarsko-niemiecka-flaga-wojenna-reichskriegsflagge","status":"publish","type":"product","link":"https:\/\/cosmoflag.com\/pl\/produkt\/cesarsko-niemiecka-flaga-wojenna-reichskriegsflagge\/","title":{"rendered":"Cesarska niemiecka flaga wojenna Reichskriegsflagge"},"content":{"rendered":"<h3><strong>Cechy cesarskiej niemieckiej flagi wojennej<\/strong><\/h3>\n<p>Nasza flaga wojenna Cesarstwa Niemieckiego Reichskriegsflagge jest wykonana z wysokiej jako\u015bci poliestru, zapewniaj\u0105c wyj\u0105tkow\u0105 trwa\u0142o\u015b\u0107 i d\u0142ugotrwa\u0142e u\u017cytkowanie w pomieszczeniach i na zewn\u0105trz. Zawiera metalowe przelotki u\u0142atwiaj\u0105ce instalacj\u0119 i bezpieczne mocowanie, nawet w trudnych warunkach pogodowych. Wymiary 90 x 150 cm\/35 x 59 cali sprawiaj\u0105, \u017ce flaga ta zapewnia doskona\u0142\u0105 widoczno\u015b\u0107 podczas ekspozycji na masztach, \u015bcianach lub podczas rekonstrukcji historycznych.<\/p>\n<h3><strong>Symbol dziedzictwa wojskowego<\/strong><\/h3>\n<p>Flaga wojenna Cesarstwa Niemieckiego, znana r\u00f3wnie\u017c jako Reichskriegsflagge, by\u0142a kluczowym symbolem Cesarstwa Niemieckiego pod koniec XIX i na pocz\u0105tku XX wieku. Bia\u0142a flaga z czarnym krzy\u017cem i kultowym or\u0142em w centrum odzwierciedla tradycj\u0119 wojskow\u0105 i dum\u0119 narodow\u0105. Czerwone akcenty symbolizuj\u0105 odwag\u0119 i jedno\u015b\u0107 pa\u0144stw niemieckich. Flaga ta przypomina o wa\u017cnym okresie w historii Europy.<\/p>\n<h3><strong>Wszechstronno\u015b\u0107 u\u017cytkowania<\/strong><\/h3>\n<p>Idealna do rekonstrukcji historycznych, pokaz\u00f3w edukacyjnych, wydarze\u0144 kulturalnych lub jako cz\u0119\u015b\u0107 osobistej kolekcji, flaga wojenna Cesarstwa Niemieckiego Reichskriegsflagge jest znacz\u0105c\u0105 reprezentacj\u0105 niemieckiego dziedzictwa wojskowego i kulturowego. Odporne na blakni\u0119cie kolory i solidna konstrukcja sprawiaj\u0105, \u017ce flaga pozostaje \u017cywa i efektowna przez d\u0142ugi czas.<\/p>","protected":false},"excerpt":{"rendered":"<p>Flaga o wymiarach 150 x 90 cm z 2 solidnymi metalowymi przelotkami do bezpiecznego zawieszenia.<\/p>","protected":false},"featured_media":1593,"comment_status":"open","ping_status":"closed","template":"","meta":{"_gspb_post_css":"","iawp_total_views":113},"product_brand":[],"product_cat":[69],"product_tag":[],"class_list":{"0":"post-2513","1":"product","2":"type-product","3":"status-publish","4":"has-post-thumbnail","6":"product_cat-historical-flags","8":"first","9":"instock","10":"sale","11":"shipping-taxable","12":"purchasable","13":"product-type-simple"},"_links":{"self":[{"href":"https:\/\/cosmoflag.com\/pl\/wp-json\/wp\/v2\/product\/2513","targetHints":{"allow":["GET"]}}],"collection":[{"href":"https:\/\/cosmoflag.com\/pl\/wp-json\/wp\/v2\/product"}],"about":[{"href":"https:\/\/cosmoflag.com\/pl\/wp-json\/wp\/v2\/types\/product"}],"replies":[{"embeddable":true,"href":"https:\/\/cosmoflag.com\/pl\/wp-json\/wp\/v2\/comments?post=2513"}],"wp:featuredmedia":[{"embeddable":true,"href":"https:\/\/cosmoflag.com\/pl\/wp-json\/wp\/v2\/media\/1593"}],"wp:attachment":[{"href":"https:\/\/cosmoflag.com\/pl\/wp-json\/wp\/v2\/media?parent=2513"}],"wp:term":[{"taxonomy":"product_brand","embeddable":true,"href":"https:\/\/cosmoflag.com\/pl\/wp-json\/wp\/v2\/product_brand?post=2513"},{"taxonomy":"product_cat","embeddable":true,"href":"https:\/\/cosmoflag.com\/pl\/wp-json\/wp\/v2\/product_cat?post=2513"},{"taxonomy":"product_tag","embeddable":true,"href":"https:\/\/cosmoflag.com\/pl\/wp-json\/wp\/v2\/product_tag?post=2513"}],"curies":[{"name":"wp","href":"https:\/\/api.w.org\/{rel}","templated":true}]}}