{"id":2510,"date":"2024-12-19T20:46:00","date_gmt":"2024-12-19T18:46:00","guid":{"rendered":"https:\/\/cosmoflag.com\/?post_type=product&#038;p=2510"},"modified":"2026-02-11T15:41:35","modified_gmt":"2026-02-11T13:41:35","slug":"flaga-krolestwa-prus","status":"publish","type":"product","link":"https:\/\/cosmoflag.com\/pl\/produkt\/flaga-krolestwa-prus\/","title":{"rendered":"Flaga Kr\u00f3lestwa Prus"},"content":{"rendered":"<h3><strong>Cechy flagi Kr\u00f3lestwa Prus<\/strong><\/h3>\n<p>Nasza flaga Kr\u00f3lestwa Prus jest wykonana z wysokiej jako\u015bci poliestru, kt\u00f3ry zapewnia trwa\u0142o\u015b\u0107 zar\u00f3wno podczas ekspozycji wewn\u0105trz, jak i na zewn\u0105trz. Zawiera metalowe przelotki u\u0142atwiaj\u0105ce instalacj\u0119 i bezpieczne mocowanie, nawet w trudnych warunkach pogodowych. Wymiary 90 x 150 cm\/35 x 59 cali zapewniaj\u0105 doskona\u0142\u0105 widoczno\u015b\u0107 na masztach, \u015bcianach lub podczas wydarze\u0144 historycznych i rekonstrukcji.<\/p>\n<h3><strong>Symbol si\u0142y i dziedzictwa<\/strong><\/h3>\n<p>Flaga Kr\u00f3lestwa Prus, przedstawiaj\u0105ca czarnego or\u0142a na bia\u0142ym polu z czarn\u0105 obw\u00f3dk\u0105, symbolizuje si\u0142\u0119 i suwerenno\u015b\u0107 pa\u0144stwa pruskiego. Orze\u0142, ozdobiony koron\u0105, ber\u0142em i kul\u0105, reprezentuje w\u0142adz\u0119 kr\u00f3lewsk\u0105 i pot\u0119g\u0119 militarn\u0105. Flaga ta by\u0142a wa\u017cnym emblematem podczas szczytu pruskich wp\u0142yw\u00f3w w Europie, odzwierciedlaj\u0105c jej militarne i kulturowe dziedzictwo.<\/p>\n<h3><strong>Wszechstronno\u015b\u0107 u\u017cytkowania<\/strong><\/h3>\n<p>Idealna do rekonstrukcji historycznych, pokaz\u00f3w edukacyjnych, wydarze\u0144 kulturalnych lub osobistych kolekcji, flaga Kr\u00f3lestwa Prus jest znacz\u0105c\u0105 reprezentacj\u0105 historii Europy. Jej odporne na blakni\u0119cie kolory i solidna konstrukcja zapewniaj\u0105, \u017ce pozostanie \u017cywa i efektowna przez d\u0142ugi czas.<\/p>","protected":false},"excerpt":{"rendered":"<p>Flaga o wymiarach 150 x 90 cm z 2 solidnymi metalowymi przelotkami do bezpiecznego zawieszenia.<\/p>","protected":false},"featured_media":1607,"comment_status":"open","ping_status":"closed","template":"","meta":{"_gspb_post_css":"","iawp_total_views":55},"product_brand":[],"product_cat":[69],"product_tag":[],"class_list":{"0":"post-2510","1":"product","2":"type-product","3":"status-publish","4":"has-post-thumbnail","6":"product_cat-historical-flags","8":"first","9":"instock","10":"sale","11":"shipping-taxable","12":"purchasable","13":"product-type-simple"},"_links":{"self":[{"href":"https:\/\/cosmoflag.com\/pl\/wp-json\/wp\/v2\/product\/2510","targetHints":{"allow":["GET"]}}],"collection":[{"href":"https:\/\/cosmoflag.com\/pl\/wp-json\/wp\/v2\/product"}],"about":[{"href":"https:\/\/cosmoflag.com\/pl\/wp-json\/wp\/v2\/types\/product"}],"replies":[{"embeddable":true,"href":"https:\/\/cosmoflag.com\/pl\/wp-json\/wp\/v2\/comments?post=2510"}],"wp:featuredmedia":[{"embeddable":true,"href":"https:\/\/cosmoflag.com\/pl\/wp-json\/wp\/v2\/media\/1607"}],"wp:attachment":[{"href":"https:\/\/cosmoflag.com\/pl\/wp-json\/wp\/v2\/media?parent=2510"}],"wp:term":[{"taxonomy":"product_brand","embeddable":true,"href":"https:\/\/cosmoflag.com\/pl\/wp-json\/wp\/v2\/product_brand?post=2510"},{"taxonomy":"product_cat","embeddable":true,"href":"https:\/\/cosmoflag.com\/pl\/wp-json\/wp\/v2\/product_cat?post=2510"},{"taxonomy":"product_tag","embeddable":true,"href":"https:\/\/cosmoflag.com\/pl\/wp-json\/wp\/v2\/product_tag?post=2510"}],"curies":[{"name":"wp","href":"https:\/\/api.w.org\/{rel}","templated":true}]}}