{"id":2507,"date":"2024-12-19T17:20:00","date_gmt":"2024-12-19T15:20:00","guid":{"rendered":"https:\/\/cosmoflag.com\/?post_type=product&#038;p=2507"},"modified":"2025-08-12T21:20:30","modified_gmt":"2025-08-12T19:20:30","slug":"flaga-singapuru","status":"publish","type":"product","link":"https:\/\/cosmoflag.com\/pl\/produkt\/flaga-singapuru\/","title":{"rendered":"Flaga Singapuru"},"content":{"rendered":"<h3><strong>Cechy flagi Singapuru<\/strong><\/h3>\n<p>Nasza flaga Singapuru jest wykonana z wysokiej jako\u015bci poliestru, co zapewnia trwa\u0142o\u015b\u0107 zar\u00f3wno wewn\u0105trz, jak i na zewn\u0105trz. Zawiera metalowe przelotki u\u0142atwiaj\u0105ce instalacj\u0119 i bezpieczne mocowanie, nawet w niesprzyjaj\u0105cych warunkach pogodowych. Wymiary 90 x 150 cm\/35 x 59 cali zapewniaj\u0105 doskona\u0142\u0105 widoczno\u015b\u0107 na s\u0142upach, \u015bcianach lub podczas uroczysto\u015bci narodowych.<\/p>\n<h3><strong>Symbol post\u0119pu i harmonii<\/strong><\/h3>\n<p>Flaga Singapuru, oficjalnie przyj\u0119ta w 1959 roku, sk\u0142ada si\u0119 z dw\u00f3ch poziomych pas\u00f3w: czerwony symbolizuje powszechne braterstwo i r\u00f3wno\u015b\u0107, podczas gdy bia\u0142y reprezentuje czysto\u015b\u0107 i cnot\u0119. W lewym g\u00f3rnym rogu znajduje si\u0119 p\u00f3\u0142ksi\u0119\u017cyc symbolizuj\u0105cy m\u0142ody nar\u00f3d, kt\u00f3remu towarzyszy pi\u0119\u0107 gwiazd u\u0142o\u017conych w okr\u0105g, reprezentuj\u0105cych demokracj\u0119, pok\u00f3j, post\u0119p, sprawiedliwo\u015b\u0107 i r\u00f3wno\u015b\u0107. Wszystkie te elementy odzwierciedlaj\u0105 aspiracje i warto\u015bci Singapuru.<\/p>\n<h3><strong>Wszechstronno\u015b\u0107 u\u017cytkowania<\/strong><\/h3>\n<p>Idealna na uroczysto\u015bci narodowe, wydarzenia kulturalne, do cel\u00f3w edukacyjnych lub jako cz\u0119\u015b\u0107 osobistej kolekcji, flaga Singapuru jest znacz\u0105c\u0105 reprezentacj\u0105 to\u017csamo\u015bci i osi\u0105gni\u0119\u0107 kraju. Odporne na blakni\u0119cie kolory i solidna konstrukcja sprawiaj\u0105, \u017ce flaga pozostaje \u017cywa i efektowna przez d\u0142ugi czas.<\/p>","protected":false},"excerpt":{"rendered":"<p>Flaga o wymiarach 150 x 90 cm z 2 solidnymi metalowymi przelotkami do bezpiecznego zawieszenia.<\/p>","protected":false},"featured_media":1671,"comment_status":"open","ping_status":"closed","template":"","meta":{"_gspb_post_css":"","iawp_total_views":3},"product_brand":[],"product_cat":[64,58],"product_tag":[],"class_list":{"0":"post-2507","1":"product","2":"type-product","3":"status-publish","4":"has-post-thumbnail","6":"product_cat-asia-flags","7":"product_cat-country-flags","9":"first","10":"instock","11":"sale","12":"shipping-taxable","13":"purchasable","14":"product-type-simple"},"_links":{"self":[{"href":"https:\/\/cosmoflag.com\/pl\/wp-json\/wp\/v2\/product\/2507","targetHints":{"allow":["GET"]}}],"collection":[{"href":"https:\/\/cosmoflag.com\/pl\/wp-json\/wp\/v2\/product"}],"about":[{"href":"https:\/\/cosmoflag.com\/pl\/wp-json\/wp\/v2\/types\/product"}],"replies":[{"embeddable":true,"href":"https:\/\/cosmoflag.com\/pl\/wp-json\/wp\/v2\/comments?post=2507"}],"wp:featuredmedia":[{"embeddable":true,"href":"https:\/\/cosmoflag.com\/pl\/wp-json\/wp\/v2\/media\/1671"}],"wp:attachment":[{"href":"https:\/\/cosmoflag.com\/pl\/wp-json\/wp\/v2\/media?parent=2507"}],"wp:term":[{"taxonomy":"product_brand","embeddable":true,"href":"https:\/\/cosmoflag.com\/pl\/wp-json\/wp\/v2\/product_brand?post=2507"},{"taxonomy":"product_cat","embeddable":true,"href":"https:\/\/cosmoflag.com\/pl\/wp-json\/wp\/v2\/product_cat?post=2507"},{"taxonomy":"product_tag","embeddable":true,"href":"https:\/\/cosmoflag.com\/pl\/wp-json\/wp\/v2\/product_tag?post=2507"}],"curies":[{"name":"wp","href":"https:\/\/api.w.org\/{rel}","templated":true}]}}