{"id":2506,"date":"2024-12-19T16:09:00","date_gmt":"2024-12-19T14:09:00","guid":{"rendered":"https:\/\/cosmoflag.com\/?post_type=product&#038;p=2506"},"modified":"2025-08-12T21:20:30","modified_gmt":"2025-08-12T19:20:30","slug":"flaga-sri-lanki","status":"publish","type":"product","link":"https:\/\/cosmoflag.com\/pl\/produkt\/flaga-sri-lanki\/","title":{"rendered":"Flaga Sri Lanki"},"content":{"rendered":"<h3><strong>Cechy flagi Sri Lanki<\/strong><\/h3>\n<p>Nasza flaga Sri Lanki jest wykonana z wysokiej jako\u015bci poliestru, kt\u00f3ry zapewnia trwa\u0142o\u015b\u0107 zar\u00f3wno wewn\u0105trz, jak i na zewn\u0105trz. Posiada metalowe przelotki u\u0142atwiaj\u0105ce instalacj\u0119 i bezpieczne mocowanie, nawet w trudnych warunkach pogodowych. Wymiary 90 x 150 cm\/35 x 59 cali zapewniaj\u0105 doskona\u0142\u0105 widoczno\u015b\u0107 na s\u0142upach, \u015bcianach lub podczas uroczysto\u015bci kulturalnych.<\/p>\n<h3><strong>Symbol r\u00f3\u017cnorodno\u015bci i jedno\u015bci<\/strong><\/h3>\n<p>Flaga Sri Lanki, znana r\u00f3wnie\u017c jako \"Lwia Flaga\", jest siln\u0105 reprezentacj\u0105 r\u00f3\u017cnorodno\u015bci kulturowej i historii tego kraju. Z\u0142oty lew trzymaj\u0105cy miecz symbolizuje si\u0142\u0119 i odwag\u0119, podczas gdy cztery li\u015bcie drzewa Bo w ka\u017cdym rogu reprezentuj\u0105 buddyzm i jego wp\u0142yw na kraj. Zielone i pomara\u0144czowe pionowe pasy oznaczaj\u0105 harmoni\u0119 mi\u0119dzy tamilskimi i muzu\u0142ma\u0144skimi spo\u0142eczno\u015bciami wyspy, a \u017c\u00f3\u0142ta obw\u00f3dka symbolizuje jedno\u015b\u0107. Przyj\u0119ta w 1951 roku flaga odzwierciedla aspiracje Sri Lanki do pokoju i jedno\u015bci.<\/p>\n<h3><strong>Wszechstronno\u015b\u0107 u\u017cytkowania<\/strong><\/h3>\n<p>Idealna na uroczysto\u015bci pa\u0144stwowe, wydarzenia religijne, do cel\u00f3w edukacyjnych lub jako cz\u0119\u015b\u0107 osobistej kolekcji, flaga Sri Lanki jest znacz\u0105c\u0105 reprezentacj\u0105 historii i warto\u015bci tego kraju. Odporne na blakni\u0119cie kolory i solidna konstrukcja sprawiaj\u0105, \u017ce flaga pozostaje \u017cywa i efektowna przez d\u0142ugi czas.<\/p>","protected":false},"excerpt":{"rendered":"<p>Flaga o wymiarach 150 x 90 cm z 2 solidnymi metalowymi przelotkami do bezpiecznego zawieszenia.<\/p>","protected":false},"featured_media":1676,"comment_status":"open","ping_status":"closed","template":"","meta":{"_gspb_post_css":"","iawp_total_views":32},"product_brand":[],"product_cat":[64,58],"product_tag":[],"class_list":{"0":"post-2506","1":"product","2":"type-product","3":"status-publish","4":"has-post-thumbnail","6":"product_cat-asia-flags","7":"product_cat-country-flags","9":"first","10":"instock","11":"sale","12":"shipping-taxable","13":"purchasable","14":"product-type-simple"},"_links":{"self":[{"href":"https:\/\/cosmoflag.com\/pl\/wp-json\/wp\/v2\/product\/2506","targetHints":{"allow":["GET"]}}],"collection":[{"href":"https:\/\/cosmoflag.com\/pl\/wp-json\/wp\/v2\/product"}],"about":[{"href":"https:\/\/cosmoflag.com\/pl\/wp-json\/wp\/v2\/types\/product"}],"replies":[{"embeddable":true,"href":"https:\/\/cosmoflag.com\/pl\/wp-json\/wp\/v2\/comments?post=2506"}],"wp:featuredmedia":[{"embeddable":true,"href":"https:\/\/cosmoflag.com\/pl\/wp-json\/wp\/v2\/media\/1676"}],"wp:attachment":[{"href":"https:\/\/cosmoflag.com\/pl\/wp-json\/wp\/v2\/media?parent=2506"}],"wp:term":[{"taxonomy":"product_brand","embeddable":true,"href":"https:\/\/cosmoflag.com\/pl\/wp-json\/wp\/v2\/product_brand?post=2506"},{"taxonomy":"product_cat","embeddable":true,"href":"https:\/\/cosmoflag.com\/pl\/wp-json\/wp\/v2\/product_cat?post=2506"},{"taxonomy":"product_tag","embeddable":true,"href":"https:\/\/cosmoflag.com\/pl\/wp-json\/wp\/v2\/product_tag?post=2506"}],"curies":[{"name":"wp","href":"https:\/\/api.w.org\/{rel}","templated":true}]}}