{"id":2505,"date":"2024-12-19T16:07:00","date_gmt":"2024-12-19T14:07:00","guid":{"rendered":"https:\/\/cosmoflag.com\/?post_type=product&#038;p=2505"},"modified":"2025-08-12T21:20:31","modified_gmt":"2025-08-12T19:20:31","slug":"syryjska-flaga-niepodleglosci","status":"publish","type":"product","link":"https:\/\/cosmoflag.com\/pl\/produkt\/syryjska-flaga-niepodleglosci\/","title":{"rendered":"Syryjska flaga niepodleg\u0142o\u015bci"},"content":{"rendered":"<h3><strong>Cechy syryjskiej flagi niepodleg\u0142o\u015bci<\/strong><\/h3>\n<p>Nasza flaga niepodleg\u0142o\u015bci Syrii jest wykonana z wysokiej jako\u015bci poliestru, zapewniaj\u0105c trwa\u0142o\u015b\u0107 i d\u0142ugotrwa\u0142e u\u017cytkowanie zar\u00f3wno wewn\u0105trz, jak i na zewn\u0105trz. Zawiera metalowe przelotki u\u0142atwiaj\u0105ce instalacj\u0119 i bezpieczne mocowanie, nawet w niesprzyjaj\u0105cych warunkach pogodowych. Mierz\u0105ca 90 x 150 cm\/35 x 59 cali flaga zapewnia doskona\u0142\u0105 widoczno\u015b\u0107, niezale\u017cnie od tego, czy jest wy\u015bwietlana na s\u0142upach, \u015bcianach czy podczas zgromadze\u0144 publicznych.<\/p>\n<h3><strong>Symbol wolno\u015bci i oporu<\/strong><\/h3>\n<p>Syryjska flaga niepodleg\u0142o\u015bci, znana r\u00f3wnie\u017c jako \"flaga wolnej Syrii\", sk\u0142ada si\u0119 z trzech poziomych pas\u00f3w w kolorach zielonym, bia\u0142ym i czarnym, z trzema czerwonymi gwiazdami po\u015brodku. Pierwotnie u\u017cywana podczas niepodleg\u0142o\u015bci Syrii w 1932 roku, flaga ta sta\u0142a si\u0119 symbolem syryjskiej opozycji i walki o wolno\u015b\u0107. Zielony pasek reprezentuje ziemi\u0119, bia\u0142y symbolizuje pok\u00f3j, a czarny odzwierciedla dawne walki, podczas gdy czerwone gwiazdy oznaczaj\u0105 po\u015bwi\u0119cenie i nadziej\u0119 na woln\u0105 Syri\u0119.<\/p>\n<h3><strong>Wszechstronno\u015b\u0107 u\u017cytkowania<\/strong><\/h3>\n<p>Idealna na demonstracje, wydarzenia kulturalne, wystawy edukacyjne lub do osobistych kolekcji, flaga niepodleg\u0142o\u015bci Syrii jest wymown\u0105 reprezentacj\u0105 trwaj\u0105cej walki o wolno\u015b\u0107 i jedno\u015b\u0107. Jej odporne na blakni\u0119cie kolory i solidna konstrukcja zapewniaj\u0105, \u017ce pozostanie \u017cywa i efektowna przez d\u0142ugi czas.<\/p>","protected":false},"excerpt":{"rendered":"<p>Flaga o wymiarach 150 x 90 cm z 2 solidnymi metalowymi przelotkami do bezpiecznego zawieszenia.<\/p>","protected":false},"featured_media":1696,"comment_status":"open","ping_status":"closed","template":"","meta":{"_gspb_post_css":"","iawp_total_views":7},"product_brand":[],"product_cat":[60,58],"product_tag":[],"class_list":{"0":"post-2505","1":"product","2":"type-product","3":"status-publish","4":"has-post-thumbnail","6":"product_cat-africa-flags","7":"product_cat-country-flags","9":"first","10":"instock","11":"sale","12":"shipping-taxable","13":"purchasable","14":"product-type-simple"},"_links":{"self":[{"href":"https:\/\/cosmoflag.com\/pl\/wp-json\/wp\/v2\/product\/2505","targetHints":{"allow":["GET"]}}],"collection":[{"href":"https:\/\/cosmoflag.com\/pl\/wp-json\/wp\/v2\/product"}],"about":[{"href":"https:\/\/cosmoflag.com\/pl\/wp-json\/wp\/v2\/types\/product"}],"replies":[{"embeddable":true,"href":"https:\/\/cosmoflag.com\/pl\/wp-json\/wp\/v2\/comments?post=2505"}],"wp:featuredmedia":[{"embeddable":true,"href":"https:\/\/cosmoflag.com\/pl\/wp-json\/wp\/v2\/media\/1696"}],"wp:attachment":[{"href":"https:\/\/cosmoflag.com\/pl\/wp-json\/wp\/v2\/media?parent=2505"}],"wp:term":[{"taxonomy":"product_brand","embeddable":true,"href":"https:\/\/cosmoflag.com\/pl\/wp-json\/wp\/v2\/product_brand?post=2505"},{"taxonomy":"product_cat","embeddable":true,"href":"https:\/\/cosmoflag.com\/pl\/wp-json\/wp\/v2\/product_cat?post=2505"},{"taxonomy":"product_tag","embeddable":true,"href":"https:\/\/cosmoflag.com\/pl\/wp-json\/wp\/v2\/product_tag?post=2505"}],"curies":[{"name":"wp","href":"https:\/\/api.w.org\/{rel}","templated":true}]}}