{"id":2502,"date":"2024-12-19T15:32:00","date_gmt":"2024-12-19T13:32:00","guid":{"rendered":"https:\/\/cosmoflag.com\/?post_type=product&#038;p=2502"},"modified":"2025-08-12T21:20:31","modified_gmt":"2025-08-12T19:20:31","slug":"flaga-tennessee","status":"publish","type":"product","link":"https:\/\/cosmoflag.com\/pl\/produkt\/flaga-tennessee\/","title":{"rendered":"Flaga Tennessee"},"content":{"rendered":"<h3><strong>Cechy flagi Tennessee<\/strong><\/h3>\n<p>Nasza flaga Tennessee jest wykonana z wysokiej jako\u015bci poliestru, co zapewnia doskona\u0142\u0105 trwa\u0142o\u015b\u0107 zar\u00f3wno w zastosowaniach wewn\u0119trznych, jak i zewn\u0119trznych. Posiada metalowe przelotki u\u0142atwiaj\u0105ce instalacj\u0119 i bezpieczne mocowanie, nawet w trudnych warunkach pogodowych. Mierz\u0105ca 90 x 150 cm\/35 x 59 cali flaga zapewnia doskona\u0142\u0105 widoczno\u015b\u0107 na masztach, \u015bcianach lub podczas uroczysto\u015bci publicznych.<\/p>\n<h3><strong>Symbol dziedzictwa i jedno\u015bci<\/strong><\/h3>\n<p>Flaga stanu Tennessee, oficjalnie przyj\u0119ta w 1905 roku, ma uderzaj\u0105ce czerwone pole z niebieskim paskiem na ko\u0144cu. W jej centrum znajduje si\u0119 niebieski okr\u0105g otaczaj\u0105cy trzy bia\u0142e gwiazdy, reprezentuj\u0105ce trzy odr\u0119bne regiony geograficzne stanu - wschodnie, \u015brodkowe i zachodnie Tennessee - zjednoczone jako jedno. Zaprojektowana przez pu\u0142kownika LeRoya Reevesa flaga uosabia bogat\u0105 histori\u0119, kultur\u0119 i jedno\u015b\u0107 Tennessee.<\/p>\n<h3><strong>Wszechstronno\u015b\u0107 u\u017cytkowania<\/strong><\/h3>\n<p>Idealna na uroczysto\u015bci pa\u0144stwowe, wydarzenia kulturalne, cele edukacyjne lub jako cz\u0119\u015b\u0107 osobistej kolekcji, flaga Tennessee jest znacz\u0105c\u0105 reprezentacj\u0105 to\u017csamo\u015bci i dumy stanu. Odporne na blakni\u0119cie kolory i solidna konstrukcja sprawiaj\u0105, \u017ce flaga pozostaje \u017cywa i efektowna przez d\u0142ugi czas.<\/p>","protected":false},"excerpt":{"rendered":"<p>Flaga o wymiarach 150 x 90 cm z 2 solidnymi metalowymi przelotkami do bezpiecznego zawieszenia.<\/p>","protected":false},"featured_media":1709,"comment_status":"open","ping_status":"closed","template":"","meta":{"_gspb_post_css":"","iawp_total_views":5},"product_brand":[],"product_cat":[72,70],"product_tag":[],"class_list":{"0":"post-2502","1":"product","2":"type-product","3":"status-publish","4":"has-post-thumbnail","6":"product_cat-american-state-flags","7":"product_cat-regional-flags","9":"first","10":"instock","11":"sale","12":"shipping-taxable","13":"purchasable","14":"product-type-simple"},"_links":{"self":[{"href":"https:\/\/cosmoflag.com\/pl\/wp-json\/wp\/v2\/product\/2502","targetHints":{"allow":["GET"]}}],"collection":[{"href":"https:\/\/cosmoflag.com\/pl\/wp-json\/wp\/v2\/product"}],"about":[{"href":"https:\/\/cosmoflag.com\/pl\/wp-json\/wp\/v2\/types\/product"}],"replies":[{"embeddable":true,"href":"https:\/\/cosmoflag.com\/pl\/wp-json\/wp\/v2\/comments?post=2502"}],"wp:featuredmedia":[{"embeddable":true,"href":"https:\/\/cosmoflag.com\/pl\/wp-json\/wp\/v2\/media\/1709"}],"wp:attachment":[{"href":"https:\/\/cosmoflag.com\/pl\/wp-json\/wp\/v2\/media?parent=2502"}],"wp:term":[{"taxonomy":"product_brand","embeddable":true,"href":"https:\/\/cosmoflag.com\/pl\/wp-json\/wp\/v2\/product_brand?post=2502"},{"taxonomy":"product_cat","embeddable":true,"href":"https:\/\/cosmoflag.com\/pl\/wp-json\/wp\/v2\/product_cat?post=2502"},{"taxonomy":"product_tag","embeddable":true,"href":"https:\/\/cosmoflag.com\/pl\/wp-json\/wp\/v2\/product_tag?post=2502"}],"curies":[{"name":"wp","href":"https:\/\/api.w.org\/{rel}","templated":true}]}}