{"id":2501,"date":"2024-12-19T15:30:00","date_gmt":"2024-12-19T13:30:00","guid":{"rendered":"https:\/\/cosmoflag.com\/?post_type=product&#038;p=2501"},"modified":"2025-08-12T21:20:32","modified_gmt":"2025-08-12T19:20:32","slug":"flaga-tajlandii","status":"publish","type":"product","link":"https:\/\/cosmoflag.com\/pl\/produkt\/flaga-tajlandii\/","title":{"rendered":"Flaga Tajlandii"},"content":{"rendered":"<h3><strong>Cechy flagi Tajlandii<\/strong><\/h3>\n<p>Nasza flaga Tajlandii jest wykonana z wysokiej jako\u015bci poliestru, co zapewnia jej trwa\u0142o\u015b\u0107 zar\u00f3wno wewn\u0105trz, jak i na zewn\u0105trz. Posiada metalowe przelotki u\u0142atwiaj\u0105ce instalacj\u0119 i bezpieczne mocowanie, nawet w niesprzyjaj\u0105cych warunkach pogodowych. Wymiary 90 x 150 cm\/35 x 59 cali zapewniaj\u0105 doskona\u0142\u0105 widoczno\u015b\u0107 flagi na s\u0142upach, \u015bcianach lub podczas uroczysto\u015bci narodowych.<\/p>\n<h3><strong>Symbol dumy i jedno\u015bci<\/strong><\/h3>\n<p>Flaga Tajlandii, znana r\u00f3wnie\u017c jako \"flaga tr\u00f3jkolorowa\" lub \"Thong Trairong\", zosta\u0142a oficjalnie przyj\u0119ta w 1917 roku. Flaga sk\u0142ada si\u0119 z pi\u0119ciu poziomych pas\u00f3w: czerwonego dla narodu, bia\u0142ego dla religii i niebieskiego dla monarchii. Niebieski \u015brodkowy pasek jest wi\u0119kszy ni\u017c pozosta\u0142e, symbolizuj\u0105c jedno\u015b\u0107 narodu tajskiego pod rz\u0105dami ukochanego kr\u00f3la. Razem kolory te reprezentuj\u0105 g\u0142\u00f3wne filary kraju - nar\u00f3d, religi\u0119 i monarchi\u0119.<\/p>\n<h3><strong>Wszechstronno\u015b\u0107 u\u017cytkowania<\/strong><\/h3>\n<p>Flaga Tajlandii, idealna na uroczysto\u015bci narodowe, wydarzenia kulturalne, do cel\u00f3w edukacyjnych lub osobistych kolekcji, jest znacz\u0105c\u0105 reprezentacj\u0105 to\u017csamo\u015bci i warto\u015bci tego kraju. Odporne na blakni\u0119cie kolory i solidna konstrukcja sprawiaj\u0105, \u017ce flaga pozostaje \u017cywa i efektowna przez d\u0142ugi czas.<\/p>\n<p>&nbsp;<\/p>","protected":false},"excerpt":{"rendered":"<p>Flaga o wymiarach 150 x 90 cm z 2 solidnymi metalowymi przelotkami do bezpiecznego zawieszenia.<\/p>","protected":false},"featured_media":1720,"comment_status":"open","ping_status":"closed","template":"","meta":{"_gspb_post_css":"","iawp_total_views":8},"product_brand":[],"product_cat":[64,58],"product_tag":[],"class_list":{"0":"post-2501","1":"product","2":"type-product","3":"status-publish","4":"has-post-thumbnail","6":"product_cat-asia-flags","7":"product_cat-country-flags","9":"first","10":"instock","11":"sale","12":"shipping-taxable","13":"purchasable","14":"product-type-simple"},"_links":{"self":[{"href":"https:\/\/cosmoflag.com\/pl\/wp-json\/wp\/v2\/product\/2501","targetHints":{"allow":["GET"]}}],"collection":[{"href":"https:\/\/cosmoflag.com\/pl\/wp-json\/wp\/v2\/product"}],"about":[{"href":"https:\/\/cosmoflag.com\/pl\/wp-json\/wp\/v2\/types\/product"}],"replies":[{"embeddable":true,"href":"https:\/\/cosmoflag.com\/pl\/wp-json\/wp\/v2\/comments?post=2501"}],"wp:featuredmedia":[{"embeddable":true,"href":"https:\/\/cosmoflag.com\/pl\/wp-json\/wp\/v2\/media\/1720"}],"wp:attachment":[{"href":"https:\/\/cosmoflag.com\/pl\/wp-json\/wp\/v2\/media?parent=2501"}],"wp:term":[{"taxonomy":"product_brand","embeddable":true,"href":"https:\/\/cosmoflag.com\/pl\/wp-json\/wp\/v2\/product_brand?post=2501"},{"taxonomy":"product_cat","embeddable":true,"href":"https:\/\/cosmoflag.com\/pl\/wp-json\/wp\/v2\/product_cat?post=2501"},{"taxonomy":"product_tag","embeddable":true,"href":"https:\/\/cosmoflag.com\/pl\/wp-json\/wp\/v2\/product_tag?post=2501"}],"curies":[{"name":"wp","href":"https:\/\/api.w.org\/{rel}","templated":true}]}}