{"id":2500,"date":"2024-12-19T15:28:00","date_gmt":"2024-12-19T13:28:00","guid":{"rendered":"https:\/\/cosmoflag.com\/?post_type=product&#038;p=2500"},"modified":"2025-08-12T21:20:32","modified_gmt":"2025-08-12T19:20:32","slug":"flaga-tonga","status":"publish","type":"product","link":"https:\/\/cosmoflag.com\/pl\/produkt\/flaga-tonga\/","title":{"rendered":"Flaga Tonga"},"content":{"rendered":"<h3><strong>Cechy flagi Tonga<\/strong><\/h3>\n<p>Nasza flaga Tonga jest wykonana z wysokiej jako\u015bci poliestru, co zapewnia doskona\u0142\u0105 trwa\u0142o\u015b\u0107 zar\u00f3wno w zastosowaniach wewn\u0119trznych, jak i zewn\u0119trznych. Zawiera metalowe przelotki u\u0142atwiaj\u0105ce instalacj\u0119 i bezpieczne mocowanie, nawet w trudnych warunkach pogodowych. Wymiary 90 x 150 cm\/35 x 59 cali sprawiaj\u0105, \u017ce flaga ta jest doskonale widoczna zar\u00f3wno na masztach, \u015bcianach, jak i podczas wydarze\u0144 kulturalnych.<\/p>\n<h3><strong>Symbol wiary i to\u017csamo\u015bci<\/strong><\/h3>\n<p>Flaga Tonga, oficjalnie przyj\u0119ta w 1875 roku, jest jedn\u0105 z najstarszych niezmienionych flag narodowych na \u015bwiecie. Jej czerwone pole symbolizuje krew Chrystusa, podczas gdy bia\u0142y kanton z czerwonym krzy\u017cem reprezentuje czysto\u015b\u0107 i wiar\u0119 chrze\u015bcija\u0144sk\u0105. Jako jedyny kraj Pacyfiku, kt\u00f3ry nigdy nie zosta\u0142 skolonizowany, flaga jest silnym symbolem dumy, niezale\u017cno\u015bci i oddania Tonga.<\/p>\n<h3><strong>Wszechstronno\u015b\u0107 u\u017cytkowania<\/strong><\/h3>\n<p>Idealna na uroczysto\u015bci narodowe, wydarzenia religijne, pokazy kulturalne lub jako cz\u0119\u015b\u0107 osobistej kolekcji, flaga Tonga jest znacz\u0105c\u0105 reprezentacj\u0105 historii i wiary tego kraju. Odporne na blakni\u0119cie kolory i solidna konstrukcja sprawiaj\u0105, \u017ce flaga pozostaje efektowna wizualnie i symboliczna przez d\u0142ugi czas.<\/p>","protected":false},"excerpt":{"rendered":"<p>Flaga o wymiarach 150 x 90 cm z 2 solidnymi metalowymi przelotkami do bezpiecznego zawieszenia.<\/p>","protected":false},"featured_media":1724,"comment_status":"open","ping_status":"closed","template":"","meta":{"_gspb_post_css":"","iawp_total_views":3},"product_brand":[],"product_cat":[60,58],"product_tag":[],"class_list":{"0":"post-2500","1":"product","2":"type-product","3":"status-publish","4":"has-post-thumbnail","6":"product_cat-africa-flags","7":"product_cat-country-flags","9":"first","10":"instock","11":"sale","12":"shipping-taxable","13":"purchasable","14":"product-type-simple"},"_links":{"self":[{"href":"https:\/\/cosmoflag.com\/pl\/wp-json\/wp\/v2\/product\/2500","targetHints":{"allow":["GET"]}}],"collection":[{"href":"https:\/\/cosmoflag.com\/pl\/wp-json\/wp\/v2\/product"}],"about":[{"href":"https:\/\/cosmoflag.com\/pl\/wp-json\/wp\/v2\/types\/product"}],"replies":[{"embeddable":true,"href":"https:\/\/cosmoflag.com\/pl\/wp-json\/wp\/v2\/comments?post=2500"}],"wp:featuredmedia":[{"embeddable":true,"href":"https:\/\/cosmoflag.com\/pl\/wp-json\/wp\/v2\/media\/1724"}],"wp:attachment":[{"href":"https:\/\/cosmoflag.com\/pl\/wp-json\/wp\/v2\/media?parent=2500"}],"wp:term":[{"taxonomy":"product_brand","embeddable":true,"href":"https:\/\/cosmoflag.com\/pl\/wp-json\/wp\/v2\/product_brand?post=2500"},{"taxonomy":"product_cat","embeddable":true,"href":"https:\/\/cosmoflag.com\/pl\/wp-json\/wp\/v2\/product_cat?post=2500"},{"taxonomy":"product_tag","embeddable":true,"href":"https:\/\/cosmoflag.com\/pl\/wp-json\/wp\/v2\/product_tag?post=2500"}],"curies":[{"name":"wp","href":"https:\/\/api.w.org\/{rel}","templated":true}]}}