{"id":2499,"date":"2024-12-19T14:48:00","date_gmt":"2024-12-19T12:48:00","guid":{"rendered":"https:\/\/cosmoflag.com\/?post_type=product&#038;p=2499"},"modified":"2025-08-12T21:20:35","modified_gmt":"2025-08-12T19:20:35","slug":"flaga-turkmenistanu","status":"publish","type":"product","link":"https:\/\/cosmoflag.com\/pl\/produkt\/flaga-turkmenistanu\/","title":{"rendered":"Flaga Turkmenistanu"},"content":{"rendered":"<h3><strong>Cechy flagi Turkmenistanu<\/strong><\/h3>\n<p>Nasza flaga Turkmenistanu jest wykonana z wysokiej jako\u015bci poliestru, zapewniaj\u0105c doskona\u0142\u0105 trwa\u0142o\u015b\u0107 do d\u0142ugotrwa\u0142ego u\u017cytkowania wewn\u0105trz i na zewn\u0105trz. Posiada metalowe przelotki u\u0142atwiaj\u0105ce instalacj\u0119 i bezpieczne mocowanie, nawet w trudnych warunkach pogodowych. Wymiary 90 x 150 cm\/35 x 59 cali sprawiaj\u0105, \u017ce flaga ta zapewnia doskona\u0142\u0105 widoczno\u015b\u0107 podczas wy\u015bwietlania na s\u0142upach, \u015bcianach lub podczas wydarze\u0144 narodowych.<\/p>\n<h3><strong>Unikalny symbol kultury i to\u017csamo\u015bci<\/strong><\/h3>\n<p>Flaga Turkmenistanu, oficjalnie przyj\u0119ta w 1992 roku, jest jedn\u0105 z najbardziej skomplikowanych flag narodowych na \u015bwiecie. Zielone pole reprezentuje islam i dziedzictwo narodu, podczas gdy pionowy czerwony pas w pobli\u017cu podno\u015bnika zawiera pi\u0119\u0107 tradycyjnych wzor\u00f3w dywan\u00f3w symbolizuj\u0105cych pi\u0119\u0107 g\u0142\u00f3wnych plemion Turkmenistanu. P\u00f3\u0142ksi\u0119\u017cyc i pi\u0119\u0107 bia\u0142ych gwiazd reprezentuj\u0105 nadziej\u0119 i jedno\u015b\u0107 region\u00f3w. Wszystkie te elementy odzwierciedlaj\u0105 bogat\u0105 histori\u0119 i dum\u0119 kulturow\u0105 Turkmenistanu.<\/p>\n<h3><strong>Wszechstronno\u015b\u0107 u\u017cytkowania<\/strong><\/h3>\n<p>Idealna na uroczysto\u015bci narodowe, wydarzenia kulturalne, do cel\u00f3w edukacyjnych lub jako cz\u0119\u015b\u0107 osobistej kolekcji, flaga Turkmenistanu jest znacz\u0105c\u0105 reprezentacj\u0105 to\u017csamo\u015bci kraju. Jej solidna konstrukcja i odporne na blakni\u0119cie kolory sprawiaj\u0105, \u017ce z czasem pozostaje \u017cywa i efektowna.<\/p>","protected":false},"excerpt":{"rendered":"<p>Flaga o wymiarach 150 x 90 cm z 2 solidnymi metalowymi przelotkami do bezpiecznego zawieszenia.<\/p>","protected":false},"featured_media":1742,"comment_status":"open","ping_status":"closed","template":"","meta":{"_gspb_post_css":"","iawp_total_views":3},"product_brand":[],"product_cat":[64,58],"product_tag":[],"class_list":{"0":"post-2499","1":"product","2":"type-product","3":"status-publish","4":"has-post-thumbnail","6":"product_cat-asia-flags","7":"product_cat-country-flags","9":"first","10":"instock","11":"sale","12":"shipping-taxable","13":"purchasable","14":"product-type-simple"},"_links":{"self":[{"href":"https:\/\/cosmoflag.com\/pl\/wp-json\/wp\/v2\/product\/2499","targetHints":{"allow":["GET"]}}],"collection":[{"href":"https:\/\/cosmoflag.com\/pl\/wp-json\/wp\/v2\/product"}],"about":[{"href":"https:\/\/cosmoflag.com\/pl\/wp-json\/wp\/v2\/types\/product"}],"replies":[{"embeddable":true,"href":"https:\/\/cosmoflag.com\/pl\/wp-json\/wp\/v2\/comments?post=2499"}],"wp:featuredmedia":[{"embeddable":true,"href":"https:\/\/cosmoflag.com\/pl\/wp-json\/wp\/v2\/media\/1742"}],"wp:attachment":[{"href":"https:\/\/cosmoflag.com\/pl\/wp-json\/wp\/v2\/media?parent=2499"}],"wp:term":[{"taxonomy":"product_brand","embeddable":true,"href":"https:\/\/cosmoflag.com\/pl\/wp-json\/wp\/v2\/product_brand?post=2499"},{"taxonomy":"product_cat","embeddable":true,"href":"https:\/\/cosmoflag.com\/pl\/wp-json\/wp\/v2\/product_cat?post=2499"},{"taxonomy":"product_tag","embeddable":true,"href":"https:\/\/cosmoflag.com\/pl\/wp-json\/wp\/v2\/product_tag?post=2499"}],"curies":[{"name":"wp","href":"https:\/\/api.w.org\/{rel}","templated":true}]}}