{"id":2497,"date":"2024-12-19T14:41:00","date_gmt":"2024-12-19T12:41:00","guid":{"rendered":"https:\/\/cosmoflag.com\/?post_type=product&#038;p=2497"},"modified":"2025-08-12T21:20:36","modified_gmt":"2025-08-12T19:20:36","slug":"flaga-jemenu","status":"publish","type":"product","link":"https:\/\/cosmoflag.com\/pl\/produkt\/flaga-jemenu\/","title":{"rendered":"Flaga Jemenu"},"content":{"rendered":"<h3><strong>Cechy flagi Jemenu<\/strong><\/h3>\n<p>Nasza flaga Jemenu jest wykonana z wysokiej jako\u015bci poliestru, co zapewnia jej trwa\u0142o\u015b\u0107 podczas d\u0142ugotrwa\u0142ego u\u017cytkowania w pomieszczeniach i na zewn\u0105trz. Posiada metalowe przelotki u\u0142atwiaj\u0105ce instalacj\u0119 i bezpieczne mocowanie, nawet w niesprzyjaj\u0105cych warunkach pogodowych. Wymiary 90 x 150 cm\/35 x 59 cali zapewniaj\u0105 doskona\u0142\u0105 widoczno\u015b\u0107 flagi na s\u0142upach, \u015bcianach lub podczas wydarze\u0144 pa\u0144stwowych.<\/p>\n<h3><strong>Symbol jedno\u015bci i niezale\u017cno\u015bci<\/strong><\/h3>\n<p>Flaga Jemenu, oficjalnie przyj\u0119ta w 1990 r. po zjednoczeniu Jemenu P\u00f3\u0142nocnego i Po\u0142udniowego, sk\u0142ada si\u0119 z trzech poziomych pas\u00f3w w kolorach czerwonym, bia\u0142ym i czarnym. Czerwony symbolizuje krew tych, kt\u00f3rzy po\u015bwi\u0119cili si\u0119 dla niepodleg\u0142o\u015bci, bia\u0142y reprezentuje nadziej\u0119 i \u015bwietlan\u0105 przysz\u0142o\u015b\u0107, a czarny oznacza historyczne zmagania kraju. Ten prosty, ale znacz\u0105cy projekt uosabia dum\u0119 i aspiracje Jemenu.<\/p>\n<h3><strong>Wszechstronno\u015b\u0107 u\u017cytkowania<\/strong><\/h3>\n<p>Idealna na uroczysto\u015bci narodowe, wydarzenia kulturalne, do cel\u00f3w edukacyjnych lub jako cz\u0119\u015b\u0107 osobistej kolekcji, flaga Jemenu jest znacz\u0105c\u0105 reprezentacj\u0105 to\u017csamo\u015bci i dziedzictwa tego kraju. Jej solidna konstrukcja i odporne na blakni\u0119cie kolory zapewniaj\u0105, \u017ce z czasem zachowa ona swoj\u0105 \u017cywotno\u015b\u0107 i znaczenie.<\/p>","protected":false},"excerpt":{"rendered":"<p>Flaga o wymiarach 150 x 90 cm z 2 solidnymi metalowymi przelotkami do bezpiecznego zawieszenia.<\/p>","protected":false},"featured_media":1782,"comment_status":"open","ping_status":"closed","template":"","meta":{"_gspb_post_css":"","iawp_total_views":0},"product_brand":[],"product_cat":[66,58],"product_tag":[],"class_list":{"0":"post-2497","1":"product","2":"type-product","3":"status-publish","4":"has-post-thumbnail","6":"product_cat-middle-east-flags","7":"product_cat-country-flags","9":"first","10":"instock","11":"sale","12":"shipping-taxable","13":"purchasable","14":"product-type-simple"},"_links":{"self":[{"href":"https:\/\/cosmoflag.com\/pl\/wp-json\/wp\/v2\/product\/2497","targetHints":{"allow":["GET"]}}],"collection":[{"href":"https:\/\/cosmoflag.com\/pl\/wp-json\/wp\/v2\/product"}],"about":[{"href":"https:\/\/cosmoflag.com\/pl\/wp-json\/wp\/v2\/types\/product"}],"replies":[{"embeddable":true,"href":"https:\/\/cosmoflag.com\/pl\/wp-json\/wp\/v2\/comments?post=2497"}],"wp:featuredmedia":[{"embeddable":true,"href":"https:\/\/cosmoflag.com\/pl\/wp-json\/wp\/v2\/media\/1782"}],"wp:attachment":[{"href":"https:\/\/cosmoflag.com\/pl\/wp-json\/wp\/v2\/media?parent=2497"}],"wp:term":[{"taxonomy":"product_brand","embeddable":true,"href":"https:\/\/cosmoflag.com\/pl\/wp-json\/wp\/v2\/product_brand?post=2497"},{"taxonomy":"product_cat","embeddable":true,"href":"https:\/\/cosmoflag.com\/pl\/wp-json\/wp\/v2\/product_cat?post=2497"},{"taxonomy":"product_tag","embeddable":true,"href":"https:\/\/cosmoflag.com\/pl\/wp-json\/wp\/v2\/product_tag?post=2497"}],"curies":[{"name":"wp","href":"https:\/\/api.w.org\/{rel}","templated":true}]}}