{"id":2493,"date":"2024-12-19T14:24:00","date_gmt":"2024-12-19T12:24:00","guid":{"rendered":"https:\/\/cosmoflag.com\/?post_type=product&#038;p=2493"},"modified":"2025-08-12T21:20:38","modified_gmt":"2025-08-12T19:20:38","slug":"flaga-stanu-floryda","status":"publish","type":"product","link":"https:\/\/cosmoflag.com\/pl\/produkt\/flaga-stanu-floryda\/","title":{"rendered":"Flaga stanu Floryda"},"content":{"rendered":"<h3><strong>Cechy flagi stanu Floryda<\/strong><\/h3>\n<p>Nasza flaga stanu Floryda jest wykonana z wysokiej jako\u015bci poliestru, oferuj\u0105c doskona\u0142\u0105 trwa\u0142o\u015b\u0107 do ekspozycji wewn\u0105trz i na zewn\u0105trz. Zawiera metalowe przelotki u\u0142atwiaj\u0105ce instalacj\u0119 i bezpieczne mocowanie, nawet w niesprzyjaj\u0105cych warunkach pogodowych. Wymiary 90 x 150 cm\/35 x 59 cali sprawiaj\u0105, \u017ce flaga ta zapewnia doskona\u0142\u0105 widoczno\u015b\u0107 na s\u0142upach, \u015bcianach lub uroczysto\u015bciach publicznych.<\/p>\n<h3><strong>Symbol dziedzictwa Florydy<\/strong><\/h3>\n<p>Flaga stanu Floryda ma bia\u0142e pole z czerwonym krzy\u017cem \u015bw. Andrzeja i piecz\u0119ci\u0105 pa\u0144stwow\u0105 po\u015brodku. Piecz\u0119\u0107 przedstawia kobiet\u0119 Seminol\u00f3w, statek parowy i bujny naturalny krajobraz, symbolizuj\u0105c bogat\u0105 histori\u0119 Florydy, r\u00f3\u017cnorodn\u0105 kultur\u0119 i obfite zasoby naturalne. Oficjalnie przyj\u0119ta w 1900 roku, flaga ta uosabia wyj\u0105tkow\u0105 to\u017csamo\u015b\u0107 i odporno\u015b\u0107 S\u0142onecznego Stanu.<\/p>\n<h3><strong>Wszechstronno\u015b\u0107 u\u017cytkowania<\/strong><\/h3>\n<p>Idealna na uroczysto\u015bci pa\u0144stwowe, wydarzenia kulturalne, cele edukacyjne lub kolekcje osobiste, flaga stanu Floryda jest znacz\u0105cym dodatkiem do ka\u017cdego otoczenia. Odporne na blakni\u0119cie kolory i solidna konstrukcja sprawiaj\u0105, \u017ce flaga zachowuje swoje symboliczne znaczenie i efekt wizualny przez d\u0142ugi czas.<\/p>","protected":false},"excerpt":{"rendered":"<p>Flaga o wymiarach 150 x 90 cm z 2 solidnymi metalowymi przelotkami do bezpiecznego zawieszenia.<\/p>","protected":false},"featured_media":1918,"comment_status":"open","ping_status":"closed","template":"","meta":{"_gspb_post_css":"","iawp_total_views":0},"product_brand":[],"product_cat":[72,70],"product_tag":[],"class_list":{"0":"post-2493","1":"product","2":"type-product","3":"status-publish","4":"has-post-thumbnail","6":"product_cat-american-state-flags","7":"product_cat-regional-flags","9":"first","10":"instock","11":"sale","12":"shipping-taxable","13":"purchasable","14":"product-type-simple"},"_links":{"self":[{"href":"https:\/\/cosmoflag.com\/pl\/wp-json\/wp\/v2\/product\/2493","targetHints":{"allow":["GET"]}}],"collection":[{"href":"https:\/\/cosmoflag.com\/pl\/wp-json\/wp\/v2\/product"}],"about":[{"href":"https:\/\/cosmoflag.com\/pl\/wp-json\/wp\/v2\/types\/product"}],"replies":[{"embeddable":true,"href":"https:\/\/cosmoflag.com\/pl\/wp-json\/wp\/v2\/comments?post=2493"}],"wp:featuredmedia":[{"embeddable":true,"href":"https:\/\/cosmoflag.com\/pl\/wp-json\/wp\/v2\/media\/1918"}],"wp:attachment":[{"href":"https:\/\/cosmoflag.com\/pl\/wp-json\/wp\/v2\/media?parent=2493"}],"wp:term":[{"taxonomy":"product_brand","embeddable":true,"href":"https:\/\/cosmoflag.com\/pl\/wp-json\/wp\/v2\/product_brand?post=2493"},{"taxonomy":"product_cat","embeddable":true,"href":"https:\/\/cosmoflag.com\/pl\/wp-json\/wp\/v2\/product_cat?post=2493"},{"taxonomy":"product_tag","embeddable":true,"href":"https:\/\/cosmoflag.com\/pl\/wp-json\/wp\/v2\/product_tag?post=2493"}],"curies":[{"name":"wp","href":"https:\/\/api.w.org\/{rel}","templated":true}]}}