{"id":2489,"date":"2024-12-19T14:09:00","date_gmt":"2024-12-19T12:09:00","guid":{"rendered":"https:\/\/cosmoflag.com\/?post_type=product&#038;p=2489"},"modified":"2025-08-12T21:20:38","modified_gmt":"2025-08-12T19:20:38","slug":"flaga-gabonu","status":"publish","type":"product","link":"https:\/\/cosmoflag.com\/pl\/produkt\/flaga-gabonu\/","title":{"rendered":"Flaga Gabonu"},"content":{"rendered":"<h3><strong>Cechy flagi Gabonu<\/strong><\/h3>\n<p>Nasza flaga Gabonu jest wykonana z wysokiej jako\u015bci poliestru, zapewniaj\u0105cego trwa\u0142o\u015b\u0107 zar\u00f3wno w pomieszczeniach, jak i na zewn\u0105trz. Zawiera metalowe przelotki u\u0142atwiaj\u0105ce instalacj\u0119 i bezpieczne mocowanie, nawet w trudnych warunkach pogodowych. Mierz\u0105ca 90 x 150 cm\/35 x 59 cali flaga zapewnia doskona\u0142\u0105 widoczno\u015b\u0107, niezale\u017cnie od tego, czy jest wy\u015bwietlana na s\u0142upach, \u015bcianach czy podczas wydarze\u0144 narodowych.<\/p>\n<h3><strong>Symbol jedno\u015bci i natury<\/strong><\/h3>\n<p>Flaga Gabonu, oficjalnie przyj\u0119ta w 1960 roku, sk\u0142ada si\u0119 z trzech poziomych pas\u00f3w w kolorach zielonym, \u017c\u00f3\u0142tym i niebieskim. Zielony symbolizuje bujne lasy i zasoby naturalne Gabonu, \u017c\u00f3\u0142ty reprezentuje s\u0142o\u0144ce i r\u00f3wnik, a niebieski oznacza Ocean Atlantycki. Razem kolory te podkre\u015blaj\u0105 zwi\u0105zek Gabonu ze \u015brodowiskiem i jego pokojowe aspiracje.<\/p>\n<h3><strong>Wszechstronno\u015b\u0107 u\u017cytkowania<\/strong><\/h3>\n<p>Idealna na uroczysto\u015bci pa\u0144stwowe, wydarzenia kulturalne, wystawy edukacyjne lub do osobistych kolekcji, flaga Gabonu jest znacz\u0105c\u0105 reprezentacj\u0105 to\u017csamo\u015bci i dziedzictwa tego kraju. Jej solidna konstrukcja i odporne na blakni\u0119cie kolory sprawiaj\u0105, \u017ce pozostaje ona atrakcyjna wizualnie przez d\u0142ugi czas.<\/p>","protected":false},"excerpt":{"rendered":"<p>Flaga o wymiarach 150 x 90 cm z 2 solidnymi metalowymi przelotkami do bezpiecznego zawieszenia.<\/p>","protected":false},"featured_media":1934,"comment_status":"open","ping_status":"closed","template":"","meta":{"_gspb_post_css":"","iawp_total_views":9},"product_brand":[],"product_cat":[60,58],"product_tag":[],"class_list":{"0":"post-2489","1":"product","2":"type-product","3":"status-publish","4":"has-post-thumbnail","6":"product_cat-africa-flags","7":"product_cat-country-flags","9":"first","10":"instock","11":"sale","12":"shipping-taxable","13":"purchasable","14":"product-type-simple"},"_links":{"self":[{"href":"https:\/\/cosmoflag.com\/pl\/wp-json\/wp\/v2\/product\/2489","targetHints":{"allow":["GET"]}}],"collection":[{"href":"https:\/\/cosmoflag.com\/pl\/wp-json\/wp\/v2\/product"}],"about":[{"href":"https:\/\/cosmoflag.com\/pl\/wp-json\/wp\/v2\/types\/product"}],"replies":[{"embeddable":true,"href":"https:\/\/cosmoflag.com\/pl\/wp-json\/wp\/v2\/comments?post=2489"}],"wp:featuredmedia":[{"embeddable":true,"href":"https:\/\/cosmoflag.com\/pl\/wp-json\/wp\/v2\/media\/1934"}],"wp:attachment":[{"href":"https:\/\/cosmoflag.com\/pl\/wp-json\/wp\/v2\/media?parent=2489"}],"wp:term":[{"taxonomy":"product_brand","embeddable":true,"href":"https:\/\/cosmoflag.com\/pl\/wp-json\/wp\/v2\/product_brand?post=2489"},{"taxonomy":"product_cat","embeddable":true,"href":"https:\/\/cosmoflag.com\/pl\/wp-json\/wp\/v2\/product_cat?post=2489"},{"taxonomy":"product_tag","embeddable":true,"href":"https:\/\/cosmoflag.com\/pl\/wp-json\/wp\/v2\/product_tag?post=2489"}],"curies":[{"name":"wp","href":"https:\/\/api.w.org\/{rel}","templated":true}]}}