{"id":2484,"date":"2024-12-19T13:53:00","date_gmt":"2024-12-19T11:53:00","guid":{"rendered":"https:\/\/cosmoflag.com\/?post_type=product&#038;p=2484"},"modified":"2025-08-12T21:20:40","modified_gmt":"2025-08-12T19:20:40","slug":"flaga-kosowa","status":"publish","type":"product","link":"https:\/\/cosmoflag.com\/pl\/produkt\/flaga-kosowa\/","title":{"rendered":"Flaga Kosowa"},"content":{"rendered":"<h3><strong>Cechy flagi Kosowa<\/strong><\/h3>\n<p>Nasza flaga Kosowa jest wykonana z wysokiej jako\u015bci poliestru, zapewniaj\u0105cego trwa\u0142o\u015b\u0107 i d\u0142ugotrwa\u0142e u\u017cytkowanie zar\u00f3wno wewn\u0105trz, jak i na zewn\u0105trz. Zawiera metalowe przelotki u\u0142atwiaj\u0105ce instalacj\u0119 i bezpieczne mocowanie, nawet w trudnych warunkach pogodowych. Wymiary 90 x 150 cm\/35 x 59 cali sprawiaj\u0105, \u017ce flaga ta jest doskonale widoczna i mo\u017ce by\u0107 umieszczana na s\u0142upach, \u015bcianach lub podczas uroczysto\u015bci pa\u0144stwowych.<\/p>\n<h3><strong>Symbol niezale\u017cno\u015bci i jedno\u015bci<\/strong><\/h3>\n<p>Flaga Kosowa, oficjalnie przyj\u0119ta w 2008 roku, reprezentuje niepodleg\u0142o\u015b\u0107 kraju i jego wielokulturow\u0105 to\u017csamo\u015b\u0107. Flaga ma niebieskie t\u0142o ze z\u0142otym konturem Kosowa po\u015brodku, otoczonym sze\u015bcioma bia\u0142ymi gwiazdami. Ka\u017cda gwiazda symbolizuje jedn\u0105 z g\u0142\u00f3wnych grup etnicznych Kosowa, odzwierciedlaj\u0105c jedno\u015b\u0107 i r\u00f3\u017cnorodno\u015b\u0107 jego mieszka\u0144c\u00f3w. Projekt ten uciele\u015bnia aspiracje Kosowa do pokoju i uznania.<\/p>\n<h3><strong>Wszechstronno\u015b\u0107 u\u017cytkowania<\/strong><\/h3>\n<p>Idealna na wydarzenia narodowe, uroczysto\u015bci kulturalne, do cel\u00f3w edukacyjnych lub osobistych kolekcji, flaga Kosowa jest wszechstronnym i znacz\u0105cym dodatkiem do ka\u017cdego otoczenia. Jej solidna konstrukcja i odporne na blakni\u0119cie kolory zapewniaj\u0105, \u017ce z czasem zachowa swoje symboliczne znaczenie i efekt wizualny.<\/p>","protected":false},"excerpt":{"rendered":"<p>Flaga o wymiarach 150 x 90 cm z 2 solidnymi metalowymi przelotkami do bezpiecznego zawieszenia.<\/p>","protected":false},"featured_media":2027,"comment_status":"open","ping_status":"closed","template":"","meta":{"_gspb_post_css":"","iawp_total_views":6},"product_brand":[],"product_cat":[65,58],"product_tag":[],"class_list":{"0":"post-2484","1":"product","2":"type-product","3":"status-publish","4":"has-post-thumbnail","6":"product_cat-europe-flags","7":"product_cat-country-flags","9":"first","10":"instock","11":"sale","12":"shipping-taxable","13":"purchasable","14":"product-type-simple"},"_links":{"self":[{"href":"https:\/\/cosmoflag.com\/pl\/wp-json\/wp\/v2\/product\/2484","targetHints":{"allow":["GET"]}}],"collection":[{"href":"https:\/\/cosmoflag.com\/pl\/wp-json\/wp\/v2\/product"}],"about":[{"href":"https:\/\/cosmoflag.com\/pl\/wp-json\/wp\/v2\/types\/product"}],"replies":[{"embeddable":true,"href":"https:\/\/cosmoflag.com\/pl\/wp-json\/wp\/v2\/comments?post=2484"}],"wp:featuredmedia":[{"embeddable":true,"href":"https:\/\/cosmoflag.com\/pl\/wp-json\/wp\/v2\/media\/2027"}],"wp:attachment":[{"href":"https:\/\/cosmoflag.com\/pl\/wp-json\/wp\/v2\/media?parent=2484"}],"wp:term":[{"taxonomy":"product_brand","embeddable":true,"href":"https:\/\/cosmoflag.com\/pl\/wp-json\/wp\/v2\/product_brand?post=2484"},{"taxonomy":"product_cat","embeddable":true,"href":"https:\/\/cosmoflag.com\/pl\/wp-json\/wp\/v2\/product_cat?post=2484"},{"taxonomy":"product_tag","embeddable":true,"href":"https:\/\/cosmoflag.com\/pl\/wp-json\/wp\/v2\/product_tag?post=2484"}],"curies":[{"name":"wp","href":"https:\/\/api.w.org\/{rel}","templated":true}]}}