{"id":2483,"date":"2024-12-19T13:48:00","date_gmt":"2024-12-19T11:48:00","guid":{"rendered":"https:\/\/cosmoflag.com\/?post_type=product&#038;p=2483"},"modified":"2025-08-12T21:20:40","modified_gmt":"2025-08-12T19:20:40","slug":"flaga-kurdystanu","status":"publish","type":"product","link":"https:\/\/cosmoflag.com\/pl\/produkt\/flaga-kurdystanu\/","title":{"rendered":"Flaga Kurdystanu"},"content":{"rendered":"<h3><strong>Cechy flagi Kurdystanu<\/strong><\/h3>\n<p>Nasza flaga Kurdystanu jest wykonana z wysokiej jako\u015bci poliestru, oferuj\u0105c doskona\u0142\u0105 trwa\u0142o\u015b\u0107 zar\u00f3wno do u\u017cytku wewn\u0119trznego, jak i zewn\u0119trznego. Posiada metalowe przelotki u\u0142atwiaj\u0105ce instalacj\u0119 i bezpieczne mocowanie, nawet w trudnych warunkach pogodowych. Mierz\u0105ca 90 x 150 cm\/35 x 59 cali flaga zapewnia maksymaln\u0105 widoczno\u015b\u0107, niezale\u017cnie od tego, czy jest wywieszona na maszcie, \u015bcianie czy podczas spotka\u0144 kulturalnych.<\/p>\n<h3><strong>Symbol to\u017csamo\u015bci i wolno\u015bci<\/strong><\/h3>\n<p>Flaga Kurdystanu, znana r\u00f3wnie\u017c jako \"Ala Reng\u00een\", zosta\u0142a oficjalnie przyj\u0119ta w 1927 roku. Jej czerwone, bia\u0142e i zielone poziome pasy reprezentuj\u0105 odpowiednio po\u015bwi\u0119cenie narodu kurdyjskiego, pok\u00f3j i \u017cyzno\u015b\u0107 ziemi. W centrum flagi znajduje si\u0119 z\u0142ote s\u0142o\u0144ce z 21 promieniami, symbolizuj\u0105ce \u015bwiat\u0142o, wolno\u015b\u0107 i \u017cycie. Flaga ta jest pot\u0119\u017cnym symbolem kurdyjskiej to\u017csamo\u015bci, jedno\u015bci i d\u0105\u017cenia do wolno\u015bci.<\/p>\n<h3><strong>Wszechstronno\u015b\u0107 u\u017cytkowania<\/strong><\/h3>\n<p>Idealna na uroczysto\u015bci kulturalne, wydarzenia narodowe, do cel\u00f3w edukacyjnych lub osobistych kolekcji, flaga Kurdystanu s\u0142u\u017cy jako znacz\u0105ca reprezentacja dziedzictwa i nadziei. Jej solidna konstrukcja i odporne na blakni\u0119cie kolory zapewniaj\u0105, \u017ce z czasem zachowa sw\u00f3j wizualny i symboliczny wp\u0142yw.<\/p>","protected":false},"excerpt":{"rendered":"<p>Flaga o wymiarach 150 x 90 cm z 2 solidnymi metalowymi przelotkami do bezpiecznego zawieszenia.<\/p>","protected":false},"featured_media":2034,"comment_status":"open","ping_status":"closed","template":"","meta":{"_gspb_post_css":"","iawp_total_views":160},"product_brand":[],"product_cat":[58,66],"product_tag":[],"class_list":{"0":"post-2483","1":"product","2":"type-product","3":"status-publish","4":"has-post-thumbnail","6":"product_cat-country-flags","7":"product_cat-middle-east-flags","9":"first","10":"instock","11":"sale","12":"shipping-taxable","13":"purchasable","14":"product-type-simple"},"_links":{"self":[{"href":"https:\/\/cosmoflag.com\/pl\/wp-json\/wp\/v2\/product\/2483","targetHints":{"allow":["GET"]}}],"collection":[{"href":"https:\/\/cosmoflag.com\/pl\/wp-json\/wp\/v2\/product"}],"about":[{"href":"https:\/\/cosmoflag.com\/pl\/wp-json\/wp\/v2\/types\/product"}],"replies":[{"embeddable":true,"href":"https:\/\/cosmoflag.com\/pl\/wp-json\/wp\/v2\/comments?post=2483"}],"wp:featuredmedia":[{"embeddable":true,"href":"https:\/\/cosmoflag.com\/pl\/wp-json\/wp\/v2\/media\/2034"}],"wp:attachment":[{"href":"https:\/\/cosmoflag.com\/pl\/wp-json\/wp\/v2\/media?parent=2483"}],"wp:term":[{"taxonomy":"product_brand","embeddable":true,"href":"https:\/\/cosmoflag.com\/pl\/wp-json\/wp\/v2\/product_brand?post=2483"},{"taxonomy":"product_cat","embeddable":true,"href":"https:\/\/cosmoflag.com\/pl\/wp-json\/wp\/v2\/product_cat?post=2483"},{"taxonomy":"product_tag","embeddable":true,"href":"https:\/\/cosmoflag.com\/pl\/wp-json\/wp\/v2\/product_tag?post=2483"}],"curies":[{"name":"wp","href":"https:\/\/api.w.org\/{rel}","templated":true}]}}