{"id":2479,"date":"2024-12-19T13:39:00","date_gmt":"2024-12-19T11:39:00","guid":{"rendered":"https:\/\/cosmoflag.com\/?post_type=product&#038;p=2479"},"modified":"2025-08-12T21:20:41","modified_gmt":"2025-08-12T19:20:41","slug":"flaga-paragwaju","status":"publish","type":"product","link":"https:\/\/cosmoflag.com\/pl\/produkt\/flaga-paragwaju\/","title":{"rendered":"Flaga Paragwaju"},"content":{"rendered":"<h3><strong>Cechy flagi Paragwaju<\/strong><\/h3>\n<p>Nasza flaga Paragwaju jest wykonana z wysokiej jako\u015bci poliestru, zapewniaj\u0105cego trwa\u0142o\u015b\u0107 i d\u0142ugotrwa\u0142e u\u017cytkowanie zar\u00f3wno wewn\u0105trz, jak i na zewn\u0105trz. Jest wyposa\u017cona w metalowe przelotki u\u0142atwiaj\u0105ce instalacj\u0119 i bezpieczne mocowanie, nawet w niesprzyjaj\u0105cych warunkach pogodowych. Wymiary 90 x 150 cm\/35 x 59 cali sprawiaj\u0105, \u017ce flaga ta zapewnia doskona\u0142\u0105 widoczno\u015b\u0107 podczas wywieszania na s\u0142upach, \u015bcianach lub podczas wydarze\u0144 pa\u0144stwowych.<\/p>\n<h3><strong>Wyj\u0105tkowy symbol narodowy<\/strong><\/h3>\n<p>Flaga Paragwaju, oficjalnie przyj\u0119ta w 1842 roku, jest jedn\u0105 z niewielu flag na \u015bwiecie z unikalnym wzorem na ka\u017cdej stronie. Na awersie znajduje si\u0119 herb narodowy, symbolizuj\u0105cy pok\u00f3j i sprawiedliwo\u015b\u0107, podczas gdy rewers przedstawia piecz\u0119\u0107 skarbow\u0105, reprezentuj\u0105c\u0105 dobrobyt. Trzy poziome pasy w kolorach czerwonym, bia\u0142ym i niebieskim oznaczaj\u0105 odwag\u0119, pok\u00f3j i wolno\u015b\u0107, co czyni j\u0105 charakterystycznym symbolem warto\u015bci i dziedzictwa kraju.<\/p>\n<h3><strong>Wszechstronno\u015b\u0107 u\u017cytkowania<\/strong><\/h3>\n<p>Idealna na uroczysto\u015bci narodowe, wydarzenia kulturalne, do cel\u00f3w edukacyjnych lub jako przedmiot kolekcjonerski, flaga Paragwaju jest wszechstronnym i znacz\u0105cym dodatkiem. Jej solidna konstrukcja i odporne na blakni\u0119cie kolory zapewniaj\u0105, \u017ce z czasem zachowa sw\u00f3j wizualny wp\u0142yw i symboliczne znaczenie.<\/p>","protected":false},"excerpt":{"rendered":"<p>Flaga o wymiarach 150 x 90 cm z 2 solidnymi metalowymi przelotkami do bezpiecznego zawieszenia.<\/p>","protected":false},"featured_media":2132,"comment_status":"open","ping_status":"closed","template":"","meta":{"_gspb_post_css":"","iawp_total_views":2},"product_brand":[],"product_cat":[58,63],"product_tag":[],"class_list":{"0":"post-2479","1":"product","2":"type-product","3":"status-publish","4":"has-post-thumbnail","6":"product_cat-country-flags","7":"product_cat-south-america-flag","9":"first","10":"instock","11":"sale","12":"shipping-taxable","13":"purchasable","14":"product-type-simple"},"_links":{"self":[{"href":"https:\/\/cosmoflag.com\/pl\/wp-json\/wp\/v2\/product\/2479","targetHints":{"allow":["GET"]}}],"collection":[{"href":"https:\/\/cosmoflag.com\/pl\/wp-json\/wp\/v2\/product"}],"about":[{"href":"https:\/\/cosmoflag.com\/pl\/wp-json\/wp\/v2\/types\/product"}],"replies":[{"embeddable":true,"href":"https:\/\/cosmoflag.com\/pl\/wp-json\/wp\/v2\/comments?post=2479"}],"wp:featuredmedia":[{"embeddable":true,"href":"https:\/\/cosmoflag.com\/pl\/wp-json\/wp\/v2\/media\/2132"}],"wp:attachment":[{"href":"https:\/\/cosmoflag.com\/pl\/wp-json\/wp\/v2\/media?parent=2479"}],"wp:term":[{"taxonomy":"product_brand","embeddable":true,"href":"https:\/\/cosmoflag.com\/pl\/wp-json\/wp\/v2\/product_brand?post=2479"},{"taxonomy":"product_cat","embeddable":true,"href":"https:\/\/cosmoflag.com\/pl\/wp-json\/wp\/v2\/product_cat?post=2479"},{"taxonomy":"product_tag","embeddable":true,"href":"https:\/\/cosmoflag.com\/pl\/wp-json\/wp\/v2\/product_tag?post=2479"}],"curies":[{"name":"wp","href":"https:\/\/api.w.org\/{rel}","templated":true}]}}