{"id":2467,"date":"2024-12-17T13:55:00","date_gmt":"2024-12-17T11:55:00","guid":{"rendered":"https:\/\/cosmoflag.com\/?post_type=product&#038;p=2467"},"modified":"2025-12-18T18:41:15","modified_gmt":"2025-12-18T16:41:15","slug":"flaga-palestyny","status":"publish","type":"product","link":"https:\/\/cosmoflag.com\/pl\/produkt\/flaga-palestyny\/","title":{"rendered":"Flaga Palestyny"},"content":{"rendered":"<h3>Cechy flagi palesty\u0144skiej<\/h3>\n<p>Nasza flaga Palestyny jest wykonana z wysokiej jako\u015bci poliestru, dzi\u0119ki czemu idealnie nadaje si\u0119 do trwa\u0142ego u\u017cytku wewn\u0105trz i na zewn\u0105trz. Posiada metalowe przelotki u\u0142atwiaj\u0105ce monta\u017c i zapewniaj\u0105ce bezpieczne mocowanie, nawet w niesprzyjaj\u0105cych warunkach pogodowych. Dost\u0119pna w rozmiarze 90 x 150 cm\/35 x 59 cali dla maksymalnej widoczno\u015bci, nasza flaga spe\u0142nia r\u00f3\u017cne potrzeby, niezale\u017cnie od tego, czy chcesz j\u0105 wyeksponowa\u0107 na maszcie, czy na \u015bcianie.<\/p>\n<h3>Symbol narodowy przesi\u0105kni\u0119ty histori\u0105<\/h3>\n<p>Palesty\u0144ska flaga z czarnymi, bia\u0142ymi i zielonymi pasami oraz czerwonym tr\u00f3jk\u0105tem jest czym\u015b wi\u0119cej ni\u017c tylko narodowym sztandarem. Przyj\u0119ta w 1964 roku, symbolizuje palesty\u0144skie aspiracje do niepodleg\u0142o\u015bci i to\u017csamo\u015bci. Czer\u0144 symbolizuje znoszone wyzwania, biel - pok\u00f3j, ziele\u0144 - \u017cyzno\u015b\u0107 i dobrobyt ziemi, a czerwie\u0144 - odwag\u0119 i po\u015bwi\u0119cenie. Ta flaga nie jest tylko elementem dekoracyjnym; uosabia histori\u0119 i aspiracje narodu palesty\u0144skiego.<\/p>\n<h3>Wszechstronno\u015b\u0107 zastosowania<\/h3>\n<p>Niezale\u017cnie od tego, czy chodzi o obchody narodowe, wydarzenia spo\u0142eczne czy cele edukacyjne, flaga palesty\u0144ska jest odpowiednia na ka\u017cd\u0105 okazj\u0119. Solidna konstrukcja i odporne na blakni\u0119cie kolory zapewniaj\u0105, \u017ce flaga z czasem zachowa swoje znaczenie i efekt wizualny.<\/p>","protected":false},"excerpt":{"rendered":"<p>Flaga o wymiarach 150 x 90 cm z 2 solidnymi metalowymi przelotkami do bezpiecznego zawieszenia.<\/p>","protected":false},"featured_media":2117,"comment_status":"open","ping_status":"closed","template":"","meta":{"_gspb_post_css":"","iawp_total_views":237},"product_brand":[],"product_cat":[66,58],"product_tag":[],"class_list":{"0":"post-2467","1":"product","2":"type-product","3":"status-publish","4":"has-post-thumbnail","6":"product_cat-middle-east-flags","7":"product_cat-country-flags","9":"first","10":"instock","11":"sale","12":"shipping-taxable","13":"purchasable","14":"product-type-simple"},"_links":{"self":[{"href":"https:\/\/cosmoflag.com\/pl\/wp-json\/wp\/v2\/product\/2467","targetHints":{"allow":["GET"]}}],"collection":[{"href":"https:\/\/cosmoflag.com\/pl\/wp-json\/wp\/v2\/product"}],"about":[{"href":"https:\/\/cosmoflag.com\/pl\/wp-json\/wp\/v2\/types\/product"}],"replies":[{"embeddable":true,"href":"https:\/\/cosmoflag.com\/pl\/wp-json\/wp\/v2\/comments?post=2467"}],"wp:featuredmedia":[{"embeddable":true,"href":"https:\/\/cosmoflag.com\/pl\/wp-json\/wp\/v2\/media\/2117"}],"wp:attachment":[{"href":"https:\/\/cosmoflag.com\/pl\/wp-json\/wp\/v2\/media?parent=2467"}],"wp:term":[{"taxonomy":"product_brand","embeddable":true,"href":"https:\/\/cosmoflag.com\/pl\/wp-json\/wp\/v2\/product_brand?post=2467"},{"taxonomy":"product_cat","embeddable":true,"href":"https:\/\/cosmoflag.com\/pl\/wp-json\/wp\/v2\/product_cat?post=2467"},{"taxonomy":"product_tag","embeddable":true,"href":"https:\/\/cosmoflag.com\/pl\/wp-json\/wp\/v2\/product_tag?post=2467"}],"curies":[{"name":"wp","href":"https:\/\/api.w.org\/{rel}","templated":true}]}}