{"id":2459,"date":"2024-12-16T14:49:00","date_gmt":"2024-12-16T12:49:00","guid":{"rendered":"https:\/\/cosmoflag.com\/?post_type=product&#038;p=2459"},"modified":"2025-08-12T21:20:48","modified_gmt":"2025-08-12T19:20:48","slug":"flaga-ussr","status":"publish","type":"product","link":"https:\/\/cosmoflag.com\/pl\/produkt\/flaga-ussr\/","title":{"rendered":"Flaga ZSRR"},"content":{"rendered":"<h3><strong>Cechy flagi ZSRR<\/strong><\/h3>\n<p>Nasza flaga Zwi\u0105zku Socjalistycznych Republik Radzieckich jest wykonana z wysokiej jako\u015bci poliestru, dzi\u0119ki czemu idealnie nadaje si\u0119 do d\u0142ugotrwa\u0142ego u\u017cytkowania, zar\u00f3wno wewn\u0105trz, jak i na zewn\u0105trz. Posiada metalowe przelotki u\u0142atwiaj\u0105ce monta\u017c i gwarantuj\u0105ce trwa\u0142o\u015b\u0107 nawet w niesprzyjaj\u0105cych warunkach pogodowych. Dost\u0119pna w rozmiarze 90 x 150 cm\/35 x 59 cali dla maksymalnej widoczno\u015bci, nasza flaga spe\u0142nia r\u00f3\u017cne potrzeby, niezale\u017cnie od tego, czy chcesz j\u0105 wyeksponowa\u0107 na maszcie, czy na \u015bcianie.<\/p>\n<h3><strong>Symbol historycznego dziedzictwa<\/strong><\/h3>\n<p>Flaga Zwi\u0105zku Socjalistycznych Republik Radzieckich, z ikonicznym czerwonym t\u0142em i z\u0142otym emblematem m\u0142ota i sierpa zwie\u0144czonym gwiazd\u0105, stanowi pot\u0119\u017cny symbol Zwi\u0105zku Radzieckiego. Oficjalnie przyj\u0119ta w 1923 roku, symbolizuje jedno\u015b\u0107 robotnik\u00f3w i ch\u0142op\u00f3w, uciele\u015bniaj\u0105c idea\u0142y socjalizmu. Czerwie\u0144 symbolizuje rewolucj\u0119, podczas gdy m\u0142ot i sierp oznaczaj\u0105 przemys\u0142 i rolnictwo, tworz\u0105c fundament radzieckiego spo\u0142ecze\u0144stwa.<\/p>\n<h3><strong>Wszechstronno\u015b\u0107 u\u017cytkowania<\/strong><\/h3>\n<p>Niezale\u017cnie od tego, czy chodzi o rekonstrukcje historyczne, wydarzenia tematyczne, pokazy edukacyjne czy kolekcje osobiste, flaga ZSRR s\u0142u\u017cy jako znacz\u0105cy element historii. Wytrzyma\u0142a konstrukcja i odporne na blakni\u0119cie kolory zapewniaj\u0105, \u017ce flaga z czasem zachowa swoje symboliczne znaczenie i efekt wizualny.<\/p>","protected":false},"excerpt":{"rendered":"<p>Flaga o wymiarach 150 x 90 cm z 2 solidnymi metalowymi przelotkami do bezpiecznego zawieszenia.<\/p>","protected":false},"featured_media":2460,"comment_status":"open","ping_status":"closed","template":"","meta":{"_gspb_post_css":"","iawp_total_views":68},"product_brand":[],"product_cat":[69],"product_tag":[],"class_list":{"0":"post-2459","1":"product","2":"type-product","3":"status-publish","4":"has-post-thumbnail","6":"product_cat-historical-flags","8":"first","9":"instock","10":"sale","11":"shipping-taxable","12":"purchasable","13":"product-type-simple"},"_links":{"self":[{"href":"https:\/\/cosmoflag.com\/pl\/wp-json\/wp\/v2\/product\/2459","targetHints":{"allow":["GET"]}}],"collection":[{"href":"https:\/\/cosmoflag.com\/pl\/wp-json\/wp\/v2\/product"}],"about":[{"href":"https:\/\/cosmoflag.com\/pl\/wp-json\/wp\/v2\/types\/product"}],"replies":[{"embeddable":true,"href":"https:\/\/cosmoflag.com\/pl\/wp-json\/wp\/v2\/comments?post=2459"}],"wp:featuredmedia":[{"embeddable":true,"href":"https:\/\/cosmoflag.com\/pl\/wp-json\/wp\/v2\/media\/2460"}],"wp:attachment":[{"href":"https:\/\/cosmoflag.com\/pl\/wp-json\/wp\/v2\/media?parent=2459"}],"wp:term":[{"taxonomy":"product_brand","embeddable":true,"href":"https:\/\/cosmoflag.com\/pl\/wp-json\/wp\/v2\/product_brand?post=2459"},{"taxonomy":"product_cat","embeddable":true,"href":"https:\/\/cosmoflag.com\/pl\/wp-json\/wp\/v2\/product_cat?post=2459"},{"taxonomy":"product_tag","embeddable":true,"href":"https:\/\/cosmoflag.com\/pl\/wp-json\/wp\/v2\/product_tag?post=2459"}],"curies":[{"name":"wp","href":"https:\/\/api.w.org\/{rel}","templated":true}]}}