{"id":2456,"date":"2024-12-16T14:35:00","date_gmt":"2024-12-16T12:35:00","guid":{"rendered":"https:\/\/cosmoflag.com\/?post_type=product&#038;p=2456"},"modified":"2025-10-31T17:34:46","modified_gmt":"2025-10-31T15:34:46","slug":"flaga-zwiazku-radzieckiego","status":"publish","type":"product","link":"https:\/\/cosmoflag.com\/pl\/produkt\/flaga-zwiazku-radzieckiego\/","title":{"rendered":"Flaga Zwi\u0105zku Radzieckiego"},"content":{"rendered":"<h3><strong>Cechy flagi Zwi\u0105zku Radzieckiego<\/strong><\/h3>\n<p>Nasza flaga Zwi\u0105zku Radzieckiego jest wykonana z wysokiej jako\u015bci poliestru, zapewniaj\u0105cego trwa\u0142o\u015b\u0107 i d\u0142ugotrwa\u0142e u\u017cytkowanie zar\u00f3wno wewn\u0105trz, jak i na zewn\u0105trz. Wyposa\u017cona w metalowe przelotki, umo\u017cliwia \u0142atw\u0105 instalacj\u0119 i gwarantuje bezpieczne mocowanie, nawet w niesprzyjaj\u0105cych warunkach pogodowych. Mierz\u0105ca 90 x 150 cm\/35 x 59 cali flaga zapewnia doskona\u0142\u0105 widoczno\u015b\u0107, niezale\u017cnie od tego, czy jest wy\u015bwietlana na maszcie, \u015bcianie czy jako cz\u0119\u015b\u0107 kolekcji.<\/p>\n<h3><strong>Pot\u0119\u017cny symbol historii<\/strong><\/h3>\n<p>Flaga Zwi\u0105zku Radzieckiego, z uderzaj\u0105cym czerwonym t\u0142em i ikonicznym z\u0142otym m\u0142otem, sierpem i gwiazd\u0105, jest symbolem jedno\u015bci, rewolucji i socjalizmu. Oficjalnie przyj\u0119ta w 1923 roku, reprezentuje wsp\u00f3\u0142prac\u0119 robotnik\u00f3w (m\u0142ot) i ch\u0142op\u00f3w (sierp), podczas gdy gwiazda oznacza przewodni\u0105 rol\u0119 Partii Komunistycznej. Flaga ta uosabia wa\u017cny rozdzia\u0142 historii XX wieku i jest symbolem ruch\u00f3w ideologicznych na ca\u0142ym \u015bwiecie.<\/p>\n<h3><strong>Wszechstronno\u015b\u0107 u\u017cytkowania<\/strong><\/h3>\n<p>Idealna do rekonstrukcji historycznych, wydarze\u0144 tematycznych, pokaz\u00f3w edukacyjnych lub jako cz\u0119\u015b\u0107 przedmiot\u00f3w kolekcjonerskich, flaga Zwi\u0105zku Radzieckiego oferuje solidn\u0105 konstrukcj\u0119 i \u017cywe, odporne na blakni\u0119cie kolory. Zachowuje sw\u00f3j wizualny i symboliczny wp\u0142yw przez wiele lat, dzi\u0119ki czemu nadaje si\u0119 na ka\u017cd\u0105 okazj\u0119.<\/p>","protected":false},"excerpt":{"rendered":"<p>Flaga o wymiarach 150 x 90 cm z 2 solidnymi metalowymi przelotkami do bezpiecznego zawieszenia.<\/p>","protected":false},"featured_media":2189,"comment_status":"open","ping_status":"closed","template":"","meta":{"_gspb_post_css":"","iawp_total_views":35},"product_brand":[],"product_cat":[69],"product_tag":[],"class_list":{"0":"post-2456","1":"product","2":"type-product","3":"status-publish","4":"has-post-thumbnail","6":"product_cat-historical-flags","8":"first","9":"instock","10":"sale","11":"shipping-taxable","12":"purchasable","13":"product-type-simple"},"_links":{"self":[{"href":"https:\/\/cosmoflag.com\/pl\/wp-json\/wp\/v2\/product\/2456","targetHints":{"allow":["GET"]}}],"collection":[{"href":"https:\/\/cosmoflag.com\/pl\/wp-json\/wp\/v2\/product"}],"about":[{"href":"https:\/\/cosmoflag.com\/pl\/wp-json\/wp\/v2\/types\/product"}],"replies":[{"embeddable":true,"href":"https:\/\/cosmoflag.com\/pl\/wp-json\/wp\/v2\/comments?post=2456"}],"wp:featuredmedia":[{"embeddable":true,"href":"https:\/\/cosmoflag.com\/pl\/wp-json\/wp\/v2\/media\/2189"}],"wp:attachment":[{"href":"https:\/\/cosmoflag.com\/pl\/wp-json\/wp\/v2\/media?parent=2456"}],"wp:term":[{"taxonomy":"product_brand","embeddable":true,"href":"https:\/\/cosmoflag.com\/pl\/wp-json\/wp\/v2\/product_brand?post=2456"},{"taxonomy":"product_cat","embeddable":true,"href":"https:\/\/cosmoflag.com\/pl\/wp-json\/wp\/v2\/product_cat?post=2456"},{"taxonomy":"product_tag","embeddable":true,"href":"https:\/\/cosmoflag.com\/pl\/wp-json\/wp\/v2\/product_tag?post=2456"}],"curies":[{"name":"wp","href":"https:\/\/api.w.org\/{rel}","templated":true}]}}