{"id":2449,"date":"2024-12-16T14:12:00","date_gmt":"2024-12-16T12:12:00","guid":{"rendered":"https:\/\/cosmoflag.com\/?post_type=product&#038;p=2449"},"modified":"2025-08-12T21:20:51","modified_gmt":"2025-08-12T19:20:51","slug":"flaga-bialorusi","status":"publish","type":"product","link":"https:\/\/cosmoflag.com\/pl\/produkt\/flaga-bialorusi\/","title":{"rendered":"Flaga Bia\u0142orusi"},"content":{"rendered":"<h3>Cechy flagi Bia\u0142orusi<\/h3>\n<p>Nasza flaga Bia\u0142orusi jest wykonana z wysokiej jako\u015bci poliestru, dzi\u0119ki czemu idealnie nadaje si\u0119 do d\u0142ugotrwa\u0142ego u\u017cytkowania, zar\u00f3wno wewn\u0105trz, jak i na zewn\u0105trz. Posiada metalowe przelotki dla \u0142atwego monta\u017cu i bezpiecznego trzymania, nawet w niesprzyjaj\u0105cych warunkach pogodowych. Dost\u0119pna w rozmiarze 90 x 150 cm\/35 x 59 cali dla maksymalnej widoczno\u015bci, nasza flaga spe\u0142nia r\u00f3\u017cnorodne potrzeby, niezale\u017cnie od tego, czy chcesz j\u0105 umie\u015bci\u0107 na maszcie, czy na \u015bcianie.<\/p>\n<h3>Symbol narodowy przesi\u0105kni\u0119ty histori\u0105<\/h3>\n<p>Flaga Bia\u0142orusi jest wyj\u0105tkowa i pe\u0142na symboliki. Czerwony pas symbolizuje wolno\u015b\u0107 i rewolucyjne po\u015bwi\u0119cenie, podczas gdy zielony pas symbolizuje przysz\u0142o\u015b\u0107, nadziej\u0119 i dobrobyt natury. Charakterystyczny fryz na boku, inspirowany tradycyjnymi bia\u0142oruskimi motywami, dodaje g\u0142\u0119bokiego wymiaru kulturowego, symbolizuj\u0105c bogate dziedzictwo artystyczne i historyczne kraju. Przyj\u0119ta w 1995 roku flaga nie jest tylko elementem dekoracyjnym; uciele\u015bnia narodow\u0105 i kulturow\u0105 to\u017csamo\u015b\u0107 narodu bia\u0142oruskiego.<\/p>\n<h3>Wszechstronno\u015b\u0107 zastosowania<\/h3>\n<p>Niezale\u017cnie od tego, czy jest u\u017cywana do obchod\u00f3w narodowych, wydarze\u0144 sportowych czy cel\u00f3w edukacyjnych, bia\u0142orusk\u0105 flag\u0119 mo\u017cna dostosowa\u0107 do ka\u017cdej okazji. Solidna konstrukcja i odporne na blakni\u0119cie kolory sprawiaj\u0105, \u017ce flaga zachowuje swoje znaczenie i efekt wizualny przez d\u0142ugi czas.<\/p>","protected":false},"excerpt":{"rendered":"<p>Flaga o wymiarach 150 x 90 cm z 2 solidnymi metalowymi przelotkami do bezpiecznego zawieszenia.<\/p>","protected":false},"featured_media":1823,"comment_status":"open","ping_status":"closed","template":"","meta":{"_gspb_post_css":"","iawp_total_views":8},"product_brand":[],"product_cat":[65,58],"product_tag":[],"class_list":{"0":"post-2449","1":"product","2":"type-product","3":"status-publish","4":"has-post-thumbnail","6":"product_cat-europe-flags","7":"product_cat-country-flags","9":"first","10":"instock","11":"sale","12":"shipping-taxable","13":"purchasable","14":"product-type-simple"},"_links":{"self":[{"href":"https:\/\/cosmoflag.com\/pl\/wp-json\/wp\/v2\/product\/2449","targetHints":{"allow":["GET"]}}],"collection":[{"href":"https:\/\/cosmoflag.com\/pl\/wp-json\/wp\/v2\/product"}],"about":[{"href":"https:\/\/cosmoflag.com\/pl\/wp-json\/wp\/v2\/types\/product"}],"replies":[{"embeddable":true,"href":"https:\/\/cosmoflag.com\/pl\/wp-json\/wp\/v2\/comments?post=2449"}],"wp:featuredmedia":[{"embeddable":true,"href":"https:\/\/cosmoflag.com\/pl\/wp-json\/wp\/v2\/media\/1823"}],"wp:attachment":[{"href":"https:\/\/cosmoflag.com\/pl\/wp-json\/wp\/v2\/media?parent=2449"}],"wp:term":[{"taxonomy":"product_brand","embeddable":true,"href":"https:\/\/cosmoflag.com\/pl\/wp-json\/wp\/v2\/product_brand?post=2449"},{"taxonomy":"product_cat","embeddable":true,"href":"https:\/\/cosmoflag.com\/pl\/wp-json\/wp\/v2\/product_cat?post=2449"},{"taxonomy":"product_tag","embeddable":true,"href":"https:\/\/cosmoflag.com\/pl\/wp-json\/wp\/v2\/product_tag?post=2449"}],"curies":[{"name":"wp","href":"https:\/\/api.w.org\/{rel}","templated":true}]}}