{"id":2446,"date":"2024-12-16T13:59:00","date_gmt":"2024-12-16T11:59:00","guid":{"rendered":"https:\/\/cosmoflag.com\/?post_type=product&#038;p=2446"},"modified":"2025-08-12T21:20:54","modified_gmt":"2025-08-12T19:20:54","slug":"flaga-algierii","status":"publish","type":"product","link":"https:\/\/cosmoflag.com\/pl\/produkt\/flaga-algierii\/","title":{"rendered":"Flaga Algierii"},"content":{"rendered":"<h3>Cechy flagi Algierii<\/h3>\n<p>Nasza flaga Algierii jest wykonana z wysokiej jako\u015bci poliestru, dzi\u0119ki czemu idealnie nadaje si\u0119 do trwa\u0142ego u\u017cytku wewn\u0105trz i na zewn\u0105trz. Posiada metalowe przelotki u\u0142atwiaj\u0105ce monta\u017c i gwarantuj\u0105ce trwa\u0142o\u015b\u0107 nawet w niesprzyjaj\u0105cych warunkach pogodowych. Dost\u0119pna w rozmiarze 90 x 150 cm\/35 x 59 cali dla maksymalnej widoczno\u015bci, nasza flaga spe\u0142nia r\u00f3\u017cne potrzeby, niezale\u017cnie od tego, czy chcesz j\u0105 wyeksponowa\u0107 na maszcie, czy na \u015bcianie.<\/p>\n<h3>Symbol narodowy przesi\u0105kni\u0119ty histori\u0105<\/h3>\n<p>Flaga Algierii, z dwiema pionowymi po\u0142\u00f3wkami w kolorze zielonym i bia\u0142ym, czerwonym p\u00f3\u0142ksi\u0119\u017cycem i pi\u0119cioramienn\u0105 gwiazd\u0105 po\u015brodku, to znacznie wi\u0119cej ni\u017c tylko sztandar narodowy. Przyj\u0119ta w 1962 roku, po uzyskaniu niepodleg\u0142o\u015bci od Francji, ziele\u0144 symbolizuje islam, biel reprezentuje czysto\u015b\u0107, a czerwie\u0144 jest znakiem wolno\u015bci. P\u00f3\u0142ksi\u0119\u017cyc i gwiazda to tradycyjne symbole islamu, ale tak\u017ce przypomnienie rewolucji i walki o niepodleg\u0142o\u015b\u0107. Ta flaga to nie tylko element dekoracyjny; uosabia aspiracje, odwag\u0119 i to\u017csamo\u015b\u0107 narodu algierskiego.<\/p>\n<h3>Wszechstronno\u015b\u0107 zastosowania<\/h3>\n<p>Niezale\u017cnie od tego, czy chodzi o uroczysto\u015bci pa\u0144stwowe, wydarzenia sportowe czy cele edukacyjne, flaga Algierii jest odpowiednia na ka\u017cd\u0105 okazj\u0119. Wytrzyma\u0142a konstrukcja i odporne na blakni\u0119cie kolory sprawiaj\u0105, \u017ce flaga zachowuje swoje znaczenie i efekt wizualny przez d\u0142ugi czas.<\/p>","protected":false},"excerpt":{"rendered":"<p>Flaga o wymiarach 150 x 90 cm z 2 solidnymi metalowymi przelotkami do bezpiecznego zawieszenia.<\/p>","protected":false},"featured_media":1795,"comment_status":"open","ping_status":"closed","template":"","meta":{"_gspb_post_css":"","iawp_total_views":16},"product_brand":[],"product_cat":[60,58],"product_tag":[],"class_list":{"0":"post-2446","1":"product","2":"type-product","3":"status-publish","4":"has-post-thumbnail","6":"product_cat-africa-flags","7":"product_cat-country-flags","9":"first","10":"instock","11":"sale","12":"shipping-taxable","13":"purchasable","14":"product-type-simple"},"_links":{"self":[{"href":"https:\/\/cosmoflag.com\/pl\/wp-json\/wp\/v2\/product\/2446","targetHints":{"allow":["GET"]}}],"collection":[{"href":"https:\/\/cosmoflag.com\/pl\/wp-json\/wp\/v2\/product"}],"about":[{"href":"https:\/\/cosmoflag.com\/pl\/wp-json\/wp\/v2\/types\/product"}],"replies":[{"embeddable":true,"href":"https:\/\/cosmoflag.com\/pl\/wp-json\/wp\/v2\/comments?post=2446"}],"wp:featuredmedia":[{"embeddable":true,"href":"https:\/\/cosmoflag.com\/pl\/wp-json\/wp\/v2\/media\/1795"}],"wp:attachment":[{"href":"https:\/\/cosmoflag.com\/pl\/wp-json\/wp\/v2\/media?parent=2446"}],"wp:term":[{"taxonomy":"product_brand","embeddable":true,"href":"https:\/\/cosmoflag.com\/pl\/wp-json\/wp\/v2\/product_brand?post=2446"},{"taxonomy":"product_cat","embeddable":true,"href":"https:\/\/cosmoflag.com\/pl\/wp-json\/wp\/v2\/product_cat?post=2446"},{"taxonomy":"product_tag","embeddable":true,"href":"https:\/\/cosmoflag.com\/pl\/wp-json\/wp\/v2\/product_tag?post=2446"}],"curies":[{"name":"wp","href":"https:\/\/api.w.org\/{rel}","templated":true}]}}