{"id":2445,"date":"2024-12-16T13:56:00","date_gmt":"2024-12-16T11:56:00","guid":{"rendered":"https:\/\/cosmoflag.com\/?post_type=product&#038;p=2445"},"modified":"2025-08-12T21:20:54","modified_gmt":"2025-08-12T19:20:54","slug":"flaga-libanu","status":"publish","type":"product","link":"https:\/\/cosmoflag.com\/pl\/produkt\/flaga-libanu\/","title":{"rendered":"Flaga Libanu"},"content":{"rendered":"<h3>Cechy flagi Libanu<\/h3>\n<p>Nasza flaga Libanu jest wykonana z wysokiej jako\u015bci poliestru, dzi\u0119ki czemu idealnie nadaje si\u0119 do d\u0142ugotrwa\u0142ego u\u017cytkowania, zar\u00f3wno wewn\u0105trz, jak i na zewn\u0105trz. Posiada metalowe przelotki u\u0142atwiaj\u0105ce instalacj\u0119 i bezpieczne mocowanie, nawet w niesprzyjaj\u0105cych warunkach pogodowych. Dost\u0119pna w rozmiarze 90 x 150 cm\/35 x 59 cali dla maksymalnej widoczno\u015bci, nasza flaga spe\u0142nia r\u00f3\u017cne potrzeby, niezale\u017cnie od tego, czy chcesz j\u0105 wyeksponowa\u0107 na maszcie, czy na \u015bcianie.<\/p>\n<h3>Symbol narodowy przesi\u0105kni\u0119ty histori\u0105<\/h3>\n<p>Flaga Libanu, z dwoma poziomymi czerwonymi pasami otaczaj\u0105cymi centralny bia\u0142y pas, w kt\u00f3ry wkomponowany jest zielony cedr, jest czym\u015b wi\u0119cej ni\u017c zwyk\u0142ym sztandarem narodowym. Przyj\u0119ta w 1943 roku czerwie\u0144 symbolizuje krew przelan\u0105 za niepodleg\u0142o\u015b\u0107, biel reprezentuje spok\u00f3j i czysto\u015b\u0107 o\u015bnie\u017conych g\u00f3r kraju, a zielony cedr jest symbolem \u015bwi\u0119to\u015bci, pokoju i wieczno\u015bci, g\u0142\u0119boko zakorzenionym w liba\u0144skiej historii i kulturze. Ta flaga nie jest tylko elementem dekoracyjnym; uosabia histori\u0119, r\u00f3\u017cnorodno\u015b\u0107 i aspiracje narodu liba\u0144skiego.<\/p>\n<h3>Wszechstronno\u015b\u0107 zastosowania<\/h3>\n<p>Niezale\u017cnie od tego, czy chodzi o uroczysto\u015bci narodowe, wydarzenia kulturalne czy cele edukacyjne, flaga Libanu jest odpowiednia na ka\u017cd\u0105 okazj\u0119. Solidna konstrukcja i odporne na blakni\u0119cie kolory sprawiaj\u0105, \u017ce flaga zachowuje swoje znaczenie i efekt wizualny przez d\u0142ugi czas.<\/p>","protected":false},"excerpt":{"rendered":"<p>Flaga o wymiarach 150 x 90 cm z 2 solidnymi metalowymi przelotkami do bezpiecznego zawieszenia.<\/p>","protected":false},"featured_media":2047,"comment_status":"open","ping_status":"closed","template":"","meta":{"_gspb_post_css":"","iawp_total_views":32},"product_brand":[],"product_cat":[66,58],"product_tag":[],"class_list":{"0":"post-2445","1":"product","2":"type-product","3":"status-publish","4":"has-post-thumbnail","6":"product_cat-middle-east-flags","7":"product_cat-country-flags","9":"first","10":"instock","11":"sale","12":"shipping-taxable","13":"purchasable","14":"product-type-simple"},"_links":{"self":[{"href":"https:\/\/cosmoflag.com\/pl\/wp-json\/wp\/v2\/product\/2445","targetHints":{"allow":["GET"]}}],"collection":[{"href":"https:\/\/cosmoflag.com\/pl\/wp-json\/wp\/v2\/product"}],"about":[{"href":"https:\/\/cosmoflag.com\/pl\/wp-json\/wp\/v2\/types\/product"}],"replies":[{"embeddable":true,"href":"https:\/\/cosmoflag.com\/pl\/wp-json\/wp\/v2\/comments?post=2445"}],"wp:featuredmedia":[{"embeddable":true,"href":"https:\/\/cosmoflag.com\/pl\/wp-json\/wp\/v2\/media\/2047"}],"wp:attachment":[{"href":"https:\/\/cosmoflag.com\/pl\/wp-json\/wp\/v2\/media?parent=2445"}],"wp:term":[{"taxonomy":"product_brand","embeddable":true,"href":"https:\/\/cosmoflag.com\/pl\/wp-json\/wp\/v2\/product_brand?post=2445"},{"taxonomy":"product_cat","embeddable":true,"href":"https:\/\/cosmoflag.com\/pl\/wp-json\/wp\/v2\/product_cat?post=2445"},{"taxonomy":"product_tag","embeddable":true,"href":"https:\/\/cosmoflag.com\/pl\/wp-json\/wp\/v2\/product_tag?post=2445"}],"curies":[{"name":"wp","href":"https:\/\/api.w.org\/{rel}","templated":true}]}}