{"id":2433,"date":"2024-12-15T22:25:00","date_gmt":"2024-12-15T20:25:00","guid":{"rendered":"https:\/\/cosmoflag.com\/?post_type=product&#038;p=2433"},"modified":"2025-08-12T21:20:58","modified_gmt":"2025-08-12T19:20:58","slug":"flaga-chin","status":"publish","type":"product","link":"https:\/\/cosmoflag.com\/pl\/produkt\/flaga-chin\/","title":{"rendered":"Flaga Chin"},"content":{"rendered":"<h3>Cechy flagi Chin<\/h3>\n<p>Nasza flaga Chin jest wykonana z wysokiej jako\u015bci poliestru, dzi\u0119ki czemu idealnie nadaje si\u0119 do trwa\u0142ego u\u017cytku wewn\u0105trz i na zewn\u0105trz. Posiada metalowe przelotki u\u0142atwiaj\u0105ce monta\u017c i gwarantuj\u0105ce trwa\u0142o\u015b\u0107 nawet w niesprzyjaj\u0105cych warunkach pogodowych. Dost\u0119pna w rozmiarze 90 x 150 cm\/35 x 59 cali, nasza flaga spe\u0142nia r\u00f3\u017cne potrzeby, niezale\u017cnie od tego, czy chcesz j\u0105 wyeksponowa\u0107 na maszcie, czy na \u015bcianie.<\/p>\n<h3>Symbol narodowy przesi\u0105kni\u0119ty histori\u0105<\/h3>\n<p>Flaga Chin, znana r\u00f3wnie\u017c jako \"Pi\u0119cioramienny Sztandar\", ma jasnoczerwone pole z pi\u0119cioma \u017c\u00f3\u0142tymi gwiazdami w lewym g\u00f3rnym rogu. Du\u017ca gwiazda reprezentuje Komunistyczn\u0105 Parti\u0119 Chin, a cztery mniejsze gwiazdy symbolizuj\u0105 cztery klasy spo\u0142eczne opisane przez Mao Zedonga: robotnik\u00f3w, ch\u0142op\u00f3w, drobnomieszcza\u0144stwo i patriotycznych kapitalist\u00f3w. Przyj\u0119ty w 1949 r. czerwony kolor symbolizuje rewolucj\u0119 komunistyczn\u0105, a gwiazdy reprezentuj\u0105 jedno\u015b\u0107 narodu chi\u0144skiego pod przyw\u00f3dztwem partii.<\/p>\n<h3>Wszechstronno\u015b\u0107 zastosowania<\/h3>\n<p>Niezale\u017cnie od tego, czy chodzi o obchody narodowe, wydarzenia polityczne, wydarzenia sportowe czy cele edukacyjne, chi\u0144ska flaga jest odpowiednia na ka\u017cd\u0105 okazj\u0119. Wytrzyma\u0142a konstrukcja i odporne na blakni\u0119cie kolory sprawiaj\u0105, \u017ce flaga zachowuje swoje znaczenie i efekt wizualny przez d\u0142ugi czas.<\/p>","protected":false},"excerpt":{"rendered":"<p>Flaga o wymiarach 150 x 90 cm z 2 solidnymi metalowymi przelotkami do bezpiecznego zawieszenia.<\/p>","protected":false},"featured_media":1863,"comment_status":"open","ping_status":"closed","template":"","meta":{"_gspb_post_css":"","iawp_total_views":19},"product_brand":[],"product_cat":[64,58],"product_tag":[],"class_list":{"0":"post-2433","1":"product","2":"type-product","3":"status-publish","4":"has-post-thumbnail","6":"product_cat-asia-flags","7":"product_cat-country-flags","9":"first","10":"instock","11":"sale","12":"shipping-taxable","13":"purchasable","14":"product-type-simple"},"_links":{"self":[{"href":"https:\/\/cosmoflag.com\/pl\/wp-json\/wp\/v2\/product\/2433","targetHints":{"allow":["GET"]}}],"collection":[{"href":"https:\/\/cosmoflag.com\/pl\/wp-json\/wp\/v2\/product"}],"about":[{"href":"https:\/\/cosmoflag.com\/pl\/wp-json\/wp\/v2\/types\/product"}],"replies":[{"embeddable":true,"href":"https:\/\/cosmoflag.com\/pl\/wp-json\/wp\/v2\/comments?post=2433"}],"wp:featuredmedia":[{"embeddable":true,"href":"https:\/\/cosmoflag.com\/pl\/wp-json\/wp\/v2\/media\/1863"}],"wp:attachment":[{"href":"https:\/\/cosmoflag.com\/pl\/wp-json\/wp\/v2\/media?parent=2433"}],"wp:term":[{"taxonomy":"product_brand","embeddable":true,"href":"https:\/\/cosmoflag.com\/pl\/wp-json\/wp\/v2\/product_brand?post=2433"},{"taxonomy":"product_cat","embeddable":true,"href":"https:\/\/cosmoflag.com\/pl\/wp-json\/wp\/v2\/product_cat?post=2433"},{"taxonomy":"product_tag","embeddable":true,"href":"https:\/\/cosmoflag.com\/pl\/wp-json\/wp\/v2\/product_tag?post=2433"}],"curies":[{"name":"wp","href":"https:\/\/api.w.org\/{rel}","templated":true}]}}