{"id":2424,"date":"2024-12-15T21:56:00","date_gmt":"2024-12-15T19:56:00","guid":{"rendered":"https:\/\/cosmoflag.com\/?post_type=product&#038;p=2424"},"modified":"2025-08-12T21:23:02","modified_gmt":"2025-08-12T19:23:02","slug":"flaga-syrii","status":"publish","type":"product","link":"https:\/\/cosmoflag.com\/pl\/produkt\/flaga-syrii\/","title":{"rendered":"Flaga Syrii"},"content":{"rendered":"<h3>Cechy flagi Syrii<\/h3>\n<p>Nasza flaga Syrii jest wykonana z wysokiej jako\u015bci poliestru, dzi\u0119ki czemu idealnie nadaje si\u0119 do d\u0142ugotrwa\u0142ego u\u017cytkowania, zar\u00f3wno wewn\u0105trz, jak i na zewn\u0105trz. Posiada metalowe przelotki u\u0142atwiaj\u0105ce monta\u017c i gwarantuj\u0105ce trwa\u0142o\u015b\u0107 nawet w niesprzyjaj\u0105cych warunkach pogodowych. Dost\u0119pna w rozmiarze 90 x 150 cm\/35 x 59 cali dla maksymalnej widoczno\u015bci, nasza flaga spe\u0142nia r\u00f3\u017cnorodne potrzeby, niezale\u017cnie od tego, czy chcesz j\u0105 umie\u015bci\u0107 na maszcie, czy na \u015bcianie.<\/p>\n<h3>Symbol narodowy przesi\u0105kni\u0119ty histori\u0105<\/h3>\n<p>Obecna flaga Syrii zosta\u0142a przyj\u0119ta w 1980 roku i jest powrotem do flagi u\u017cywanej w latach 1958-1961, kiedy istnia\u0142a Zjednoczona Republika Arabska, obejmuj\u0105ca Egipt i Syri\u0119. Flaga sk\u0142ada si\u0119 z trzech poziomych pas\u00f3w w kolorach czerwonym, bia\u0142ym i czarnym, z dwiema zielonymi gwiazdami na bia\u0142ym pasie. Kolory s\u0105 panarabskie i symbolizuj\u0105 jedno\u015b\u0107 i niezale\u017cno\u015b\u0107 narod\u00f3w arabskich. Zielone gwiazdy reprezentuj\u0105 Syri\u0119 i Egipt.<\/p>\n<h3>Wszechstronno\u015b\u0107 zastosowania<\/h3>\n<p>Niezale\u017cnie od tego, czy chodzi o uroczysto\u015bci narodowe, wydarzenia sportowe, wydarzenia kulturalne czy cele edukacyjne, flaga Syrii jest odpowiednia na ka\u017cd\u0105 okazj\u0119. Solidna konstrukcja i odporne na blakni\u0119cie kolory zapewniaj\u0105, \u017ce flaga z czasem zachowa swoje znaczenie i efekt wizualny.<\/p>","protected":false},"excerpt":{"rendered":"<p>Flaga o wymiarach 150 x 90 cm z 2 solidnymi metalowymi przelotkami do bezpiecznego zawieszenia.<\/p>","protected":false},"featured_media":1689,"comment_status":"open","ping_status":"closed","template":"","meta":{"_gspb_post_css":"","iawp_total_views":12},"product_brand":[],"product_cat":[60,58],"product_tag":[],"class_list":{"0":"post-2424","1":"product","2":"type-product","3":"status-publish","4":"has-post-thumbnail","6":"product_cat-africa-flags","7":"product_cat-country-flags","9":"first","10":"instock","11":"sale","12":"shipping-taxable","13":"purchasable","14":"product-type-simple"},"_links":{"self":[{"href":"https:\/\/cosmoflag.com\/pl\/wp-json\/wp\/v2\/product\/2424","targetHints":{"allow":["GET"]}}],"collection":[{"href":"https:\/\/cosmoflag.com\/pl\/wp-json\/wp\/v2\/product"}],"about":[{"href":"https:\/\/cosmoflag.com\/pl\/wp-json\/wp\/v2\/types\/product"}],"replies":[{"embeddable":true,"href":"https:\/\/cosmoflag.com\/pl\/wp-json\/wp\/v2\/comments?post=2424"}],"wp:featuredmedia":[{"embeddable":true,"href":"https:\/\/cosmoflag.com\/pl\/wp-json\/wp\/v2\/media\/1689"}],"wp:attachment":[{"href":"https:\/\/cosmoflag.com\/pl\/wp-json\/wp\/v2\/media?parent=2424"}],"wp:term":[{"taxonomy":"product_brand","embeddable":true,"href":"https:\/\/cosmoflag.com\/pl\/wp-json\/wp\/v2\/product_brand?post=2424"},{"taxonomy":"product_cat","embeddable":true,"href":"https:\/\/cosmoflag.com\/pl\/wp-json\/wp\/v2\/product_cat?post=2424"},{"taxonomy":"product_tag","embeddable":true,"href":"https:\/\/cosmoflag.com\/pl\/wp-json\/wp\/v2\/product_tag?post=2424"}],"curies":[{"name":"wp","href":"https:\/\/api.w.org\/{rel}","templated":true}]}}