{"id":2411,"date":"2024-12-15T21:17:00","date_gmt":"2024-12-15T19:17:00","guid":{"rendered":"https:\/\/cosmoflag.com\/?post_type=product&#038;p=2411"},"modified":"2025-08-12T21:23:05","modified_gmt":"2025-08-12T19:23:05","slug":"flaga-hiszpanii","status":"publish","type":"product","link":"https:\/\/cosmoflag.com\/pl\/produkt\/flaga-hiszpanii\/","title":{"rendered":"Flaga Hiszpanii"},"content":{"rendered":"<h3>Cechy hiszpa\u0144skiej flagi<\/h3>\n<p>Nasza flaga Hiszpanii jest wykonana z wysokiej jako\u015bci poliestru, dzi\u0119ki czemu idealnie nadaje si\u0119 do d\u0142ugotrwa\u0142ego u\u017cytkowania, zar\u00f3wno wewn\u0105trz, jak i na zewn\u0105trz. Posiada metalowe przelotki u\u0142atwiaj\u0105ce monta\u017c i gwarantuj\u0105ce trwa\u0142o\u015b\u0107 nawet w niesprzyjaj\u0105cych warunkach pogodowych. Dost\u0119pna w rozmiarze 90 x 150 cm\/35 x 59 cali dla maksymalnej widoczno\u015bci, nasza flaga spe\u0142nia r\u00f3\u017cnorodne potrzeby, niezale\u017cnie od tego, czy chcesz j\u0105 wyeksponowa\u0107 na maszcie, czy na \u015bcianie.<\/p>\n<h3>Symbol narodowy przesi\u0105kni\u0119ty histori\u0105<\/h3>\n<p>Flaga Hiszpanii, oficjalnie przyj\u0119ta w 1981 roku, sk\u0142ada si\u0119 z trzech poziomych pas\u00f3w: czerwonego, \u017c\u00f3\u0142tego i czerwonego, przy czym \u017c\u00f3\u0142ty pas jest dwa razy szerszy od ka\u017cdego czerwonego. Po lewej stronie znajduje si\u0119 herb narodowy, kt\u00f3ry sk\u0142ada si\u0119 z szeregu element\u00f3w heraldycznych reprezentuj\u0105cych r\u00f3\u017cne historyczne kr\u00f3lestwa Hiszpanii, a tak\u017ce kolumny po ka\u017cdej stronie otoczonej koron\u0105 i emblematem \u201cPlus Ultra\u201d.<\/p>\n<h3>Wszechstronno\u015b\u0107 zastosowania<\/h3>\n<p>Niezale\u017cnie od tego, czy chodzi o uroczysto\u015bci narodowe, wydarzenia sportowe, wydarzenia kulturalne czy cele edukacyjne, hiszpa\u0144ska flaga jest odpowiednia na ka\u017cd\u0105 okazj\u0119. Solidna konstrukcja i odporne na blakni\u0119cie kolory sprawiaj\u0105, \u017ce flaga zachowuje swoje znaczenie i efekt wizualny przez d\u0142ugi czas.<\/p>","protected":false},"excerpt":{"rendered":"<p>Flaga o wymiarach 150 x 90 cm z 2 solidnymi metalowymi przelotkami do bezpiecznego zawieszenia.<\/p>","protected":false},"featured_media":1407,"comment_status":"open","ping_status":"closed","template":"","meta":{"_gspb_post_css":"","iawp_total_views":53},"product_brand":[],"product_cat":[65,58],"product_tag":[],"class_list":{"0":"post-2411","1":"product","2":"type-product","3":"status-publish","4":"has-post-thumbnail","6":"product_cat-europe-flags","7":"product_cat-country-flags","9":"first","10":"instock","11":"sale","12":"shipping-taxable","13":"purchasable","14":"product-type-simple"},"_links":{"self":[{"href":"https:\/\/cosmoflag.com\/pl\/wp-json\/wp\/v2\/product\/2411","targetHints":{"allow":["GET"]}}],"collection":[{"href":"https:\/\/cosmoflag.com\/pl\/wp-json\/wp\/v2\/product"}],"about":[{"href":"https:\/\/cosmoflag.com\/pl\/wp-json\/wp\/v2\/types\/product"}],"replies":[{"embeddable":true,"href":"https:\/\/cosmoflag.com\/pl\/wp-json\/wp\/v2\/comments?post=2411"}],"wp:featuredmedia":[{"embeddable":true,"href":"https:\/\/cosmoflag.com\/pl\/wp-json\/wp\/v2\/media\/1407"}],"wp:attachment":[{"href":"https:\/\/cosmoflag.com\/pl\/wp-json\/wp\/v2\/media?parent=2411"}],"wp:term":[{"taxonomy":"product_brand","embeddable":true,"href":"https:\/\/cosmoflag.com\/pl\/wp-json\/wp\/v2\/product_brand?post=2411"},{"taxonomy":"product_cat","embeddable":true,"href":"https:\/\/cosmoflag.com\/pl\/wp-json\/wp\/v2\/product_cat?post=2411"},{"taxonomy":"product_tag","embeddable":true,"href":"https:\/\/cosmoflag.com\/pl\/wp-json\/wp\/v2\/product_tag?post=2411"}],"curies":[{"name":"wp","href":"https:\/\/api.w.org\/{rel}","templated":true}]}}