{"id":2410,"date":"2024-12-15T21:10:00","date_gmt":"2024-12-15T19:10:00","guid":{"rendered":"https:\/\/cosmoflag.com\/?post_type=product&#038;p=2410"},"modified":"2025-11-30T23:47:08","modified_gmt":"2025-11-30T21:47:08","slug":"flaga-kenii","status":"publish","type":"product","link":"https:\/\/cosmoflag.com\/pl\/produkt\/flaga-kenii\/","title":{"rendered":"Flaga Kenii"},"content":{"rendered":"<h3>Cechy flagi Kenii<\/h3>\n<p>Nasza flaga Kenii jest wykonana z wysokiej jako\u015bci poliestru, dzi\u0119ki czemu idealnie nadaje si\u0119 do trwa\u0142ego u\u017cytku wewn\u0105trz i na zewn\u0105trz. Posiada metalowe przelotki u\u0142atwiaj\u0105ce monta\u017c i gwarantuj\u0105ce trwa\u0142o\u015b\u0107 nawet w niesprzyjaj\u0105cych warunkach pogodowych. Dost\u0119pna w rozmiarze 90 x 150 cm\/35 x 59 cali dla maksymalnej widoczno\u015bci, nasza flaga spe\u0142nia r\u00f3\u017cne potrzeby, niezale\u017cnie od tego, czy chcesz j\u0105 wyeksponowa\u0107 na maszcie, czy na \u015bcianie.<\/p>\n<h3>Symbol narodowy przesi\u0105kni\u0119ty histori\u0105<\/h3>\n<p>Flaga Kenii, przyj\u0119ta po uzyskaniu niepodleg\u0142o\u015bci w 1963 r., sk\u0142ada si\u0119 z trzech du\u017cych poziomych pas\u00f3w w kolorach czarnym, czerwonym i zielonym, oddzielonych cienkimi bia\u0142ymi paskami. Czer\u0144 reprezentuje wi\u0119kszo\u015b\u0107 populacji, czerwie\u0144 symbolizuje krew przelan\u0105 za niepodleg\u0142o\u015b\u0107, ziele\u0144 przywo\u0142uje zasoby naturalne i rolnictwo, a bia\u0142e pasy reprezentuj\u0105 pok\u00f3j i jedno\u015b\u0107. Po\u015brodku czerwono-bia\u0142o-czarna tarcza Masaj\u00f3w z dwiema skrzy\u017cowanymi w\u0142\u00f3czniami symbolizuje obron\u0119 wszystkich tych warto\u015bci.<\/p>\n<h3>Wszechstronno\u015b\u0107 zastosowania<\/h3>\n<p>Niezale\u017cnie od tego, czy chodzi o uroczysto\u015bci narodowe, wydarzenia sportowe, wydarzenia kulturalne czy cele edukacyjne, flaga Kenii jest odpowiednia na ka\u017cd\u0105 okazj\u0119. Wytrzyma\u0142a konstrukcja i odporne na blakni\u0119cie kolory sprawiaj\u0105, \u017ce flaga zachowuje swoje znaczenie i efekt wizualny przez d\u0142ugi czas.<\/p>","protected":false},"excerpt":{"rendered":"<p>Flaga o wymiarach 150 x 90 cm z 2 solidnymi metalowymi przelotkami do bezpiecznego zawieszenia.<\/p>","protected":false},"featured_media":1186,"comment_status":"open","ping_status":"closed","template":"","meta":{"_gspb_post_css":"","iawp_total_views":23},"product_brand":[],"product_cat":[60,58],"product_tag":[],"class_list":{"0":"post-2410","1":"product","2":"type-product","3":"status-publish","4":"has-post-thumbnail","6":"product_cat-africa-flags","7":"product_cat-country-flags","9":"first","10":"instock","11":"sale","12":"shipping-taxable","13":"purchasable","14":"product-type-simple"},"_links":{"self":[{"href":"https:\/\/cosmoflag.com\/pl\/wp-json\/wp\/v2\/product\/2410","targetHints":{"allow":["GET"]}}],"collection":[{"href":"https:\/\/cosmoflag.com\/pl\/wp-json\/wp\/v2\/product"}],"about":[{"href":"https:\/\/cosmoflag.com\/pl\/wp-json\/wp\/v2\/types\/product"}],"replies":[{"embeddable":true,"href":"https:\/\/cosmoflag.com\/pl\/wp-json\/wp\/v2\/comments?post=2410"}],"wp:featuredmedia":[{"embeddable":true,"href":"https:\/\/cosmoflag.com\/pl\/wp-json\/wp\/v2\/media\/1186"}],"wp:attachment":[{"href":"https:\/\/cosmoflag.com\/pl\/wp-json\/wp\/v2\/media?parent=2410"}],"wp:term":[{"taxonomy":"product_brand","embeddable":true,"href":"https:\/\/cosmoflag.com\/pl\/wp-json\/wp\/v2\/product_brand?post=2410"},{"taxonomy":"product_cat","embeddable":true,"href":"https:\/\/cosmoflag.com\/pl\/wp-json\/wp\/v2\/product_cat?post=2410"},{"taxonomy":"product_tag","embeddable":true,"href":"https:\/\/cosmoflag.com\/pl\/wp-json\/wp\/v2\/product_tag?post=2410"}],"curies":[{"name":"wp","href":"https:\/\/api.w.org\/{rel}","templated":true}]}}