{"id":2408,"date":"2024-12-15T21:04:00","date_gmt":"2024-12-15T19:04:00","guid":{"rendered":"https:\/\/cosmoflag.com\/?post_type=product&#038;p=2408"},"modified":"2025-08-12T21:23:06","modified_gmt":"2025-08-12T19:23:06","slug":"flaga-chile","status":"publish","type":"product","link":"https:\/\/cosmoflag.com\/pl\/produkt\/flaga-chile\/","title":{"rendered":"Flaga Chile"},"content":{"rendered":"<h3>Cechy flagi Chile<\/h3>\n<p>Nasza flaga Chile jest wykonana z wysokiej jako\u015bci poliestru, dzi\u0119ki czemu idealnie nadaje si\u0119 do d\u0142ugotrwa\u0142ego u\u017cytkowania, zar\u00f3wno wewn\u0105trz, jak i na zewn\u0105trz. Posiada metalowe przelotki u\u0142atwiaj\u0105ce monta\u017c i gwarantuj\u0105ce trwa\u0142o\u015b\u0107 nawet w niesprzyjaj\u0105cych warunkach pogodowych. Dost\u0119pna w rozmiarze 90 x 150 cm\/35 x 59 cali dla maksymalnej widoczno\u015bci, nasza flaga spe\u0142nia r\u00f3\u017cne potrzeby, niezale\u017cnie od tego, czy chcesz j\u0105 wyeksponowa\u0107 na maszcie, czy na \u015bcianie.<\/p>\n<h3>Symbol narodowy przesi\u0105kni\u0119ty histori\u0105<\/h3>\n<p>Flaga Chile, znana r\u00f3wnie\u017c jako \"La Estrella Solitaria\" (Samotna Gwiazda), zosta\u0142a przyj\u0119ta w 1817 roku. Sk\u0142ada si\u0119 z dw\u00f3ch poziomych pas\u00f3w o nier\u00f3wnych rozmiarach; g\u00f3rny pas jest bia\u0142y, a dolny czerwony. W lewym g\u00f3rnym rogu, na niebieskim tle, znajduje si\u0119 bia\u0142a pi\u0119cioramienna gwiazda. Biel reprezentuje o\u015bnie\u017cone szczyty And\u00f3w, b\u0142\u0119kit symbolizuje niebo i Ocean Spokojny, czerwie\u0144 przypomina krew przelan\u0105 za niepodleg\u0142o\u015b\u0107, a gwiazda reprezentuje pa\u0144stwo, kt\u00f3re przewodzi narodowi.<\/p>\n<h3>Wszechstronno\u015b\u0107 zastosowania<\/h3>\n<p>Niezale\u017cnie od tego, czy chodzi o obchody narodowe, wydarzenia sportowe, wydarzenia kulturalne czy cele edukacyjne, chilijska flaga jest odpowiednia na ka\u017cd\u0105 okazj\u0119. Solidna konstrukcja i odporne na blakni\u0119cie kolory zapewniaj\u0105, \u017ce flaga z czasem zachowa swoje znaczenie i efekt wizualny.<\/p>","protected":false},"excerpt":{"rendered":"<p>Flaga o wymiarach 150 x 90 cm z 2 solidnymi metalowymi przelotkami do bezpiecznego zawieszenia.<\/p>","protected":false},"featured_media":1035,"comment_status":"open","ping_status":"closed","template":"","meta":{"_gspb_post_css":"","iawp_total_views":5},"product_brand":[],"product_cat":[63,58],"product_tag":[],"class_list":{"0":"post-2408","1":"product","2":"type-product","3":"status-publish","4":"has-post-thumbnail","6":"product_cat-south-america-flag","7":"product_cat-country-flags","9":"first","10":"instock","11":"sale","12":"shipping-taxable","13":"purchasable","14":"product-type-simple"},"_links":{"self":[{"href":"https:\/\/cosmoflag.com\/pl\/wp-json\/wp\/v2\/product\/2408","targetHints":{"allow":["GET"]}}],"collection":[{"href":"https:\/\/cosmoflag.com\/pl\/wp-json\/wp\/v2\/product"}],"about":[{"href":"https:\/\/cosmoflag.com\/pl\/wp-json\/wp\/v2\/types\/product"}],"replies":[{"embeddable":true,"href":"https:\/\/cosmoflag.com\/pl\/wp-json\/wp\/v2\/comments?post=2408"}],"wp:featuredmedia":[{"embeddable":true,"href":"https:\/\/cosmoflag.com\/pl\/wp-json\/wp\/v2\/media\/1035"}],"wp:attachment":[{"href":"https:\/\/cosmoflag.com\/pl\/wp-json\/wp\/v2\/media?parent=2408"}],"wp:term":[{"taxonomy":"product_brand","embeddable":true,"href":"https:\/\/cosmoflag.com\/pl\/wp-json\/wp\/v2\/product_brand?post=2408"},{"taxonomy":"product_cat","embeddable":true,"href":"https:\/\/cosmoflag.com\/pl\/wp-json\/wp\/v2\/product_cat?post=2408"},{"taxonomy":"product_tag","embeddable":true,"href":"https:\/\/cosmoflag.com\/pl\/wp-json\/wp\/v2\/product_tag?post=2408"}],"curies":[{"name":"wp","href":"https:\/\/api.w.org\/{rel}","templated":true}]}}