{"id":2396,"date":"2024-12-15T20:15:00","date_gmt":"2024-12-15T18:15:00","guid":{"rendered":"https:\/\/cosmoflag.com\/?post_type=product&#038;p=2396"},"modified":"2025-08-12T21:23:14","modified_gmt":"2025-08-12T19:23:14","slug":"flaga-nikaragui","status":"publish","type":"product","link":"https:\/\/cosmoflag.com\/pl\/produkt\/flaga-nikaragui\/","title":{"rendered":"Flaga Nikaragui"},"content":{"rendered":"<h3>Cechy flagi Nikaragui<\/h3>\n<p>Nasza flaga Nikaragui jest wykonana z wysokiej jako\u015bci poliestru, dzi\u0119ki czemu idealnie nadaje si\u0119 do d\u0142ugotrwa\u0142ego u\u017cytkowania, zar\u00f3wno wewn\u0105trz, jak i na zewn\u0105trz. Posiada metalowe przelotki u\u0142atwiaj\u0105ce monta\u017c i gwarantuj\u0105ce trwa\u0142o\u015b\u0107 nawet w niesprzyjaj\u0105cych warunkach pogodowych. Dost\u0119pna w rozmiarze 90 x 150 cm\/35 x 59 cali dla maksymalnej widoczno\u015bci, nasza flaga spe\u0142nia r\u00f3\u017cne potrzeby, niezale\u017cnie od tego, czy chcesz j\u0105 wyeksponowa\u0107 na maszcie, czy na \u015bcianie.<\/p>\n<h3>Symbol narodowy przesi\u0105kni\u0119ty histori\u0105<\/h3>\n<p>Flaga Nikaragui, przyj\u0119ta w 1908 roku, sk\u0142ada si\u0119 z trzech poziomych pas\u00f3w z niebieskim na g\u00f3rze i na dole oraz bia\u0142ym po\u015brodku, nawi\u0105zuj\u0105c do flagi Federacji \u015arodkowoameryka\u0144skiej. Po\u015brodku bia\u0142ego pasa znajduje si\u0119 god\u0142o narodowe z pi\u0119cioma wulkanami, t\u0119cz\u0105, czapk\u0105 frygijsk\u0105 i napisem \u201cRep\u00fablica de Nicaragua - Am\u00e9rica Central\u201d. Wulkany reprezentuj\u0105 pi\u0119ciu cz\u0142onk\u00f3w pierwotnej federacji, t\u0119cza symbolizuje pok\u00f3j, a czapka frygijska jest symbolem wolno\u015bci.<\/p>\n<h3>Wszechstronno\u015b\u0107 zastosowania<\/h3>\n<p>Niezale\u017cnie od tego, czy chodzi o obchody narodowe, wydarzenia sportowe, wydarzenia kulturalne czy cele edukacyjne, flaga Nikaragui jest odpowiednia na ka\u017cd\u0105 okazj\u0119. Solidna konstrukcja i odporne na blakni\u0119cie kolory sprawiaj\u0105, \u017ce flaga zachowuje swoje znaczenie i efekt wizualny przez d\u0142ugi czas.<\/p>","protected":false},"excerpt":{"rendered":"<p>Flaga o wymiarach 150 x 90 cm z 2 solidnymi metalowymi przelotkami do bezpiecznego zawieszenia.<\/p>","protected":false},"featured_media":1288,"comment_status":"open","ping_status":"closed","template":"","meta":{"_gspb_post_css":"","iawp_total_views":8},"product_brand":[],"product_cat":[61,58],"product_tag":[],"class_list":{"0":"post-2396","1":"product","2":"type-product","3":"status-publish","4":"has-post-thumbnail","6":"product_cat-central-america-flags","7":"product_cat-country-flags","9":"first","10":"instock","11":"sale","12":"shipping-taxable","13":"purchasable","14":"product-type-simple"},"_links":{"self":[{"href":"https:\/\/cosmoflag.com\/pl\/wp-json\/wp\/v2\/product\/2396","targetHints":{"allow":["GET"]}}],"collection":[{"href":"https:\/\/cosmoflag.com\/pl\/wp-json\/wp\/v2\/product"}],"about":[{"href":"https:\/\/cosmoflag.com\/pl\/wp-json\/wp\/v2\/types\/product"}],"replies":[{"embeddable":true,"href":"https:\/\/cosmoflag.com\/pl\/wp-json\/wp\/v2\/comments?post=2396"}],"wp:featuredmedia":[{"embeddable":true,"href":"https:\/\/cosmoflag.com\/pl\/wp-json\/wp\/v2\/media\/1288"}],"wp:attachment":[{"href":"https:\/\/cosmoflag.com\/pl\/wp-json\/wp\/v2\/media?parent=2396"}],"wp:term":[{"taxonomy":"product_brand","embeddable":true,"href":"https:\/\/cosmoflag.com\/pl\/wp-json\/wp\/v2\/product_brand?post=2396"},{"taxonomy":"product_cat","embeddable":true,"href":"https:\/\/cosmoflag.com\/pl\/wp-json\/wp\/v2\/product_cat?post=2396"},{"taxonomy":"product_tag","embeddable":true,"href":"https:\/\/cosmoflag.com\/pl\/wp-json\/wp\/v2\/product_tag?post=2396"}],"curies":[{"name":"wp","href":"https:\/\/api.w.org\/{rel}","templated":true}]}}