{"id":2391,"date":"2024-12-15T19:54:00","date_gmt":"2024-12-15T17:54:00","guid":{"rendered":"https:\/\/cosmoflag.com\/?post_type=product&#038;p=2391"},"modified":"2026-01-04T18:22:50","modified_gmt":"2026-01-04T16:22:50","slug":"flaga-wenezueli","status":"publish","type":"product","link":"https:\/\/cosmoflag.com\/pl\/produkt\/flaga-wenezueli\/","title":{"rendered":"Flaga Wenezueli"},"content":{"rendered":"<h3>Cechy flagi Wenezueli<\/h3>\n<p>Nasza flaga Wenezueli jest wykonana z wysokiej jako\u015bci poliestru, dzi\u0119ki czemu idealnie nadaje si\u0119 do d\u0142ugotrwa\u0142ego u\u017cytkowania, zar\u00f3wno wewn\u0105trz, jak i na zewn\u0105trz. Posiada metalowe przelotki dla \u0142atwego monta\u017cu i bezpiecznego trzymania, nawet w niesprzyjaj\u0105cych warunkach pogodowych. Dost\u0119pna w rozmiarze 90 x 150 cm\/35 x 59 cali dla maksymalnej widoczno\u015bci, nasza flaga spe\u0142nia r\u00f3\u017cnorodne potrzeby, niezale\u017cnie od tego, czy chcesz j\u0105 umie\u015bci\u0107 na maszcie, czy na \u015bcianie.<\/p>\n<h3>Symbol narodowy przesi\u0105kni\u0119ty histori\u0105<\/h3>\n<p>Przyj\u0119ta w 2006 r. flaga Wenezueli sk\u0142ada si\u0119 z trzech poziomych pas\u00f3w w kolorach \u017c\u00f3\u0142tym, niebieskim i czerwonym. \u017b\u00f3\u0142ty pas symbolizuje bogactwo kraju, niebieski pas reprezentuje morze, kt\u00f3re oddziela Wenezuel\u0119 od Hiszpanii, a czerwony pas przywo\u0142uje krew przelan\u0105 za niepodleg\u0142o\u015b\u0107. Osiem bia\u0142ych gwiazd przecina niebieski pas, reprezentuj\u0105c osiem prowincji, kt\u00f3re popar\u0142y niepodleg\u0142o\u015b\u0107. \u0141uk ma\u0142ych bia\u0142ych gwiazd reprezentuje r\u00f3wnie\u017c aspiracje do jedno\u015bci narodowej i honoru.<\/p>\n<h3>Wszechstronne zastosowanie<\/h3>\n<p>Niezale\u017cnie od tego, czy chodzi o obchody narodowe, wydarzenia sportowe, wydarzenia kulturalne czy cele edukacyjne, flaga Wenezueli jest odpowiednia na ka\u017cd\u0105 okazj\u0119. Wytrzyma\u0142a konstrukcja i odporne na blakni\u0119cie kolory sprawiaj\u0105, \u017ce flaga zachowuje swoje znaczenie i efekt wizualny przez d\u0142ugi czas.<\/p>","protected":false},"excerpt":{"rendered":"<p>Flaga o wymiarach 150 x 90 cm z 2 solidnymi metalowymi przelotkami do bezpiecznego zawieszenia.<\/p>","protected":false},"featured_media":1755,"comment_status":"open","ping_status":"closed","template":"","meta":{"_gspb_post_css":"","iawp_total_views":10},"product_brand":[],"product_cat":[63,58],"product_tag":[],"class_list":{"0":"post-2391","1":"product","2":"type-product","3":"status-publish","4":"has-post-thumbnail","6":"product_cat-south-america-flag","7":"product_cat-country-flags","9":"first","10":"instock","11":"sale","12":"shipping-taxable","13":"purchasable","14":"product-type-simple"},"_links":{"self":[{"href":"https:\/\/cosmoflag.com\/pl\/wp-json\/wp\/v2\/product\/2391","targetHints":{"allow":["GET"]}}],"collection":[{"href":"https:\/\/cosmoflag.com\/pl\/wp-json\/wp\/v2\/product"}],"about":[{"href":"https:\/\/cosmoflag.com\/pl\/wp-json\/wp\/v2\/types\/product"}],"replies":[{"embeddable":true,"href":"https:\/\/cosmoflag.com\/pl\/wp-json\/wp\/v2\/comments?post=2391"}],"wp:featuredmedia":[{"embeddable":true,"href":"https:\/\/cosmoflag.com\/pl\/wp-json\/wp\/v2\/media\/1755"}],"wp:attachment":[{"href":"https:\/\/cosmoflag.com\/pl\/wp-json\/wp\/v2\/media?parent=2391"}],"wp:term":[{"taxonomy":"product_brand","embeddable":true,"href":"https:\/\/cosmoflag.com\/pl\/wp-json\/wp\/v2\/product_brand?post=2391"},{"taxonomy":"product_cat","embeddable":true,"href":"https:\/\/cosmoflag.com\/pl\/wp-json\/wp\/v2\/product_cat?post=2391"},{"taxonomy":"product_tag","embeddable":true,"href":"https:\/\/cosmoflag.com\/pl\/wp-json\/wp\/v2\/product_tag?post=2391"}],"curies":[{"name":"wp","href":"https:\/\/api.w.org\/{rel}","templated":true}]}}