{"id":2386,"date":"2024-12-15T19:34:00","date_gmt":"2024-12-15T17:34:00","guid":{"rendered":"https:\/\/cosmoflag.com\/?post_type=product&#038;p=2386"},"modified":"2025-08-12T21:23:17","modified_gmt":"2025-08-12T19:23:17","slug":"flaga-afryki-poludniowej","status":"publish","type":"product","link":"https:\/\/cosmoflag.com\/pl\/produkt\/flaga-afryki-poludniowej\/","title":{"rendered":"Flaga Republiki Po\u0142udniowej Afryki"},"content":{"rendered":"<h3>Cechy flagi Republiki Po\u0142udniowej Afryki<\/h3>\n<p>Nasza flaga RPA jest wykonana z wysokiej jako\u015bci poliestru, dzi\u0119ki czemu idealnie nadaje si\u0119 do d\u0142ugotrwa\u0142ego u\u017cytkowania, zar\u00f3wno wewn\u0105trz, jak i na zewn\u0105trz. Posiada metalowe przelotki dla \u0142atwego monta\u017cu i bezpiecznego trzymania, nawet w niesprzyjaj\u0105cych warunkach pogodowych. Dost\u0119pna w rozmiarze 90 x 150 cm\/35 x 59 cali dla maksymalnej widoczno\u015bci, nasza flaga spe\u0142nia r\u00f3\u017cne potrzeby, niezale\u017cnie od tego, czy chcesz j\u0105 wyeksponowa\u0107 na maszcie, czy na \u015bcianie.<\/p>\n<h3>Symbol narodowy przesi\u0105kni\u0119ty histori\u0105<\/h3>\n<p>Flaga Republiki Po\u0142udniowej Afryki, przyj\u0119ta 27 kwietnia 1994 r., symbolizuje now\u0105 er\u0119 demokracji po apartheidzie. Charakteryzuje si\u0119 unikalnym wzorem z kilkoma pasami w r\u00f3\u017cnych kolorach. Nale\u017c\u0105 do nich czarny, zielony i \u017c\u00f3\u0142ty ANC (Afryka\u0144ski Kongres Narodowy) oraz czerwony, bia\u0142y i niebieski dawnych brytyjskich i holenderskich flag kolonialnych. \"Y\" w centrum symbolizuje konwergencj\u0119 narodu i post\u0119p w kierunku jedno\u015bci.<\/p>\n<h3>Wszechstronno\u015b\u0107 zastosowania<\/h3>\n<p>Niezale\u017cnie od tego, czy chodzi o uroczysto\u015bci narodowe, wydarzenia sportowe, demonstracje polityczne czy cele edukacyjne, flaga Republiki Po\u0142udniowej Afryki jest odpowiednia na ka\u017cd\u0105 okazj\u0119. Solidna konstrukcja i odporne na blakni\u0119cie kolory sprawiaj\u0105, \u017ce flaga zachowuje swoje znaczenie i efekt wizualny przez d\u0142ugi czas.<\/p>","protected":false},"excerpt":{"rendered":"<p>Flaga o wymiarach 150 x 90 cm z 2 solidnymi metalowymi przelotkami do bezpiecznego zawieszenia.<\/p>","protected":false},"featured_media":1393,"comment_status":"open","ping_status":"closed","template":"","meta":{"_gspb_post_css":"","iawp_total_views":24},"product_brand":[],"product_cat":[60,58],"product_tag":[],"class_list":{"0":"post-2386","1":"product","2":"type-product","3":"status-publish","4":"has-post-thumbnail","6":"product_cat-africa-flags","7":"product_cat-country-flags","9":"first","10":"instock","11":"sale","12":"shipping-taxable","13":"purchasable","14":"product-type-simple"},"_links":{"self":[{"href":"https:\/\/cosmoflag.com\/pl\/wp-json\/wp\/v2\/product\/2386","targetHints":{"allow":["GET"]}}],"collection":[{"href":"https:\/\/cosmoflag.com\/pl\/wp-json\/wp\/v2\/product"}],"about":[{"href":"https:\/\/cosmoflag.com\/pl\/wp-json\/wp\/v2\/types\/product"}],"replies":[{"embeddable":true,"href":"https:\/\/cosmoflag.com\/pl\/wp-json\/wp\/v2\/comments?post=2386"}],"wp:featuredmedia":[{"embeddable":true,"href":"https:\/\/cosmoflag.com\/pl\/wp-json\/wp\/v2\/media\/1393"}],"wp:attachment":[{"href":"https:\/\/cosmoflag.com\/pl\/wp-json\/wp\/v2\/media?parent=2386"}],"wp:term":[{"taxonomy":"product_brand","embeddable":true,"href":"https:\/\/cosmoflag.com\/pl\/wp-json\/wp\/v2\/product_brand?post=2386"},{"taxonomy":"product_cat","embeddable":true,"href":"https:\/\/cosmoflag.com\/pl\/wp-json\/wp\/v2\/product_cat?post=2386"},{"taxonomy":"product_tag","embeddable":true,"href":"https:\/\/cosmoflag.com\/pl\/wp-json\/wp\/v2\/product_tag?post=2386"}],"curies":[{"name":"wp","href":"https:\/\/api.w.org\/{rel}","templated":true}]}}