{"id":2379,"date":"2024-12-15T15:12:00","date_gmt":"2024-12-15T13:12:00","guid":{"rendered":"https:\/\/cosmoflag.com\/?post_type=product&#038;p=2379"},"modified":"2025-08-12T21:23:21","modified_gmt":"2025-08-12T19:23:21","slug":"flaga-uzbekistanu","status":"publish","type":"product","link":"https:\/\/cosmoflag.com\/pl\/produkt\/flaga-uzbekistanu\/","title":{"rendered":"Flaga Uzbekistanu"},"content":{"rendered":"<h3>Cechy flagi Uzbekistanu<\/h3>\n<p>Nasza flaga Uzbekistanu jest wykonana z wysokiej jako\u015bci poliestru, dzi\u0119ki czemu idealnie nadaje si\u0119 do d\u0142ugotrwa\u0142ego u\u017cytkowania, zar\u00f3wno wewn\u0105trz, jak i na zewn\u0105trz. Jest wyposa\u017cona w metalowe oczka dla \u0142atwego monta\u017cu i bezpiecznego trzymania, nawet w niesprzyjaj\u0105cych warunkach pogodowych. Dost\u0119pna w rozmiarze 90 x 150 cm\/35 x 59 cali dla maksymalnej widoczno\u015bci, nasza flaga spe\u0142nia r\u00f3\u017cnorodne potrzeby, niezale\u017cnie od tego, czy chcesz j\u0105 umie\u015bci\u0107 na maszcie, czy na \u015bcianie.<\/p>\n<h3>Symbol narodowy przesi\u0105kni\u0119ty histori\u0105<\/h3>\n<p>Przyj\u0119ta w 1991 roku, po uzyskaniu niepodleg\u0142o\u015bci od Zwi\u0105zku Radzieckiego, flaga Uzbekistanu sk\u0142ada si\u0119 z trzech poziomych pas\u00f3w w kolorach niebieskim, bia\u0142ym i zielonym, oddzielonych cienkimi czerwonymi paskami. Niebieski reprezentuje niebo i wod\u0119, symbole \u017cycia, podczas gdy bia\u0142y symbolizuje pok\u00f3j. Ziele\u0144 reprezentuje natur\u0119 i p\u0142odno\u015b\u0107, a cienkie czerwone linie symbolizuj\u0105 si\u0142\u0119 witaln\u0105 ludzi. Na trzonie znajduje si\u0119 p\u00f3\u0142ksi\u0119\u017cyc w towarzystwie dwunastu gwiazd, symbolizuj\u0105cych niepodleg\u0142o\u015b\u0107 i znak dwunastu region\u00f3w kraju.<\/p>\n<h3>Wszechstronne zastosowanie<\/h3>\n<p>Niezale\u017cnie od tego, czy chodzi o uroczysto\u015bci narodowe, wydarzenia sportowe, demonstracje polityczne czy cele edukacyjne, flaga Uzbekistanu jest odpowiednia na ka\u017cd\u0105 okazj\u0119. Solidna konstrukcja i odporne na blakni\u0119cie kolory sprawiaj\u0105, \u017ce flaga zachowuje swoje znaczenie i efekt wizualny przez d\u0142ugi czas.<\/p>","protected":false},"excerpt":{"rendered":"<p>Flaga o wymiarach 150 x 90 cm z 2 solidnymi metalowymi przelotkami do bezpiecznego zawieszenia.<\/p>","protected":false},"featured_media":1443,"comment_status":"open","ping_status":"closed","template":"","meta":{"_gspb_post_css":"","iawp_total_views":11},"product_brand":[],"product_cat":[64,58],"product_tag":[],"class_list":{"0":"post-2379","1":"product","2":"type-product","3":"status-publish","4":"has-post-thumbnail","6":"product_cat-asia-flags","7":"product_cat-country-flags","9":"first","10":"instock","11":"sale","12":"shipping-taxable","13":"purchasable","14":"product-type-simple"},"_links":{"self":[{"href":"https:\/\/cosmoflag.com\/pl\/wp-json\/wp\/v2\/product\/2379","targetHints":{"allow":["GET"]}}],"collection":[{"href":"https:\/\/cosmoflag.com\/pl\/wp-json\/wp\/v2\/product"}],"about":[{"href":"https:\/\/cosmoflag.com\/pl\/wp-json\/wp\/v2\/types\/product"}],"replies":[{"embeddable":true,"href":"https:\/\/cosmoflag.com\/pl\/wp-json\/wp\/v2\/comments?post=2379"}],"wp:featuredmedia":[{"embeddable":true,"href":"https:\/\/cosmoflag.com\/pl\/wp-json\/wp\/v2\/media\/1443"}],"wp:attachment":[{"href":"https:\/\/cosmoflag.com\/pl\/wp-json\/wp\/v2\/media?parent=2379"}],"wp:term":[{"taxonomy":"product_brand","embeddable":true,"href":"https:\/\/cosmoflag.com\/pl\/wp-json\/wp\/v2\/product_brand?post=2379"},{"taxonomy":"product_cat","embeddable":true,"href":"https:\/\/cosmoflag.com\/pl\/wp-json\/wp\/v2\/product_cat?post=2379"},{"taxonomy":"product_tag","embeddable":true,"href":"https:\/\/cosmoflag.com\/pl\/wp-json\/wp\/v2\/product_tag?post=2379"}],"curies":[{"name":"wp","href":"https:\/\/api.w.org\/{rel}","templated":true}]}}