{"id":2376,"date":"2024-12-15T14:59:00","date_gmt":"2024-12-15T12:59:00","guid":{"rendered":"https:\/\/cosmoflag.com\/?post_type=product&#038;p=2376"},"modified":"2025-08-12T21:23:23","modified_gmt":"2025-08-12T19:23:23","slug":"flaga-etiopii-z-lwem-judzkim","status":"publish","type":"product","link":"https:\/\/cosmoflag.com\/pl\/produkt\/flaga-etiopii-z-lwem-judzkim\/","title":{"rendered":"Flaga Lwa Judy z Etiopii"},"content":{"rendered":"<h3>Cechy etiopskiej flagi z lwem<\/h3>\n<p>Nasza flaga Etiopii z Lwem Judy jest wykonana z wysokiej jako\u015bci poliestru, dzi\u0119ki czemu idealnie nadaje si\u0119 do d\u0142ugotrwa\u0142ego u\u017cytkowania, zar\u00f3wno wewn\u0105trz, jak i na zewn\u0105trz. Posiada metalowe przelotki dla \u0142atwego monta\u017cu i bezpiecznego trzymania, nawet w niesprzyjaj\u0105cych warunkach pogodowych. Dost\u0119pna w rozmiarze 90 x 150 cm\/35 x 59 cali dla maksymalnej widoczno\u015bci, nasza flaga spe\u0142nia r\u00f3\u017cne potrzeby, niezale\u017cnie od tego, czy chcesz j\u0105 wyeksponowa\u0107 na maszcie, czy na \u015bcianie.<\/p>\n<h3>Symbol narodowy przesi\u0105kni\u0119ty histori\u0105<\/h3>\n<p>Ta historyczna flaga Etiopii przedstawia Lwa Judy w centrum, pot\u0119\u017cny symbol reprezentuj\u0105cy kr\u00f3la Hajle Sellasje I i maj\u0105cy podkre\u015bla\u0107 powi\u0105zania dynastii Salomon\u00f3w z rodem kr\u00f3la Dawida. Kolory flagi, zielony, \u017c\u00f3\u0142ty i czerwony, s\u0105 u\u0142o\u017cone w poziome pasy i maj\u0105 bogate znaczenie: zielony symbolizuje ziemi\u0119 i nadziej\u0119, \u017c\u00f3\u0142ty pok\u00f3j i harmoni\u0119, a czerwony po\u015bwi\u0119cenie dla niepodleg\u0142o\u015bci. Lew Judy jest cz\u0119sto przedstawiany ze sztandarem i krzy\u017cem, symbolizuj\u0105cymi zwyci\u0119stwo i ortodoksyjn\u0105 wiar\u0119 chrze\u015bcija\u0144sk\u0105.<\/p>\n<h3>Wszechstronno\u015b\u0107 zastosowania<\/h3>\n<p>Flaga ta jest cz\u0119sto u\u017cywana podczas uroczysto\u015bci kulturalnych, wydarze\u0144 historycznych i przez spo\u0142eczno\u015b\u0107 Rastafari, kt\u00f3ra czci j\u0105 jako symbol oporu przeciwko uciskowi. Solidna konstrukcja i odporne na blakni\u0119cie kolory sprawiaj\u0105, \u017ce flaga zachowuje swoje znaczenie i efekt wizualny przez d\u0142ugi czas.<\/p>","protected":false},"excerpt":{"rendered":"<p>Flaga o wymiarach 150 x 90 cm z 2 solidnymi metalowymi przelotkami do bezpiecznego zawieszenia.<\/p>","protected":false},"featured_media":1103,"comment_status":"open","ping_status":"closed","template":"","meta":{"_gspb_post_css":"","iawp_total_views":30},"product_brand":[],"product_cat":[60,58],"product_tag":[],"class_list":{"0":"post-2376","1":"product","2":"type-product","3":"status-publish","4":"has-post-thumbnail","6":"product_cat-africa-flags","7":"product_cat-country-flags","9":"first","10":"instock","11":"sale","12":"shipping-taxable","13":"purchasable","14":"product-type-simple"},"_links":{"self":[{"href":"https:\/\/cosmoflag.com\/pl\/wp-json\/wp\/v2\/product\/2376","targetHints":{"allow":["GET"]}}],"collection":[{"href":"https:\/\/cosmoflag.com\/pl\/wp-json\/wp\/v2\/product"}],"about":[{"href":"https:\/\/cosmoflag.com\/pl\/wp-json\/wp\/v2\/types\/product"}],"replies":[{"embeddable":true,"href":"https:\/\/cosmoflag.com\/pl\/wp-json\/wp\/v2\/comments?post=2376"}],"wp:featuredmedia":[{"embeddable":true,"href":"https:\/\/cosmoflag.com\/pl\/wp-json\/wp\/v2\/media\/1103"}],"wp:attachment":[{"href":"https:\/\/cosmoflag.com\/pl\/wp-json\/wp\/v2\/media?parent=2376"}],"wp:term":[{"taxonomy":"product_brand","embeddable":true,"href":"https:\/\/cosmoflag.com\/pl\/wp-json\/wp\/v2\/product_brand?post=2376"},{"taxonomy":"product_cat","embeddable":true,"href":"https:\/\/cosmoflag.com\/pl\/wp-json\/wp\/v2\/product_cat?post=2376"},{"taxonomy":"product_tag","embeddable":true,"href":"https:\/\/cosmoflag.com\/pl\/wp-json\/wp\/v2\/product_tag?post=2376"}],"curies":[{"name":"wp","href":"https:\/\/api.w.org\/{rel}","templated":true}]}}