{"id":2359,"date":"2024-12-14T23:23:00","date_gmt":"2024-12-14T21:23:00","guid":{"rendered":"https:\/\/cosmoflag.com\/?post_type=product&#038;p=2359"},"modified":"2025-08-12T21:23:28","modified_gmt":"2025-08-12T19:23:28","slug":"flaga-panamy","status":"publish","type":"product","link":"https:\/\/cosmoflag.com\/pl\/produkt\/flaga-panamy\/","title":{"rendered":"Flaga Panamy"},"content":{"rendered":"<h3>Cechy flagi panamskiej<\/h3>\n<p>Nasza flaga Panamy jest wykonana z wysokiej jako\u015bci poliestru, dzi\u0119ki czemu idealnie nadaje si\u0119 do d\u0142ugotrwa\u0142ego u\u017cytkowania, zar\u00f3wno wewn\u0105trz, jak i na zewn\u0105trz. Posiada metalowe przelotki u\u0142atwiaj\u0105ce monta\u017c i gwarantuj\u0105ce trwa\u0142o\u015b\u0107 nawet w niesprzyjaj\u0105cych warunkach pogodowych. Dost\u0119pna w rozmiarze 90 x 150 cm\/35 x 59 cali dla maksymalnej widoczno\u015bci, nasza flaga spe\u0142nia r\u00f3\u017cne potrzeby, niezale\u017cnie od tego, czy chcesz j\u0105 wyeksponowa\u0107 na maszcie, czy na \u015bcianie.<\/p>\n<h3>Symbol narodowy przesi\u0105kni\u0119ty histori\u0105<\/h3>\n<p>Flaga Panamy, oficjalnie przyj\u0119ta 4 listopada 1925 r., sk\u0142ada si\u0119 z czterech naprzemiennych prostok\u0105t\u00f3w w kolorze czerwonym i niebieskim, z dwiema bia\u0142ymi gwiazdami w czerwonym i niebieskim prostok\u0105cie. Czerwony i niebieski symbolizuj\u0105 dwie g\u0142\u00f3wne partie polityczne tamtych czas\u00f3w, promuj\u0105c ide\u0119 pokoju obywatelskiego mi\u0119dzy nimi, podczas gdy bia\u0142y symbolizuje pok\u00f3j i czysto\u015b\u0107. Gwiazdy symbolizuj\u0105 suwerenno\u015b\u0107 i integralno\u015b\u0107 kraju. Projekt ten odzwierciedla jedno\u015b\u0107 i nadziej\u0119 na harmonijn\u0105 przysz\u0142o\u015b\u0107 w\u015br\u00f3d r\u00f3\u017cnych grup politycznych i spo\u0142ecznych Panamy.<\/p>\n<h3>Wszechstronno\u015b\u0107 zastosowania<\/h3>\n<p>Niezale\u017cnie od tego, czy chodzi o uroczysto\u015bci narodowe, wydarzenia sportowe, demonstracje polityczne czy cele edukacyjne, flaga Panamy jest odpowiednia na ka\u017cd\u0105 okazj\u0119. Solidna konstrukcja i odporne na blakni\u0119cie kolory sprawiaj\u0105, \u017ce flaga zachowuje swoje znaczenie i efekt wizualny przez d\u0142ugi czas.<\/p>","protected":false},"excerpt":{"rendered":"<p>Flaga o wymiarach 150 x 90 cm z 2 solidnymi metalowymi przelotkami do bezpiecznego zawieszenia.<\/p>","protected":false},"featured_media":2124,"comment_status":"open","ping_status":"closed","template":"","meta":{"_gspb_post_css":"","iawp_total_views":9},"product_brand":[],"product_cat":[61,58],"product_tag":[],"class_list":{"0":"post-2359","1":"product","2":"type-product","3":"status-publish","4":"has-post-thumbnail","6":"product_cat-central-america-flags","7":"product_cat-country-flags","9":"first","10":"instock","11":"sale","12":"shipping-taxable","13":"purchasable","14":"product-type-simple"},"_links":{"self":[{"href":"https:\/\/cosmoflag.com\/pl\/wp-json\/wp\/v2\/product\/2359","targetHints":{"allow":["GET"]}}],"collection":[{"href":"https:\/\/cosmoflag.com\/pl\/wp-json\/wp\/v2\/product"}],"about":[{"href":"https:\/\/cosmoflag.com\/pl\/wp-json\/wp\/v2\/types\/product"}],"replies":[{"embeddable":true,"href":"https:\/\/cosmoflag.com\/pl\/wp-json\/wp\/v2\/comments?post=2359"}],"wp:featuredmedia":[{"embeddable":true,"href":"https:\/\/cosmoflag.com\/pl\/wp-json\/wp\/v2\/media\/2124"}],"wp:attachment":[{"href":"https:\/\/cosmoflag.com\/pl\/wp-json\/wp\/v2\/media?parent=2359"}],"wp:term":[{"taxonomy":"product_brand","embeddable":true,"href":"https:\/\/cosmoflag.com\/pl\/wp-json\/wp\/v2\/product_brand?post=2359"},{"taxonomy":"product_cat","embeddable":true,"href":"https:\/\/cosmoflag.com\/pl\/wp-json\/wp\/v2\/product_cat?post=2359"},{"taxonomy":"product_tag","embeddable":true,"href":"https:\/\/cosmoflag.com\/pl\/wp-json\/wp\/v2\/product_tag?post=2359"}],"curies":[{"name":"wp","href":"https:\/\/api.w.org\/{rel}","templated":true}]}}