{"id":2358,"date":"2024-12-14T23:13:00","date_gmt":"2024-12-14T21:13:00","guid":{"rendered":"https:\/\/cosmoflag.com\/?post_type=product&#038;p=2358"},"modified":"2025-08-12T21:23:28","modified_gmt":"2025-08-12T19:23:28","slug":"flaga-nato","status":"publish","type":"product","link":"https:\/\/cosmoflag.com\/pl\/produkt\/flaga-nato\/","title":{"rendered":"Flaga NATO"},"content":{"rendered":"<h3>Cechy flagi NATO<\/h3>\n<p>Nasza flaga NATO jest wykonana z wysokiej jako\u015bci poliestru, dzi\u0119ki czemu idealnie nadaje si\u0119 do d\u0142ugotrwa\u0142ego u\u017cytkowania, zar\u00f3wno wewn\u0105trz, jak i na zewn\u0105trz. Posiada metalowe przelotki u\u0142atwiaj\u0105ce monta\u017c, dzi\u0119ki czemu pozostaje na swoim miejscu nawet w niesprzyjaj\u0105cych warunkach pogodowych. Dost\u0119pna w rozmiarze 90 x 150 cm\/35 x 59 cali dla maksymalnej widoczno\u015bci, nasza flaga spe\u0142nia r\u00f3\u017cne potrzeby, niezale\u017cnie od tego, czy chcesz j\u0105 wyeksponowa\u0107 na maszcie, czy na \u015bcianie.<\/p>\n<h3>Mi\u0119dzynarodowy symbol znaczenia<\/h3>\n<p>Przyj\u0119ta w 1953 roku flaga NATO ma niebieskie t\u0142o z bia\u0142\u0105 czteroramienn\u0105 gwiazd\u0105-kompasem wskazuj\u0105c\u0105 cztery punkty kardynalne. B\u0142\u0119kit symbolizuje P\u00f3\u0142nocny Atlantyk, kt\u00f3ry \u0142\u0105czy pa\u0144stwa cz\u0142onkowskie, podczas gdy kompas reprezentuje wsp\u00f3lny kierunek tych pa\u0144stw ku wsp\u00f3lnemu pokojowi i bezpiecze\u0144stwu. Flaga jest powszechnie uznawana za symbol wsp\u00f3\u0142pracy mi\u0119dzynarodowej i zbiorowej obrony.<\/p>\n<h3>Wszechstronno\u015b\u0107 zastosowania<\/h3>\n<p>Flaga NATO jest u\u017cywana w oficjalnych kontekstach, podczas ceremonii i misji mi\u0119dzynarodowych, aby reprezentowa\u0107 jedno\u015b\u0107 i zaanga\u017cowanie pa\u0144stw cz\u0142onkowskich na rzecz wzajemnego bezpiecze\u0144stwa. Jej solidna konstrukcja i odporne na blakni\u0119cie kolory zapewniaj\u0105, \u017ce flaga zachowuje swoje znaczenie i efekt wizualny przez d\u0142ugi czas.<\/p>","protected":false},"excerpt":{"rendered":"<p>Flaga o wymiarach 150 x 90 cm z 2 solidnymi metalowymi przelotkami do bezpiecznego zawieszenia.<\/p>","protected":false},"featured_media":1268,"comment_status":"open","ping_status":"closed","template":"","meta":{"_gspb_post_css":"","iawp_total_views":21},"product_brand":[],"product_cat":[68],"product_tag":[],"class_list":{"0":"post-2358","1":"product","2":"type-product","3":"status-publish","4":"has-post-thumbnail","6":"product_cat-official-flags","8":"first","9":"instock","10":"sale","11":"shipping-taxable","12":"purchasable","13":"product-type-simple"},"_links":{"self":[{"href":"https:\/\/cosmoflag.com\/pl\/wp-json\/wp\/v2\/product\/2358","targetHints":{"allow":["GET"]}}],"collection":[{"href":"https:\/\/cosmoflag.com\/pl\/wp-json\/wp\/v2\/product"}],"about":[{"href":"https:\/\/cosmoflag.com\/pl\/wp-json\/wp\/v2\/types\/product"}],"replies":[{"embeddable":true,"href":"https:\/\/cosmoflag.com\/pl\/wp-json\/wp\/v2\/comments?post=2358"}],"wp:featuredmedia":[{"embeddable":true,"href":"https:\/\/cosmoflag.com\/pl\/wp-json\/wp\/v2\/media\/1268"}],"wp:attachment":[{"href":"https:\/\/cosmoflag.com\/pl\/wp-json\/wp\/v2\/media?parent=2358"}],"wp:term":[{"taxonomy":"product_brand","embeddable":true,"href":"https:\/\/cosmoflag.com\/pl\/wp-json\/wp\/v2\/product_brand?post=2358"},{"taxonomy":"product_cat","embeddable":true,"href":"https:\/\/cosmoflag.com\/pl\/wp-json\/wp\/v2\/product_cat?post=2358"},{"taxonomy":"product_tag","embeddable":true,"href":"https:\/\/cosmoflag.com\/pl\/wp-json\/wp\/v2\/product_tag?post=2358"}],"curies":[{"name":"wp","href":"https:\/\/api.w.org\/{rel}","templated":true}]}}